{"id":677,"date":"2022-10-23T21:12:17","date_gmt":"2022-10-23T19:12:17","guid":{"rendered":"https:\/\/printagram.com\/produkt\/wizytowki-zlocone-srebrzone\/"},"modified":"2025-11-26T17:55:50","modified_gmt":"2025-11-26T16:55:50","slug":"konfigurator-wizytowki-zlocone","status":"publish","type":"product","link":"https:\/\/printagram.com\/de\/produkt\/konfigurator-vergoldete-visitenkarten\/","title":{"rendered":"Konfigurator - Vergoldete Visitenkarten"},"content":{"rendered":"<p>Visitenkarten mit einem metallischen, konvexen Effekt. Die Ber\u00fchrung einer solchen Visitenkarte vermittelt den Eindruck von massivem, fl\u00fcssigem Metall. Die leuchtenden Metallic-Farben reflektieren das Licht deutlich und vermitteln schon aus der Ferne den Eindruck von Ausstrahlung und Einzigartigkeit.<br \/>\n<h5>Konvexe Vergoldung<\/h5>\n<p><em>Metallische konvexe Folie<\/em>. Bei dieser Technik handelt es sich um das matrixfreie Aufbringen von metallisierten Folien. Mit sehr starken Druckwalzen wird sie auf der gesamten Oberfl\u00e4che angebracht. Die metallisierte Folie haftet nur auf dem konvexen Spezialmaterial, wodurch der sch\u00f6ne Effekt einer dicken konvexen Schicht aus Gold, Silber oder einer anderen Farbe entsteht. Mehr \u00fcber diese Technik erfahren Sie in <a href=\"https:\/\/printagram.com\/de\/konvexe-vergoldung\/\">Artikel \u00fcber Reliefvergoldung<\/a>.<\/p>\n<\/p>","protected":false},"excerpt":{"rendered":"<p>Vergoldeter Visitenkarten-Konfigurator. 1- oder 2-seitiger Druck mit Soft-Touch-Laminierung (angenehm zu ber\u00fchren) oder matt Standard. Metallische Relieffolie in ausgew\u00e4hlten Farben. Personalisierung m\u00f6glich - z.B. Nummerierung oder Hinzuf\u00fcgen individueller Codes, Abrundung der Ecken und Stanzung. Papiergewicht 350 g\/m2<\/p>","protected":false},"featured_media":29032,"template":"","meta":{"_seopress_robots_primary_cat":"none","_seopress_titles_title":"","_seopress_titles_desc":"","_seopress_robots_index":""},"product_brand":[],"product_cat":[267],"product_tag":[444,448,434,446],"class_list":{"0":"post-677","1":"product","2":"type-product","3":"status-publish","4":"has-post-thumbnail","6":"product_cat-wizytowki","7":"product_tag-firma-biuro","8":"product_tag-konferencje-kursy-szkolenia","9":"product_tag-metallic-3d-zlocenie","10":"product_tag-promowanie","11":"product_shipping_class-lekkie","13":"first","14":"instock","15":"taxable","16":"shipping-taxable","17":"purchasable","18":"product-type-simple"},"_links":{"self":[{"href":"https:\/\/printagram.com\/de\/wp-json\/wp\/v2\/product\/677","targetHints":{"allow":["GET"]}}],"collection":[{"href":"https:\/\/printagram.com\/de\/wp-json\/wp\/v2\/product"}],"about":[{"href":"https:\/\/printagram.com\/de\/wp-json\/wp\/v2\/types\/product"}],"wp:featuredmedia":[{"embeddable":true,"href":"https:\/\/printagram.com\/de\/wp-json\/wp\/v2\/media\/29032"}],"wp:attachment":[{"href":"https:\/\/printagram.com\/de\/wp-json\/wp\/v2\/media?parent=677"}],"wp:term":[{"taxonomy":"product_brand","embeddable":true,"href":"https:\/\/printagram.com\/de\/wp-json\/wp\/v2\/product_brand?post=677"},{"taxonomy":"product_cat","embeddable":true,"href":"https:\/\/printagram.com\/de\/wp-json\/wp\/v2\/product_cat?post=677"},{"taxonomy":"product_tag","embeddable":true,"href":"https:\/\/printagram.com\/de\/wp-json\/wp\/v2\/product_tag?post=677"}],"curies":[{"name":"wp","href":"https:\/\/api.w.org\/{rel}","templated":true}]}}