{"id":41052,"date":"2026-01-10T18:21:29","date_gmt":"2026-01-10T17:21:29","guid":{"rendered":"https:\/\/printagram.com\/?post_type=product&#038;p=41052"},"modified":"2026-01-10T19:34:14","modified_gmt":"2026-01-10T18:34:14","slug":"plakaty-zlocone-wypukle-3d","status":"publish","type":"product","link":"https:\/\/printagram.com\/de\/produkt\/plakate-goldpraegung-3d-relief\/","title":{"rendered":"3D-Plakate mit vergoldetem Relief"},"content":{"rendered":"<p>Laminierte Poster mit metallischem Relief-Overlay.<\/p>\n<h5>Konvexe Vergoldung<\/h5>\n<p><em>Metallische konvexe Folie<\/em>. Bei dieser Technik handelt es sich um das matrixfreie Aufbringen von metallisierten Folien. Mit sehr starken Druckwalzen wird sie auf der gesamten Oberfl\u00e4che angebracht. Die metallisierte Folie haftet nur auf dem konvexen Spezialmaterial, wodurch der sch\u00f6ne Effekt einer dicken konvexen Schicht aus Gold, Silber oder einer anderen Farbe entsteht. Mehr \u00fcber diese Technik erfahren Sie in <a href=\"https:\/\/printagram.com\/de\/konvexe-vergoldung\/\">Artikel \u00fcber Reliefvergoldung<\/a>.<\/p>\n\n<h5>UV-selektive Lackierung<\/h5>\n<p>Lack, der auf eine matte Oberfl\u00e4che aufgetragen wird, bringt ausgew\u00e4hlte Elemente wie Logos, Grafiken, Namen usw. zum Gl\u00e4nzen und hebt sie sch\u00f6n hervor. Es ist auch m\u00f6glich, neue grafische Elemente zu erstellen, die aus dem richtigen Winkel sichtbar sind und das Design bereichern. So k\u00f6nnen lackierte Hintergr\u00fcnde, \"Wasserzeichen\", Muster, Texturen usw. verwendet werden. Mehr \u00fcber die Technik selbst erfahren Sie in <a href=\"https:\/\/printagram.com\/de\/punktueller-uv-lack\/\">Artikel \u00fcber UV-Lackierung<\/a>.<\/p>","protected":false},"excerpt":{"rendered":"<p>Laminierte Plakate mit Metallic-Relieffolie als Overlay. Wahlweise mit 3D-UV-Lackierung.<\/p>","protected":false},"featured_media":41053,"template":"","meta":{"_seopress_robots_primary_cat":"none","_seopress_titles_title":"","_seopress_titles_desc":"","_seopress_robots_index":""},"product_brand":[],"product_cat":[311],"product_tag":[447,437,434,449,446],"class_list":{"0":"post-41052","1":"product","2":"type-product","3":"status-publish","4":"has-post-thumbnail","6":"product_cat-ulotki-plakaty","7":"product_tag-eventy","8":"product_tag-lakier-uv-selektywny","9":"product_tag-metallic-3d-zlocenie","10":"product_tag-produkcja","11":"product_tag-promowanie","13":"first","14":"instock","15":"taxable","16":"shipping-taxable","17":"purchasable","18":"product-type-simple"},"_links":{"self":[{"href":"https:\/\/printagram.com\/de\/wp-json\/wp\/v2\/product\/41052","targetHints":{"allow":["GET"]}}],"collection":[{"href":"https:\/\/printagram.com\/de\/wp-json\/wp\/v2\/product"}],"about":[{"href":"https:\/\/printagram.com\/de\/wp-json\/wp\/v2\/types\/product"}],"wp:featuredmedia":[{"embeddable":true,"href":"https:\/\/printagram.com\/de\/wp-json\/wp\/v2\/media\/41053"}],"wp:attachment":[{"href":"https:\/\/printagram.com\/de\/wp-json\/wp\/v2\/media?parent=41052"}],"wp:term":[{"taxonomy":"product_brand","embeddable":true,"href":"https:\/\/printagram.com\/de\/wp-json\/wp\/v2\/product_brand?post=41052"},{"taxonomy":"product_cat","embeddable":true,"href":"https:\/\/printagram.com\/de\/wp-json\/wp\/v2\/product_cat?post=41052"},{"taxonomy":"product_tag","embeddable":true,"href":"https:\/\/printagram.com\/de\/wp-json\/wp\/v2\/product_tag?post=41052"}],"curies":[{"name":"wp","href":"https:\/\/api.w.org\/{rel}","templated":true}]}}