{"id":40246,"date":"2025-10-07T23:14:22","date_gmt":"2025-10-07T21:14:22","guid":{"rendered":"https:\/\/printagram.com\/?post_type=product&#038;p=40246"},"modified":"2026-01-10T16:49:39","modified_gmt":"2026-01-10T15:49:39","slug":"kalendarz-3-dzielny","status":"publish","type":"product","link":"https:\/\/printagram.com\/de\/produkt\/3-geteilter-kalender\/","title":{"rendered":"3-teiliger Kalender mit 3D-Goldpr\u00e4gung"},"content":{"rendered":"<p><strong>Aufbau des Kalenders<\/strong><br \/>\nEin praktischer 3-teiliger Kalender f\u00fcr Ihr Unternehmen oder Ihre Familie. Auf der gro\u00dfen Tafel eine repr\u00e4sentative dekorative Kopfzeile und 3 abrei\u00dfbare Jahreskalender, die alle Monate des Jahres abdecken. Rotes Schiebefenster zur Markierung des aktuellen Tages.<\/p>\n<p><strong>Personalisierung<br \/>\n<\/strong>Der gesamte Druck des Kalenders kann personalisiert werden - f\u00fcgen Sie Ihre eigenen Fotos, Grafiken, Logos usw. ein. Verwenden Sie die Designvorlage, die Sie von dieser Seite herunterladen k\u00f6nnen, oder gestalten Sie in Canva. Die Kalender sind nicht personalisiert - sie haben ein Standardlayout - jeder Monat auf einem separaten Abrei\u00dfblatt.<\/p>\n<p><strong>Fertigstellung<\/strong><br \/>\nKalenderkopf mit 3D-Reliefvergoldung und optionaler zus\u00e4tzlicher UV-Relieflackierung.<br \/>\nDie Oberfl\u00e4che des Headers ist mit einer Soft-Touch-Folie laminiert, die Lichtreflexe unterdr\u00fcckt und die Farbs\u00e4ttigung betont.<\/p>\n<p><strong>Anmeldung<\/strong><br \/>\nIdeal als Firmenaccessoire und als Geschenk f\u00fcr Unternehmer, Firmenmitarbeiter oder Familienmitglieder<\/p>\n<p>&nbsp;<\/p>","protected":false},"excerpt":{"rendered":"<p>3-Panel-Kalender mit individuellem Aufdruck. Dekorativer Kopfteil mit 3D-Reliefvergoldung und optional zus\u00e4tzlichem UV-Relieflack. Laminiert mit Soft-Touch-Folie. 3 Kalender zum Herausrei\u00dfen, aufgeteilt nach Monaten.<\/p>","protected":false},"featured_media":41051,"template":"","meta":{"_seopress_robots_primary_cat":"none","_seopress_titles_title":"","_seopress_titles_desc":"","_seopress_robots_index":""},"product_brand":[],"product_cat":[514],"product_tag":[444,437,434,446,445],"class_list":{"0":"post-40246","1":"product","2":"type-product","3":"status-publish","4":"has-post-thumbnail","6":"product_cat-kalendarze","7":"product_tag-firma-biuro","8":"product_tag-lakier-uv-selektywny","9":"product_tag-metallic-3d-zlocenie","10":"product_tag-promowanie","11":"product_tag-sprzedaz-handel","13":"first","14":"instock","15":"taxable","16":"shipping-taxable","17":"purchasable","18":"product-type-simple"},"_links":{"self":[{"href":"https:\/\/printagram.com\/de\/wp-json\/wp\/v2\/product\/40246","targetHints":{"allow":["GET"]}}],"collection":[{"href":"https:\/\/printagram.com\/de\/wp-json\/wp\/v2\/product"}],"about":[{"href":"https:\/\/printagram.com\/de\/wp-json\/wp\/v2\/types\/product"}],"wp:featuredmedia":[{"embeddable":true,"href":"https:\/\/printagram.com\/de\/wp-json\/wp\/v2\/media\/41051"}],"wp:attachment":[{"href":"https:\/\/printagram.com\/de\/wp-json\/wp\/v2\/media?parent=40246"}],"wp:term":[{"taxonomy":"product_brand","embeddable":true,"href":"https:\/\/printagram.com\/de\/wp-json\/wp\/v2\/product_brand?post=40246"},{"taxonomy":"product_cat","embeddable":true,"href":"https:\/\/printagram.com\/de\/wp-json\/wp\/v2\/product_cat?post=40246"},{"taxonomy":"product_tag","embeddable":true,"href":"https:\/\/printagram.com\/de\/wp-json\/wp\/v2\/product_tag?post=40246"}],"curies":[{"name":"wp","href":"https:\/\/api.w.org\/{rel}","templated":true}]}}