{"id":39283,"date":"2025-07-23T15:22:00","date_gmt":"2025-07-23T13:22:00","guid":{"rendered":"https:\/\/printagram.com\/?post_type=product&#038;p=39283"},"modified":"2026-02-12T12:41:35","modified_gmt":"2026-02-12T11:41:35","slug":"2030-dotyk-szmaragdu","status":"publish","type":"product","link":"https:\/\/printagram.com\/de\/produkt\/gutschein-vergoldet-soft-touch-smaragd-touch-2030\/","title":{"rendered":"#2030 Hauch von Smaragd"},"content":{"rendered":"<p>Die Gutscheine werden auf stabilem 350g Kreidepapier mit beidseitigem CMYK-Digitaldruck hergestellt. \u00dcberzogen mit einem auff\u00e4lligen, erhabenen UV-Lack und einer Soft-Touch-Folie, die eine einzigartige Eleganz verleiht.<\/p>\n<p class=\"szukasz\"><strong>Suchen Sie nach anderen Optionen?<\/strong> Wenn Sie m\u00f6chten, k\u00f6nnen Sie Gutscheine dieses Typs mit allen m\u00f6glichen Optionen konfigurieren, indem Sie den <a href=\"https:\/\/printagram.com\/de\/produkt\/konfigurator-gutscheine-erhabene-metallic-folie-und-uv-relieflack\/\">Vergoldeter und UV-gepr\u00e4gter Gutscheinkonfigurator<\/a><\/p>\n<h5>Konvexe Vergoldung<\/h5>\n<p><em>Metallische konvexe Folie<\/em>. Bei dieser Technik handelt es sich um das matrixfreie Aufbringen von metallisierten Folien. Mit sehr starken Druckwalzen wird sie auf der gesamten Oberfl\u00e4che angebracht. Die metallisierte Folie haftet nur auf dem konvexen Spezialmaterial, wodurch der sch\u00f6ne Effekt einer dicken konvexen Schicht aus Gold, Silber oder einer anderen Farbe entsteht. Mehr \u00fcber diese Technik erfahren Sie in <a href=\"https:\/\/printagram.com\/de\/konvexe-vergoldung\/\">Artikel \u00fcber Reliefvergoldung<\/a>.<\/p>","protected":false},"excerpt":{"rendered":"<p>Gutscheine im Format DL, Gewicht 350, vollfarbig, soft-touch laminiert (angenehm zu ber\u00fchren). Auf der Vorderseite <strong>Konvexe Goldfolie.<\/strong><\/p>","protected":false},"featured_media":39276,"template":"","meta":{"_seopress_robots_primary_cat":"none","_seopress_titles_title":"","_seopress_titles_desc":"","_seopress_robots_index":""},"product_brand":[],"product_cat":[280,536],"product_tag":[447,437,446,445],"class_list":{"0":"post-39283","1":"product","2":"type-product","3":"status-publish","4":"has-post-thumbnail","6":"product_cat-vouchery-bony","7":"product_cat-vouchery-zlocone","8":"product_tag-eventy","9":"product_tag-lakier-uv-selektywny","10":"product_tag-promowanie","11":"product_tag-sprzedaz-handel","13":"first","14":"instock","15":"taxable","16":"shipping-taxable","17":"purchasable","18":"product-type-simple"},"_links":{"self":[{"href":"https:\/\/printagram.com\/de\/wp-json\/wp\/v2\/product\/39283","targetHints":{"allow":["GET"]}}],"collection":[{"href":"https:\/\/printagram.com\/de\/wp-json\/wp\/v2\/product"}],"about":[{"href":"https:\/\/printagram.com\/de\/wp-json\/wp\/v2\/types\/product"}],"wp:featuredmedia":[{"embeddable":true,"href":"https:\/\/printagram.com\/de\/wp-json\/wp\/v2\/media\/39276"}],"wp:attachment":[{"href":"https:\/\/printagram.com\/de\/wp-json\/wp\/v2\/media?parent=39283"}],"wp:term":[{"taxonomy":"product_brand","embeddable":true,"href":"https:\/\/printagram.com\/de\/wp-json\/wp\/v2\/product_brand?post=39283"},{"taxonomy":"product_cat","embeddable":true,"href":"https:\/\/printagram.com\/de\/wp-json\/wp\/v2\/product_cat?post=39283"},{"taxonomy":"product_tag","embeddable":true,"href":"https:\/\/printagram.com\/de\/wp-json\/wp\/v2\/product_tag?post=39283"}],"curies":[{"name":"wp","href":"https:\/\/api.w.org\/{rel}","templated":true}]}}