{"id":38215,"date":"2025-03-27T16:25:55","date_gmt":"2025-03-27T15:25:55","guid":{"rendered":"https:\/\/printagram.com\/produkt\/bloczki-notesy-firmowe-copy\/"},"modified":"2025-03-28T12:09:47","modified_gmt":"2025-03-28T11:09:47","slug":"bloczki-notesy-samokopiujace","status":"publish","type":"product","link":"https:\/\/printagram.com\/de\/produkt\/durchschreibbare-ncr-notizblocke-drucken\/","title":{"rendered":"Durchschreibbare NCR-Notizbl\u00f6cke"},"content":{"rendered":"<p>Bl\u00f6cke aus selbstdurchschreibendem Papier. Bedruckt in 1 Farbe. Geklebt in 25, 50 oder 100 Blatt.<br \/>\nJeder Block hat eine Pappunterlage und eventuell einen Deckel. Die Bl\u00f6cke werden entlang der k\u00fcrzeren oder l\u00e4ngeren Kante geklebt. Verschiedene Farben der Kopie m\u00f6glich - gelb, blau, gr\u00fcn oder rosa. Schneiden des gesamten Blockstapels auf einer industriellen Schneidemaschine. Auch das Abrunden von Ecken ist m\u00f6glich.<br \/>\nDie Bl\u00f6cke sind ideal als: CMRs, Servicekarten, Rechnungen, Abnahmeprotokolle, Serviceauftr\u00e4ge.<\/p>","protected":false},"excerpt":{"rendered":"<p>NCR-Durchschreibbl\u00f6cke. 1-farbig bedruckt. Verschiedene Kopierfarben. Geklebt zu 25, 50 oder 100 Blatt mit Kartonr\u00fcckwand und Trennblatt.<\/p>","protected":false},"featured_media":38217,"template":"","meta":{"_seopress_robots_primary_cat":"none","_seopress_titles_title":"","_seopress_titles_desc":"","_seopress_robots_index":""},"product_brand":[],"product_cat":[297],"product_tag":[444,448,446],"class_list":{"0":"post-38215","1":"product","2":"type-product","3":"status-publish","4":"has-post-thumbnail","6":"product_cat-bloczki-notesy","7":"product_tag-firma-biuro","8":"product_tag-konferencje-kursy-szkolenia","9":"product_tag-promowanie","11":"first","12":"instock","13":"taxable","14":"shipping-taxable","15":"purchasable","16":"product-type-simple"},"_links":{"self":[{"href":"https:\/\/printagram.com\/de\/wp-json\/wp\/v2\/product\/38215","targetHints":{"allow":["GET"]}}],"collection":[{"href":"https:\/\/printagram.com\/de\/wp-json\/wp\/v2\/product"}],"about":[{"href":"https:\/\/printagram.com\/de\/wp-json\/wp\/v2\/types\/product"}],"wp:featuredmedia":[{"embeddable":true,"href":"https:\/\/printagram.com\/de\/wp-json\/wp\/v2\/media\/38217"}],"wp:attachment":[{"href":"https:\/\/printagram.com\/de\/wp-json\/wp\/v2\/media?parent=38215"}],"wp:term":[{"taxonomy":"product_brand","embeddable":true,"href":"https:\/\/printagram.com\/de\/wp-json\/wp\/v2\/product_brand?post=38215"},{"taxonomy":"product_cat","embeddable":true,"href":"https:\/\/printagram.com\/de\/wp-json\/wp\/v2\/product_cat?post=38215"},{"taxonomy":"product_tag","embeddable":true,"href":"https:\/\/printagram.com\/de\/wp-json\/wp\/v2\/product_tag?post=38215"}],"curies":[{"name":"wp","href":"https:\/\/api.w.org\/{rel}","templated":true}]}}