{"id":3500,"date":"2023-01-02T14:01:01","date_gmt":"2023-01-02T13:01:01","guid":{"rendered":"https:\/\/printagram.com\/produkt\/arkusze-cyfrowe-plano\/"},"modified":"2025-01-26T19:57:00","modified_gmt":"2025-01-26T18:57:00","slug":"arkusze-cyfrowe-plano","status":"publish","type":"product","link":"https:\/\/printagram.com\/de\/produkt\/blatter-digital-druck\/","title":{"rendered":"Bogen Digitaldruck"},"content":{"rendered":"<p>Ganzseitiger Druck. Druckformat 670\u00d7470 mm. M\u00f6glichkeit der Glanz-, Matt- oder Soft-Touch-Laminierung. Veredelungen wie Metallic 3D und UV-Konvexlack. Mehrere verschiedene Metallic-Farben auf einem Bogen m\u00f6glich: Gold, Silber, Kupfer, Hologramm und andere. Unter anderem Soft-Touch-Laminierung.<\/p>\n<p>Druckfertige Entw\u00fcrfe m\u00fcssen als geschlossene PDF-Dateien \u00fcbermittelt werden.<\/p>\n<p>Die Berechnung gilt f\u00fcr den Druck eines Musters.<\/p>","protected":false},"excerpt":{"rendered":"<p>B2-Druckb\u00f6gen mit Vergoldung und UV-Lackierung. Die Berechnung bezieht sich auf den Druck eines Motivs.<\/p>","protected":false},"featured_media":28648,"template":"","meta":{"_seopress_robots_primary_cat":"none","_seopress_titles_title":"","_seopress_titles_desc":"","_seopress_robots_index":""},"product_brand":[],"product_cat":[311],"product_tag":[437,434],"class_list":{"0":"post-3500","1":"product","2":"type-product","3":"status-publish","4":"has-post-thumbnail","6":"product_cat-ulotki-plakaty","7":"product_tag-lakier-uv-selektywny","8":"product_tag-metallic-3d-zlocenie","10":"first","11":"instock","12":"taxable","13":"shipping-taxable","14":"purchasable","15":"product-type-simple"},"_links":{"self":[{"href":"https:\/\/printagram.com\/de\/wp-json\/wp\/v2\/product\/3500","targetHints":{"allow":["GET"]}}],"collection":[{"href":"https:\/\/printagram.com\/de\/wp-json\/wp\/v2\/product"}],"about":[{"href":"https:\/\/printagram.com\/de\/wp-json\/wp\/v2\/types\/product"}],"wp:featuredmedia":[{"embeddable":true,"href":"https:\/\/printagram.com\/de\/wp-json\/wp\/v2\/media\/28648"}],"wp:attachment":[{"href":"https:\/\/printagram.com\/de\/wp-json\/wp\/v2\/media?parent=3500"}],"wp:term":[{"taxonomy":"product_brand","embeddable":true,"href":"https:\/\/printagram.com\/de\/wp-json\/wp\/v2\/product_brand?post=3500"},{"taxonomy":"product_cat","embeddable":true,"href":"https:\/\/printagram.com\/de\/wp-json\/wp\/v2\/product_cat?post=3500"},{"taxonomy":"product_tag","embeddable":true,"href":"https:\/\/printagram.com\/de\/wp-json\/wp\/v2\/product_tag?post=3500"}],"curies":[{"name":"wp","href":"https:\/\/api.w.org\/{rel}","templated":true}]}}