{"id":3498,"date":"2023-01-02T14:00:54","date_gmt":"2023-01-02T13:00:54","guid":{"rendered":"https:\/\/printagram.com\/produkt\/naklejki-ekskluzywne\/"},"modified":"2025-01-26T19:47:55","modified_gmt":"2025-01-26T18:47:55","slug":"naklejki-ekskluzywne","status":"publish","type":"product","link":"https:\/\/printagram.com\/de\/produkt\/aufkleber-exklusiv\/","title":{"rendered":"Exklusive Aufkleber"},"content":{"rendered":"<p><strong>Besondere exklusive Aufkleber <\/strong>f\u00fcr Luxusprodukte. Alle m\u00f6glichen Handdrucktechniken. Siebdruck, Hei\u00dfpr\u00e4gung, Reliefpr\u00e4gung, UV-Lack, Pantone-Farben, verschiedene Arten von selbstklebendem Papier, glatt und strukturiert. Sie eignen sich hervorragend als Etiketten f\u00fcr sch\u00f6ne Produkte, Weinflaschen oder andere alkoholische Getr\u00e4nke, limitierte Serien von Produkten. Die Aufkleber werden in Form von verwendbaren Zuschnitten in einem rechteckigen Format geliefert.<\/p>","protected":false},"excerpt":{"rendered":"<p>Hei\u00dfpr\u00e4gung, gepr\u00e4gte, Pantone- und UV-lackierte Aufkleber<\/p>","protected":false},"featured_media":32681,"template":"","meta":{"_seopress_robots_primary_cat":"","_seopress_titles_title":"","_seopress_titles_desc":"","_seopress_robots_index":""},"product_brand":[],"product_cat":[283],"product_tag":[438,437,449,446,443,445,440],"class_list":{"0":"post-3498","1":"product","2":"type-product","3":"status-publish","4":"has-post-thumbnail","6":"product_cat-naklejki-plomby","7":"product_tag-hot-stamping","8":"product_tag-lakier-uv-selektywny","9":"product_tag-produkcja","10":"product_tag-promowanie","11":"product_tag-sitodruk","12":"product_tag-sprzedaz-handel","13":"product_tag-tloczenie-wypukle","15":"first","16":"instock","17":"taxable","18":"shipping-taxable","19":"purchasable","20":"product-type-simple"},"_links":{"self":[{"href":"https:\/\/printagram.com\/de\/wp-json\/wp\/v2\/product\/3498","targetHints":{"allow":["GET"]}}],"collection":[{"href":"https:\/\/printagram.com\/de\/wp-json\/wp\/v2\/product"}],"about":[{"href":"https:\/\/printagram.com\/de\/wp-json\/wp\/v2\/types\/product"}],"wp:featuredmedia":[{"embeddable":true,"href":"https:\/\/printagram.com\/de\/wp-json\/wp\/v2\/media\/32681"}],"wp:attachment":[{"href":"https:\/\/printagram.com\/de\/wp-json\/wp\/v2\/media?parent=3498"}],"wp:term":[{"taxonomy":"product_brand","embeddable":true,"href":"https:\/\/printagram.com\/de\/wp-json\/wp\/v2\/product_brand?post=3498"},{"taxonomy":"product_cat","embeddable":true,"href":"https:\/\/printagram.com\/de\/wp-json\/wp\/v2\/product_cat?post=3498"},{"taxonomy":"product_tag","embeddable":true,"href":"https:\/\/printagram.com\/de\/wp-json\/wp\/v2\/product_tag?post=3498"}],"curies":[{"name":"wp","href":"https:\/\/api.w.org\/{rel}","templated":true}]}}