{"id":3496,"date":"2023-01-02T14:00:48","date_gmt":"2023-01-02T13:00:48","guid":{"rendered":"https:\/\/printagram.com\/produkt\/naklejki-samoprzylepne\/"},"modified":"2024-04-02T18:13:50","modified_gmt":"2024-04-02T16:13:50","slug":"naklejki-samoprzylepne","status":"publish","type":"product","link":"https:\/\/printagram.com\/de\/produkt\/aufkleber-selbstklebend\/","title":{"rendered":"Selbstklebende Aufkleber"},"content":{"rendered":"<p>Selbstklebende Etiketten, die in voller Farbe gedruckt werden. Die Aufkleber k\u00f6nnen so geschnitten werden, dass sie sich leicht abl\u00f6sen lassen. Entwerfen Sie einfach einen Entwurf f\u00fcr einen Aufkleber und schicken Sie ihn mit Ihrer Bestellung. Wenn Sie nicht \u00fcberzeugt sind, dass der Entwurf unseren technischen Anforderungen entspricht, k\u00f6nnen Sie ihn vorab zur kostenlosen \u00dcberpr\u00fcfung einsenden.<\/p>","protected":false},"excerpt":{"rendered":"<p>Selbstklebende Etiketten aus Papier oder Folie. Geschnitten und gebrauchsfertig.<\/p>","protected":false},"featured_media":28639,"template":"","meta":{"_seopress_robots_primary_cat":"","_seopress_titles_title":"","_seopress_titles_desc":"","_seopress_robots_index":""},"product_brand":[],"product_cat":[283],"product_tag":[449,446,445],"class_list":{"0":"post-3496","1":"product","2":"type-product","3":"status-publish","4":"has-post-thumbnail","6":"product_cat-naklejki-plomby","7":"product_tag-produkcja","8":"product_tag-promowanie","9":"product_tag-sprzedaz-handel","11":"first","12":"instock","13":"taxable","14":"shipping-taxable","15":"purchasable","16":"product-type-simple"},"_links":{"self":[{"href":"https:\/\/printagram.com\/de\/wp-json\/wp\/v2\/product\/3496","targetHints":{"allow":["GET"]}}],"collection":[{"href":"https:\/\/printagram.com\/de\/wp-json\/wp\/v2\/product"}],"about":[{"href":"https:\/\/printagram.com\/de\/wp-json\/wp\/v2\/types\/product"}],"wp:featuredmedia":[{"embeddable":true,"href":"https:\/\/printagram.com\/de\/wp-json\/wp\/v2\/media\/28639"}],"wp:attachment":[{"href":"https:\/\/printagram.com\/de\/wp-json\/wp\/v2\/media?parent=3496"}],"wp:term":[{"taxonomy":"product_brand","embeddable":true,"href":"https:\/\/printagram.com\/de\/wp-json\/wp\/v2\/product_brand?post=3496"},{"taxonomy":"product_cat","embeddable":true,"href":"https:\/\/printagram.com\/de\/wp-json\/wp\/v2\/product_cat?post=3496"},{"taxonomy":"product_tag","embeddable":true,"href":"https:\/\/printagram.com\/de\/wp-json\/wp\/v2\/product_tag?post=3496"}],"curies":[{"name":"wp","href":"https:\/\/api.w.org\/{rel}","templated":true}]}}