{"id":3494,"date":"2023-01-02T14:00:41","date_gmt":"2023-01-02T13:00:41","guid":{"rendered":"https:\/\/printagram.com\/produkt\/teczki-firmowe-zlocone\/"},"modified":"2026-04-25T00:19:41","modified_gmt":"2026-04-24T22:19:41","slug":"teczki-firmowe-zlocone","status":"publish","type":"product","link":"https:\/\/printagram.com\/de\/produkt\/goldene-prasentationsmappen\/","title":{"rendered":"Vergoldete Firmenmappen"},"content":{"rendered":"<p>Soft-Touch-Firmenmamappen mit Goldauflage und UV-Kaschierung. Elegante Veredelung mit erhabenen Metallelementen, z.B. Logos. Farben der Metallic-Folie: Silber, Gold, F\u00fcr diese Art von Business-Kartonmappe stehen zwei Stanzungen zur Auswahl. Die Mappe bietet Platz f\u00fcr ca. 10 oder 30 Standard-A4-Bl\u00e4tter - je nach gew\u00e4hlter Stanzung.<\/p>\n<p>Die Firmenmappen werden bedruckt und anschlie\u00dfend mit Softtouch- oder matter Standardfolie laminiert. In das untere Blatt sind Schlitze f\u00fcr Visitenkarten eingearbeitet. Die Mappen werden ungefaltet geliefert.<\/p>","protected":false},"excerpt":{"rendered":"<p>Vergoldete Reliefmappen. Einseitig oder zweiseitig laminiert mit der M\u00f6glichkeit einer zus\u00e4tzlichen UV-Relieflackierung.<\/p>","protected":false},"featured_media":42473,"template":"","meta":{"_seopress_robots_primary_cat":"none","_seopress_titles_title":"","_seopress_titles_desc":"","_seopress_robots_index":""},"product_brand":[],"product_cat":[292],"product_tag":[444,448,437,434,446],"class_list":{"0":"post-3494","1":"product","2":"type-product","3":"status-publish","4":"has-post-thumbnail","6":"product_cat-teczki-segregatory","7":"product_tag-firma-biuro","8":"product_tag-konferencje-kursy-szkolenia","9":"product_tag-lakier-uv-selektywny","10":"product_tag-metallic-3d-zlocenie","11":"product_tag-promowanie","13":"first","14":"instock","15":"taxable","16":"shipping-taxable","17":"purchasable","18":"product-type-simple"},"_links":{"self":[{"href":"https:\/\/printagram.com\/de\/wp-json\/wp\/v2\/product\/3494","targetHints":{"allow":["GET"]}}],"collection":[{"href":"https:\/\/printagram.com\/de\/wp-json\/wp\/v2\/product"}],"about":[{"href":"https:\/\/printagram.com\/de\/wp-json\/wp\/v2\/types\/product"}],"wp:featuredmedia":[{"embeddable":true,"href":"https:\/\/printagram.com\/de\/wp-json\/wp\/v2\/media\/42473"}],"wp:attachment":[{"href":"https:\/\/printagram.com\/de\/wp-json\/wp\/v2\/media?parent=3494"}],"wp:term":[{"taxonomy":"product_brand","embeddable":true,"href":"https:\/\/printagram.com\/de\/wp-json\/wp\/v2\/product_brand?post=3494"},{"taxonomy":"product_cat","embeddable":true,"href":"https:\/\/printagram.com\/de\/wp-json\/wp\/v2\/product_cat?post=3494"},{"taxonomy":"product_tag","embeddable":true,"href":"https:\/\/printagram.com\/de\/wp-json\/wp\/v2\/product_tag?post=3494"}],"curies":[{"name":"wp","href":"https:\/\/api.w.org\/{rel}","templated":true}]}}