{"id":3492,"date":"2023-01-02T14:00:25","date_gmt":"2023-01-02T13:00:25","guid":{"rendered":"https:\/\/printagram.com\/produkt\/arkusze-naklejek\/"},"modified":"2024-04-02T18:13:50","modified_gmt":"2024-04-02T16:13:50","slug":"arkusze-naklejek","status":"publish","type":"product","link":"https:\/\/printagram.com\/de\/produkt\/bogen-mit-aufklebern\/","title":{"rendered":"Aufkleberbl\u00e4tter"},"content":{"rendered":"<p>Eine tolle Alternative zu einzelnen Aufklebern. Verteilen Sie eine Vielzahl von Motiven auf einen Bogen. Auf diese Weise haben Sie einen ganzen Satz verschiedener Aufkleberdesigns, die Sie ben\u00f6tigen. Sie sind nicht mehr durch die Notwendigkeit, jedes Design einzeln zu bestellen, eingeschr\u00e4nkt. So gewinnen Sie Geld und Zeit.<\/p>\n<p>Sie erhalten B\u00f6gen mit eingeritzten Aufklebern, die Sie sofort verwenden k\u00f6nnen. Bereiten Sie Ihre eigenen Motive vor und verteilen Sie diese nach Belieben auf dem Bogen. Sie sind durch nichts eingeschr\u00e4nkt. Nur die Gr\u00f6\u00dfe des Bogens.<\/p>","protected":false},"excerpt":{"rendered":"<p>B\u00f6gen mit ausgeschnittenen Aufklebern, gebrauchsfertig, verschiedene Motive auf einem Bogen<\/p>","protected":false},"featured_media":22313,"template":"","meta":{"_seopress_robots_primary_cat":"","_seopress_titles_title":"","_seopress_titles_desc":"","_seopress_robots_index":""},"product_brand":[],"product_cat":[283],"product_tag":[449,446,445],"class_list":{"0":"post-3492","1":"product","2":"type-product","3":"status-publish","4":"has-post-thumbnail","6":"product_cat-naklejki-plomby","7":"product_tag-produkcja","8":"product_tag-promowanie","9":"product_tag-sprzedaz-handel","11":"first","12":"instock","13":"taxable","14":"shipping-taxable","15":"purchasable","16":"product-type-simple"},"_links":{"self":[{"href":"https:\/\/printagram.com\/de\/wp-json\/wp\/v2\/product\/3492","targetHints":{"allow":["GET"]}}],"collection":[{"href":"https:\/\/printagram.com\/de\/wp-json\/wp\/v2\/product"}],"about":[{"href":"https:\/\/printagram.com\/de\/wp-json\/wp\/v2\/types\/product"}],"wp:featuredmedia":[{"embeddable":true,"href":"https:\/\/printagram.com\/de\/wp-json\/wp\/v2\/media\/22313"}],"wp:attachment":[{"href":"https:\/\/printagram.com\/de\/wp-json\/wp\/v2\/media?parent=3492"}],"wp:term":[{"taxonomy":"product_brand","embeddable":true,"href":"https:\/\/printagram.com\/de\/wp-json\/wp\/v2\/product_brand?post=3492"},{"taxonomy":"product_cat","embeddable":true,"href":"https:\/\/printagram.com\/de\/wp-json\/wp\/v2\/product_cat?post=3492"},{"taxonomy":"product_tag","embeddable":true,"href":"https:\/\/printagram.com\/de\/wp-json\/wp\/v2\/product_tag?post=3492"}],"curies":[{"name":"wp","href":"https:\/\/api.w.org\/{rel}","templated":true}]}}