{"id":3488,"date":"2023-01-02T13:59:50","date_gmt":"2023-01-02T12:59:50","guid":{"rendered":"https:\/\/printagram.com\/produkt\/segregatory-druk-cyfrowy\/"},"modified":"2023-12-12T12:03:33","modified_gmt":"2023-12-12T11:03:33","slug":"segregatory-druk-cyfrowy","status":"publish","type":"product","link":"https:\/\/printagram.com\/de\/produkt\/ringordner-digitaldruck\/","title":{"rendered":"Bindemittel Digitaldruck"},"content":{"rendered":"<p>Der Schnellhefter mit Clip-in-Mechanismus bietet Ihnen die M\u00f6glichkeit, Ihre Dokumente geordnet aufzubewahren, so dass sie leicht zu finden und abzulegen sind. Die robuste Konstruktion des Mechanismus garantiert Sicherheit. Die gestanzten Seiten oder Dokumentenhemden werden von Klammern gehalten, die durch die L\u00f6cher gef\u00fchrt werden. Diese Klammern sind federbelastet. Zwei-Backen- oder Vier-Backen-Mechanismus vom Typ D. Dar\u00fcber hinaus ist der Binder mit einem Dokumentendr\u00fccker ausgestattet.<\/p>\n<p>Der Einband des Ordners ist individuell bedruckt. Er besteht aus 2 mm starkem Vollkarton und ist au\u00dfen mit digital bedrucktem, selbstklebendem Papier \u00fcberzogen und innen mit einer Glanzfolie gesch\u00fctzt, die ein wei\u00dfes Papierfutter enth\u00e4lt.<\/p>","protected":false},"excerpt":{"rendered":"<p>Firmenordner mit Ihrem eigenen Aufdruck. Mit D-Backen-Mechanik zum Einlegen von Dokumenten.<\/p>","protected":false},"featured_media":22130,"template":"","meta":{"_seopress_robots_primary_cat":"","_seopress_titles_title":"","_seopress_titles_desc":"","_seopress_robots_index":""},"product_brand":[],"product_cat":[292],"product_tag":[444,448,446],"class_list":{"0":"post-3488","1":"product","2":"type-product","3":"status-publish","4":"has-post-thumbnail","6":"product_cat-teczki-segregatory","7":"product_tag-firma-biuro","8":"product_tag-konferencje-kursy-szkolenia","9":"product_tag-promowanie","11":"first","12":"instock","13":"taxable","14":"shipping-taxable","15":"purchasable","16":"product-type-simple"},"_links":{"self":[{"href":"https:\/\/printagram.com\/de\/wp-json\/wp\/v2\/product\/3488","targetHints":{"allow":["GET"]}}],"collection":[{"href":"https:\/\/printagram.com\/de\/wp-json\/wp\/v2\/product"}],"about":[{"href":"https:\/\/printagram.com\/de\/wp-json\/wp\/v2\/types\/product"}],"wp:featuredmedia":[{"embeddable":true,"href":"https:\/\/printagram.com\/de\/wp-json\/wp\/v2\/media\/22130"}],"wp:attachment":[{"href":"https:\/\/printagram.com\/de\/wp-json\/wp\/v2\/media?parent=3488"}],"wp:term":[{"taxonomy":"product_brand","embeddable":true,"href":"https:\/\/printagram.com\/de\/wp-json\/wp\/v2\/product_brand?post=3488"},{"taxonomy":"product_cat","embeddable":true,"href":"https:\/\/printagram.com\/de\/wp-json\/wp\/v2\/product_cat?post=3488"},{"taxonomy":"product_tag","embeddable":true,"href":"https:\/\/printagram.com\/de\/wp-json\/wp\/v2\/product_tag?post=3488"}],"curies":[{"name":"wp","href":"https:\/\/api.w.org\/{rel}","templated":true}]}}