{"id":3486,"date":"2023-01-02T13:59:44","date_gmt":"2023-01-02T12:59:44","guid":{"rendered":"https:\/\/printagram.com\/produkt\/plomby-gwarancyjne-stickery-void\/"},"modified":"2024-04-02T18:13:50","modified_gmt":"2024-04-02T16:13:50","slug":"plomby-gwarancyjne-stickery-void","status":"publish","type":"product","link":"https:\/\/printagram.com\/de\/produkt\/manipulationssichere-etiketten-garantie-siegel\/","title":{"rendered":"Garantiesiegel Aufkleber ung\u00fcltig"},"content":{"rendered":"<p>Garantiesiegel<strong>\u00a0<\/strong>- Sie erhalten vollfarbige und qualitativ hochwertige Siegelaufkleber f\u00fcr sehr wenig Geld. Die Siegelfolie ORACAL Safety Vinyl 820 der Orafol Europe GmbH hat einen sehr starken Klebstoff, der dauerhaft auf dem Untergrund haftet.<\/p>\n<p><strong>Anwendungen.\u00a0<\/strong>Zu unseren Kunden, die Siegelfolienaufkleber bestellen, geh\u00f6ren Elektronikdienstleister, Elektronik- und Wei\u00dfwarenhersteller, M\u00f6belhersteller, Handy- und Laptop-H\u00e4ndler und viele andere.<\/p>\n<p><strong>Personalisierung (NUMBERING).\u00a0<\/strong>Die Siegel k\u00f6nnen PERSONALISIERT werden (jedes Siegel erh\u00e4lt eine eigene Nummer). Bitte geben Sie beim Kauf an, welche Nummern oder welchen Bereich Sie w\u00fcnschen.<\/p>","protected":false},"excerpt":{"rendered":"<p>Vollfarbige Siegelaufkleber. Es ist unm\u00f6glich, das Siegel zu entfernen, ohne es zu besch\u00e4digen.<\/p>","protected":false},"featured_media":28645,"template":"","meta":{"_seopress_robots_primary_cat":"","_seopress_titles_title":"","_seopress_titles_desc":"","_seopress_robots_index":""},"product_brand":[],"product_cat":[283],"product_tag":[449,445],"class_list":{"0":"post-3486","1":"product","2":"type-product","3":"status-publish","4":"has-post-thumbnail","6":"product_cat-naklejki-plomby","7":"product_tag-produkcja","8":"product_tag-sprzedaz-handel","10":"first","11":"instock","12":"taxable","13":"shipping-taxable","14":"purchasable","15":"product-type-simple"},"_links":{"self":[{"href":"https:\/\/printagram.com\/de\/wp-json\/wp\/v2\/product\/3486","targetHints":{"allow":["GET"]}}],"collection":[{"href":"https:\/\/printagram.com\/de\/wp-json\/wp\/v2\/product"}],"about":[{"href":"https:\/\/printagram.com\/de\/wp-json\/wp\/v2\/types\/product"}],"wp:featuredmedia":[{"embeddable":true,"href":"https:\/\/printagram.com\/de\/wp-json\/wp\/v2\/media\/28645"}],"wp:attachment":[{"href":"https:\/\/printagram.com\/de\/wp-json\/wp\/v2\/media?parent=3486"}],"wp:term":[{"taxonomy":"product_brand","embeddable":true,"href":"https:\/\/printagram.com\/de\/wp-json\/wp\/v2\/product_brand?post=3486"},{"taxonomy":"product_cat","embeddable":true,"href":"https:\/\/printagram.com\/de\/wp-json\/wp\/v2\/product_cat?post=3486"},{"taxonomy":"product_tag","embeddable":true,"href":"https:\/\/printagram.com\/de\/wp-json\/wp\/v2\/product_tag?post=3486"}],"curies":[{"name":"wp","href":"https:\/\/api.w.org\/{rel}","templated":true}]}}