{"id":3484,"date":"2023-01-02T13:59:37","date_gmt":"2023-01-02T12:59:37","guid":{"rendered":"https:\/\/printagram.com\/produkt\/pocztowki-skladane-karnety-zaproszenia\/"},"modified":"2024-06-11T10:01:44","modified_gmt":"2024-06-11T08:01:44","slug":"pocztowki-skladane-karnety","status":"publish","type":"product","link":"https:\/\/printagram.com\/de\/produkt\/postkarten-gefaltete-carnets\/","title":{"rendered":"Gefaltete Postkarten"},"content":{"rendered":"<p>Gefaltete Postkarten, die ebenso gut als Einladungen, Karten, Weihnachtskarten usw. dienen k\u00f6nnen.<\/p>\n<p>Ein Produkt, mit dem Sie sehr kosteng\u00fcnstig eine gro\u00dfe Anzahl von Gru\u00dfkarten, Karten f\u00fcr Pakete, Geschenke, Souvenirs usw. herstellen k\u00f6nnen. Sie k\u00f6nnen als Einladungen zu Er\u00f6ffnungen, Konferenzen, Seminaren und verschiedenen offiziellen und weniger offiziellen Anl\u00e4ssen verwendet werden. Sie k\u00f6nnen nat\u00fcrlich auch als Standard-Postkarten, Postkarten oder Weihnachtsgru\u00dfkarten dienen, die, in einem passenden Umschlag verschickt, an ihrem Bestimmungsort ankommen werden.<\/p>\n<p>Gr\u00f6\u00dfe 98 x 150 mm (gefaltet). Kostenloser Offsetdruck - 4 CMYK-Farben (volle Farbpalette auf beiden Seiten), hergestellt aus wei\u00dfem, einseitig beschichtetem Karton. Die Postkarten haben die Steifigkeit und Dicke einer herk\u00f6mmlichen Postkarte. Die Steifigkeit entspricht einem Standardkarton von 350 g\/m\u00b2. Veredelt mit Glanzlaminat auf einer Seite.<\/p>","protected":false},"excerpt":{"rendered":"<p>Postkarten, Karten und gefaltete Einladungen mit beliebigem Druck. Gefaltetes Format 98 x 150 mm. Beidseitiger Druck - 4 CMYK-Farben (volle Farbpalette). Laminiert auf der Au\u00dfenseite mit gl\u00e4nzender Folie.<\/p>","protected":false},"featured_media":22141,"template":"","meta":{"_seopress_robots_primary_cat":"none","_seopress_titles_title":"","_seopress_titles_desc":"","_seopress_robots_index":""},"product_brand":[],"product_cat":[308],"product_tag":[447,446],"class_list":{"0":"post-3484","1":"product","2":"type-product","3":"status-publish","4":"has-post-thumbnail","6":"product_cat-pocztowki-karnety","7":"product_tag-eventy","8":"product_tag-promowanie","10":"first","11":"instock","12":"taxable","13":"shipping-taxable","14":"purchasable","15":"product-type-simple"},"_links":{"self":[{"href":"https:\/\/printagram.com\/de\/wp-json\/wp\/v2\/product\/3484","targetHints":{"allow":["GET"]}}],"collection":[{"href":"https:\/\/printagram.com\/de\/wp-json\/wp\/v2\/product"}],"about":[{"href":"https:\/\/printagram.com\/de\/wp-json\/wp\/v2\/types\/product"}],"wp:featuredmedia":[{"embeddable":true,"href":"https:\/\/printagram.com\/de\/wp-json\/wp\/v2\/media\/22141"}],"wp:attachment":[{"href":"https:\/\/printagram.com\/de\/wp-json\/wp\/v2\/media?parent=3484"}],"wp:term":[{"taxonomy":"product_brand","embeddable":true,"href":"https:\/\/printagram.com\/de\/wp-json\/wp\/v2\/product_brand?post=3484"},{"taxonomy":"product_cat","embeddable":true,"href":"https:\/\/printagram.com\/de\/wp-json\/wp\/v2\/product_cat?post=3484"},{"taxonomy":"product_tag","embeddable":true,"href":"https:\/\/printagram.com\/de\/wp-json\/wp\/v2\/product_tag?post=3484"}],"curies":[{"name":"wp","href":"https:\/\/api.w.org\/{rel}","templated":true}]}}