{"id":3482,"date":"2023-01-02T13:59:30","date_gmt":"2023-01-02T12:59:30","guid":{"rendered":"https:\/\/printagram.com\/produkt\/plakaty\/"},"modified":"2026-01-10T18:25:53","modified_gmt":"2026-01-10T17:25:53","slug":"plakaty","status":"publish","type":"product","link":"https:\/\/printagram.com\/de\/produkt\/poster\/","title":{"rendered":"Standard-Poster"},"content":{"rendered":"<div class=\"pb-center-column col-xs-12 col-sm-12\">\n<p>Einseitig bedruckte Plakate, Papier variiert je nach Bedarf. Ideal als Informationsplakate, Ank\u00fcndigungen, Einladungen zu Feiern usw. Das Plakat l\u00e4sst sich leicht am schwarzen Brett, im Schaufenster, an der Eingangst\u00fcr eines Hauses oder einer Schule anbringen. Farbechtheit bei rauen Wetterbedingungen (Regen, Sonne, Wind).<\/p>\n<\/div>","protected":false},"excerpt":{"rendered":"<p>Plakate f\u00fcr Informationen, Ank\u00fcndigungen, Einladungen zu Festivit\u00e4ten usw. Digital oder Offset<\/p>","protected":false},"featured_media":28647,"template":"","meta":{"_seopress_robots_primary_cat":"none","_seopress_titles_title":"","_seopress_titles_desc":"","_seopress_robots_index":""},"product_brand":[],"product_cat":[311],"product_tag":[447,446],"class_list":{"0":"post-3482","1":"product","2":"type-product","3":"status-publish","4":"has-post-thumbnail","6":"product_cat-ulotki-plakaty","7":"product_tag-eventy","8":"product_tag-promowanie","10":"first","11":"instock","12":"taxable","13":"shipping-taxable","14":"purchasable","15":"product-type-simple"},"_links":{"self":[{"href":"https:\/\/printagram.com\/de\/wp-json\/wp\/v2\/product\/3482","targetHints":{"allow":["GET"]}}],"collection":[{"href":"https:\/\/printagram.com\/de\/wp-json\/wp\/v2\/product"}],"about":[{"href":"https:\/\/printagram.com\/de\/wp-json\/wp\/v2\/types\/product"}],"wp:featuredmedia":[{"embeddable":true,"href":"https:\/\/printagram.com\/de\/wp-json\/wp\/v2\/media\/28647"}],"wp:attachment":[{"href":"https:\/\/printagram.com\/de\/wp-json\/wp\/v2\/media?parent=3482"}],"wp:term":[{"taxonomy":"product_brand","embeddable":true,"href":"https:\/\/printagram.com\/de\/wp-json\/wp\/v2\/product_brand?post=3482"},{"taxonomy":"product_cat","embeddable":true,"href":"https:\/\/printagram.com\/de\/wp-json\/wp\/v2\/product_cat?post=3482"},{"taxonomy":"product_tag","embeddable":true,"href":"https:\/\/printagram.com\/de\/wp-json\/wp\/v2\/product_tag?post=3482"}],"curies":[{"name":"wp","href":"https:\/\/api.w.org\/{rel}","templated":true}]}}