{"id":3478,"date":"2023-01-02T13:59:13","date_gmt":"2023-01-02T12:59:13","guid":{"rendered":"https:\/\/printagram.com\/produkt\/ulotki\/"},"modified":"2026-02-10T15:00:11","modified_gmt":"2026-02-10T14:00:11","slug":"ulotki","status":"publish","type":"product","link":"https:\/\/printagram.com\/de\/produkt\/flyer\/","title":{"rendered":"Standard-Merkbl\u00e4tter"},"content":{"rendered":"<p>Flyer sind eine hervorragende M\u00f6glichkeit, f\u00fcr Ihre Marke, Ihr Produkt oder Ihre Veranstaltung zu werben. Drucken Sie Flugbl\u00e4tter in Farbe, in einem Format, das zu Ihnen passt, auf einem der vielen verf\u00fcgbaren Papiere. Sie sind langlebig, leicht zu verteilen und ideal, um Werbung zu machen. Untersch\u00e4tzen Sie nicht die Vorteile des Flugblattdrucks.<\/p>\n<p>Digitale Werbung und soziale Medien m\u00f6gen heute die g\u00e4ngigsten Werbemethoden sein, aber Flugbl\u00e4tter sind immer noch eines der effektivsten Werbemittel.<\/p>","protected":false},"excerpt":{"rendered":"<p>2-seitiger Offsetdruck in CMYK. Mattes oder gl\u00e4nzendes Kreidepapier.<\/p>","protected":false},"featured_media":28646,"template":"","meta":{"_seopress_robots_primary_cat":"none","_seopress_titles_title":"","_seopress_titles_desc":"","_seopress_robots_index":""},"product_brand":[],"product_cat":[311],"product_tag":[447,449,446],"class_list":{"0":"post-3478","1":"product","2":"type-product","3":"status-publish","4":"has-post-thumbnail","6":"product_cat-ulotki-plakaty","7":"product_tag-eventy","8":"product_tag-produkcja","9":"product_tag-promowanie","10":"product_shipping_class-ciezkie","12":"first","13":"instock","14":"taxable","15":"shipping-taxable","16":"purchasable","17":"product-type-simple"},"_links":{"self":[{"href":"https:\/\/printagram.com\/de\/wp-json\/wp\/v2\/product\/3478","targetHints":{"allow":["GET"]}}],"collection":[{"href":"https:\/\/printagram.com\/de\/wp-json\/wp\/v2\/product"}],"about":[{"href":"https:\/\/printagram.com\/de\/wp-json\/wp\/v2\/types\/product"}],"wp:featuredmedia":[{"embeddable":true,"href":"https:\/\/printagram.com\/de\/wp-json\/wp\/v2\/media\/28646"}],"wp:attachment":[{"href":"https:\/\/printagram.com\/de\/wp-json\/wp\/v2\/media?parent=3478"}],"wp:term":[{"taxonomy":"product_brand","embeddable":true,"href":"https:\/\/printagram.com\/de\/wp-json\/wp\/v2\/product_brand?post=3478"},{"taxonomy":"product_cat","embeddable":true,"href":"https:\/\/printagram.com\/de\/wp-json\/wp\/v2\/product_cat?post=3478"},{"taxonomy":"product_tag","embeddable":true,"href":"https:\/\/printagram.com\/de\/wp-json\/wp\/v2\/product_tag?post=3478"}],"curies":[{"name":"wp","href":"https:\/\/api.w.org\/{rel}","templated":true}]}}