{"id":3476,"date":"2023-01-02T13:59:01","date_gmt":"2023-01-02T12:59:01","guid":{"rendered":"https:\/\/printagram.com\/produkt\/naklejki-3d-nalepki-wypukle-zelowe\/"},"modified":"2026-01-15T12:29:50","modified_gmt":"2026-01-15T11:29:50","slug":"naklejki-3d-nalepki-wypukle-zelowe","status":"publish","type":"product","link":"https:\/\/printagram.com\/de\/produkt\/aufkleber-3d-harz-gel-tropfenaufkleber\/","title":{"rendered":"3D Gel konvexe Aufkleber"},"content":{"rendered":"<p>Die 3D-Aufkleber sind konvex, dank einer speziellen Substanz, deren Hauptbestandteil ein transparentes Polyurethanharz ist. Dies verleiht ihnen ein sch\u00f6nes dreidimensionales Aussehen und macht sie angenehm glatt in der Hand. Dank dieser Harzschicht sind die selbstklebenden 3D-Sticker resistent gegen Feuchtigkeit, UV-Strahlung und mechanische Besch\u00e4digungen. Die Grundlage f\u00fcr die 3D-Aufkleber ist eine wei\u00dfe selbstklebende Folie, die fest mit dem Harz verbunden ist. Der Digitaldruck erm\u00f6glicht die Verwendung einer unbegrenzten Anzahl von Farben aus der CMYK-Palette.<\/p>\n<p>Sie sind ideal als Branding-Aufkleber f\u00fcr alle Arten von Produkten: Computer, Autos, M\u00f6bel, Elektronik, Elektroger\u00e4te, Haushaltsger\u00e4te usw.<\/p>\n<p><strong>Formen<\/strong><br \/>\nDer berechnete Preis gilt f\u00fcr die Grundformen, d.h. Quadrat, Rechteck, Kreis, Ellipse. Bei Nicht-Standard-Formen behalten wir uns das Recht vor, einen Aufschlag zu berechnen. Wenn Sie den Preis f\u00fcr eine nicht standardisierte Form \u00fcberpr\u00fcfen m\u00f6chten, senden Sie uns Ihr Projekt f\u00fcr ein kostenloses Angebot.<\/p>\n<p><strong>Technisches Datenblatt<\/strong><br \/>\nORAJET\u00ae 3164HT - technisches Blatt der wei\u00dfen Folie, auf der die 3D-Aufkleber hergestellt werden.\u00a0<strong><a href=\"\/wp-content\/uploads\/2025\/01\/orajet-3164ht-id3504-technical-data-sheet-europe-en.pdf\" target=\"_blank\" rel=\"noopener\">Herunterladen<\/a><\/strong><\/p>","protected":false},"excerpt":{"rendered":"<p>Konvexe Aufkleber. Selbstklebende 3D-Etiketten, die mit transparentem Harz \u00fcberflutet sind.<\/p>","protected":false},"featured_media":28642,"template":"","meta":{"_seopress_robots_primary_cat":"none","_seopress_titles_title":"","_seopress_titles_desc":"","_seopress_robots_index":""},"product_brand":[],"product_cat":[283],"product_tag":[449,446,445],"class_list":{"0":"post-3476","1":"product","2":"type-product","3":"status-publish","4":"has-post-thumbnail","6":"product_cat-naklejki-plomby","7":"product_tag-produkcja","8":"product_tag-promowanie","9":"product_tag-sprzedaz-handel","11":"first","12":"instock","13":"taxable","14":"shipping-taxable","15":"purchasable","16":"product-type-simple"},"_links":{"self":[{"href":"https:\/\/printagram.com\/de\/wp-json\/wp\/v2\/product\/3476","targetHints":{"allow":["GET"]}}],"collection":[{"href":"https:\/\/printagram.com\/de\/wp-json\/wp\/v2\/product"}],"about":[{"href":"https:\/\/printagram.com\/de\/wp-json\/wp\/v2\/types\/product"}],"wp:featuredmedia":[{"embeddable":true,"href":"https:\/\/printagram.com\/de\/wp-json\/wp\/v2\/media\/28642"}],"wp:attachment":[{"href":"https:\/\/printagram.com\/de\/wp-json\/wp\/v2\/media?parent=3476"}],"wp:term":[{"taxonomy":"product_brand","embeddable":true,"href":"https:\/\/printagram.com\/de\/wp-json\/wp\/v2\/product_brand?post=3476"},{"taxonomy":"product_cat","embeddable":true,"href":"https:\/\/printagram.com\/de\/wp-json\/wp\/v2\/product_cat?post=3476"},{"taxonomy":"product_tag","embeddable":true,"href":"https:\/\/printagram.com\/de\/wp-json\/wp\/v2\/product_tag?post=3476"}],"curies":[{"name":"wp","href":"https:\/\/api.w.org\/{rel}","templated":true}]}}