{"id":3460,"date":"2023-01-02T13:58:06","date_gmt":"2023-01-02T12:58:06","guid":{"rendered":"https:\/\/printagram.com\/produkt\/koperty-ekskluzywne\/"},"modified":"2025-01-26T19:51:01","modified_gmt":"2025-01-26T18:51:01","slug":"koperty-ekskluzywne-konfigurator","status":"publish","type":"product","link":"https:\/\/printagram.com\/de\/produkt\/kuverts-exklusiv-konfigurator\/","title":{"rendered":"Exklusive Briefumschl\u00e4ge - Konfigurator"},"content":{"rendered":"<p><strong>Exklusive Briefumschl\u00e4ge auf Dekorpapier<\/strong>. Exklusives Papier, Qualit\u00e4tsdruck und die besten Veredelungsmethoden machen aus Ihnen die luxuri\u00f6sesten Umschl\u00e4ge f\u00fcr Ihre Korrespondenz, Einladungen, Gutscheine oder andere wertvolle Geschenke. Es stehen mehrere vorgefertigte g\u00e4ngige Formate zur Verf\u00fcgung, wie z.B. DL, C6, C5, aber es ist auch m\u00f6glich, Umschl\u00e4ge in nicht standardisierten Gr\u00f6\u00dfen und Formen herzustellen.<\/p>","protected":false},"excerpt":{"rendered":"<p>Exklusive Papiere, Qualit\u00e4tsdruck und die besten Veredelungsmethoden.<\/p>","protected":false},"featured_media":30589,"template":"","meta":{"_seopress_robots_primary_cat":"","_seopress_titles_title":"","_seopress_titles_desc":"","_seopress_robots_index":""},"product_brand":[],"product_cat":[299],"product_tag":[444,438,437,446,443,440],"class_list":{"0":"post-3460","1":"product","2":"type-product","3":"status-publish","4":"has-post-thumbnail","6":"product_cat-papeteria-papier-koperty","7":"product_tag-firma-biuro","8":"product_tag-hot-stamping","9":"product_tag-lakier-uv-selektywny","10":"product_tag-promowanie","11":"product_tag-sitodruk","12":"product_tag-tloczenie-wypukle","14":"first","15":"instock","16":"taxable","17":"shipping-taxable","18":"purchasable","19":"product-type-simple"},"_links":{"self":[{"href":"https:\/\/printagram.com\/de\/wp-json\/wp\/v2\/product\/3460","targetHints":{"allow":["GET"]}}],"collection":[{"href":"https:\/\/printagram.com\/de\/wp-json\/wp\/v2\/product"}],"about":[{"href":"https:\/\/printagram.com\/de\/wp-json\/wp\/v2\/types\/product"}],"wp:featuredmedia":[{"embeddable":true,"href":"https:\/\/printagram.com\/de\/wp-json\/wp\/v2\/media\/30589"}],"wp:attachment":[{"href":"https:\/\/printagram.com\/de\/wp-json\/wp\/v2\/media?parent=3460"}],"wp:term":[{"taxonomy":"product_brand","embeddable":true,"href":"https:\/\/printagram.com\/de\/wp-json\/wp\/v2\/product_brand?post=3460"},{"taxonomy":"product_cat","embeddable":true,"href":"https:\/\/printagram.com\/de\/wp-json\/wp\/v2\/product_cat?post=3460"},{"taxonomy":"product_tag","embeddable":true,"href":"https:\/\/printagram.com\/de\/wp-json\/wp\/v2\/product_tag?post=3460"}],"curies":[{"name":"wp","href":"https:\/\/api.w.org\/{rel}","templated":true}]}}