{"id":3456,"date":"2023-01-02T13:57:51","date_gmt":"2023-01-02T12:57:51","guid":{"rendered":"https:\/\/printagram.com\/produkt\/teczki-firmowe-ekskluzywne\/"},"modified":"2025-04-22T12:49:43","modified_gmt":"2025-04-22T10:49:43","slug":"teczki-firmowe-ekskluzywne","status":"publish","type":"product","link":"https:\/\/printagram.com\/de\/produkt\/exklusive-prasentationsmappen\/","title":{"rendered":"Exklusive Firmenmappen"},"content":{"rendered":"<p><strong>Angebotsmappen f\u00fcr Unternehmen. <\/strong>Wenn Sie auf der Suche nach originellen Firmenmappen sind, um Ihr Unternehmen gut zu pr\u00e4sentieren, sind Sie bei uns genau richtig. Unsere Mappen sind ein Luxusprodukt. Sicherlich viel teurer als die \u00fcblicherweise angebotenen Mappen, aber sehr einzigartig. Sie k\u00f6nnen das Papier, aus dem die Mappen hergestellt werden sollen, selbst w\u00e4hlen. Sie k\u00f6nnen aus \u00fcber 300 Papiersorten w\u00e4hlen. Auch Baumwollpapier. Exklusive Drucke und Veredelungen wie Relief- und Tiefdruckpr\u00e4gung, Hei\u00dfpr\u00e4gung oder UV-Relieflackierung. Sie k\u00f6nnen aus \u00fcber einem Dutzend Designs w\u00e4hlen - gestanzt. Traditionell gefaltete Mappen oder Mappen, die mit einem speziellen Faden oder einem Bindeband verschlossen werden. <i>(F\u00e4den oder B\u00e4nder werden nicht mitgeliefert)<\/i>.<\/p>","protected":false},"excerpt":{"rendered":"<p>Diese Mappen sind ein Luxusprodukt. Exklusive Druck- und Veredelungsverfahren wie Relief- und Tiefdruckpr\u00e4gung, Hei\u00dfpr\u00e4gung, UV-Lackierung.<\/p>","protected":false},"featured_media":22505,"template":"","meta":{"_seopress_robots_primary_cat":"none","_seopress_titles_title":"","_seopress_titles_desc":"","_seopress_robots_index":""},"product_brand":[],"product_cat":[292],"product_tag":[444,438,448,437,441,446,443,440],"class_list":{"0":"post-3456","1":"product","2":"type-product","3":"status-publish","4":"has-post-thumbnail","6":"product_cat-teczki-segregatory","7":"product_tag-firma-biuro","8":"product_tag-hot-stamping","9":"product_tag-konferencje-kursy-szkolenia","10":"product_tag-lakier-uv-selektywny","11":"product_tag-letterpress","12":"product_tag-promowanie","13":"product_tag-sitodruk","14":"product_tag-tloczenie-wypukle","16":"first","17":"instock","18":"taxable","19":"shipping-taxable","20":"purchasable","21":"product-type-simple"},"_links":{"self":[{"href":"https:\/\/printagram.com\/de\/wp-json\/wp\/v2\/product\/3456","targetHints":{"allow":["GET"]}}],"collection":[{"href":"https:\/\/printagram.com\/de\/wp-json\/wp\/v2\/product"}],"about":[{"href":"https:\/\/printagram.com\/de\/wp-json\/wp\/v2\/types\/product"}],"wp:featuredmedia":[{"embeddable":true,"href":"https:\/\/printagram.com\/de\/wp-json\/wp\/v2\/media\/22505"}],"wp:attachment":[{"href":"https:\/\/printagram.com\/de\/wp-json\/wp\/v2\/media?parent=3456"}],"wp:term":[{"taxonomy":"product_brand","embeddable":true,"href":"https:\/\/printagram.com\/de\/wp-json\/wp\/v2\/product_brand?post=3456"},{"taxonomy":"product_cat","embeddable":true,"href":"https:\/\/printagram.com\/de\/wp-json\/wp\/v2\/product_cat?post=3456"},{"taxonomy":"product_tag","embeddable":true,"href":"https:\/\/printagram.com\/de\/wp-json\/wp\/v2\/product_tag?post=3456"}],"curies":[{"name":"wp","href":"https:\/\/api.w.org\/{rel}","templated":true}]}}