{"id":3454,"date":"2023-01-02T13:57:44","date_gmt":"2023-01-02T12:57:44","guid":{"rendered":"https:\/\/printagram.com\/produkt\/zaproszenia-karnety-ekskluzywne\/"},"modified":"2025-01-26T19:59:09","modified_gmt":"2025-01-26T18:59:09","slug":"zaproszenia-karnety-ekskluzywne","status":"publish","type":"product","link":"https:\/\/printagram.com\/de\/produkt\/einladungen-exklusive-karten\/","title":{"rendered":"Exklusive Einladungen"},"content":{"rendered":"<p><strong>Einladungen, Weihnachtskarten, Gru\u00dfkarten.<\/strong>\u00a0Sie k\u00f6nnen gefaltet sein oder auch nicht. Es gibt viele Anl\u00e4sse, die auf besondere Weise gew\u00fcrdigt werden m\u00fcssen. Das kann ein Geburtstag sein, ein Firmenjubil\u00e4um, eine Einladung zur Er\u00f6ffnung eines neuen Ausstellungsraums, eine Einladung zum Geburtstag Ihres Chefs, Weihnachtsw\u00fcnsche f\u00fcr gute Gesch\u00e4ftspartner oder irgendetwas von Bedeutung, das Sie hervorheben m\u00f6chten. Die von uns angebotenen Einladungen und Weihnachtskarten sind Premiumprodukte f\u00fcr sehr anspruchsvolle Kunden. Es lohnt sich auf jeden Fall, dieses Produkt zu bestellen, wenn Sie die h\u00f6chste Qualit\u00e4t w\u00fcnschen. Exklusives Papier, hochwertiger Druck und beste Veredelungsmethoden.<\/p>","protected":false},"excerpt":{"rendered":"<p>Einladungen und Weihnachtskarten sind Premiumprodukte f\u00fcr sehr anspruchsvolle Kunden.<\/p>","protected":false},"featured_media":22456,"template":"","meta":{"_seopress_robots_primary_cat":"","_seopress_titles_title":"","_seopress_titles_desc":"","_seopress_robots_index":""},"product_brand":[],"product_cat":[305],"product_tag":[447,438,439,437,441,443,440],"class_list":{"0":"post-3454","1":"product","2":"type-product","3":"status-publish","4":"has-post-thumbnail","6":"product_cat-zaproszenia","7":"product_tag-eventy","8":"product_tag-hot-stamping","9":"product_tag-kaszerowanie","10":"product_tag-lakier-uv-selektywny","11":"product_tag-letterpress","12":"product_tag-sitodruk","13":"product_tag-tloczenie-wypukle","15":"first","16":"instock","17":"taxable","18":"shipping-taxable","19":"purchasable","20":"product-type-simple"},"_links":{"self":[{"href":"https:\/\/printagram.com\/de\/wp-json\/wp\/v2\/product\/3454","targetHints":{"allow":["GET"]}}],"collection":[{"href":"https:\/\/printagram.com\/de\/wp-json\/wp\/v2\/product"}],"about":[{"href":"https:\/\/printagram.com\/de\/wp-json\/wp\/v2\/types\/product"}],"wp:featuredmedia":[{"embeddable":true,"href":"https:\/\/printagram.com\/de\/wp-json\/wp\/v2\/media\/22456"}],"wp:attachment":[{"href":"https:\/\/printagram.com\/de\/wp-json\/wp\/v2\/media?parent=3454"}],"wp:term":[{"taxonomy":"product_brand","embeddable":true,"href":"https:\/\/printagram.com\/de\/wp-json\/wp\/v2\/product_brand?post=3454"},{"taxonomy":"product_cat","embeddable":true,"href":"https:\/\/printagram.com\/de\/wp-json\/wp\/v2\/product_cat?post=3454"},{"taxonomy":"product_tag","embeddable":true,"href":"https:\/\/printagram.com\/de\/wp-json\/wp\/v2\/product_tag?post=3454"}],"curies":[{"name":"wp","href":"https:\/\/api.w.org\/{rel}","templated":true}]}}