{"id":3450,"date":"2023-01-02T13:57:32","date_gmt":"2023-01-02T12:57:32","guid":{"rendered":"https:\/\/printagram.com\/produkt\/papier-firmowy-ekskluzywny\/"},"modified":"2025-01-26T19:51:16","modified_gmt":"2025-01-26T18:51:16","slug":"papier-firmowy-ekskluzywny","status":"publish","type":"product","link":"https:\/\/printagram.com\/de\/produkt\/briefpapier-exklusiv\/","title":{"rendered":"Exklusiver Briefkopf"},"content":{"rendered":"<p><strong>Exklusives Briefpapier auf Spezialpapier<\/strong>. Geh\u00e4mmertes Tintoretto 140g Papier mit Marmorstruktur. CMYK-Digitaldruck und die besten Veredelungstechniken. Dank dieser Mischung aus Zutaten und Methoden produzieren wir die besten Briefpapiere, Briefb\u00f6gen oder repr\u00e4sentative Briefb\u00f6gen. Elegante Briefk\u00f6pfe unterstreichen den Status und das Prestige Ihrer eigenen Korrespondenz in den Briefen, die Sie verschicken. Ein sch\u00f6nes Blatt mit einem eleganten gl\u00e4nzenden oder gepr\u00e4gten Logo im Briefkopf - das ist die Art von Korrespondenz, an der die Empf\u00e4nger nicht gleichg\u00fcltig vor\u00fcbergehen.<\/p>","protected":false},"excerpt":{"rendered":"<p>Unternehmenskorrespondenz auf exklusivem Tintoretto Gesso oder Tintoretto Crema 140g Papier. CMYK-Druck plus optionale Hei\u00dfpr\u00e4gung und Reliefpr\u00e4gung.<\/p>","protected":false},"featured_media":20749,"template":"","meta":{"_seopress_robots_primary_cat":"","_seopress_titles_title":"","_seopress_titles_desc":"","_seopress_robots_index":""},"product_brand":[],"product_cat":[299],"product_tag":[444,438,437,440],"class_list":{"0":"post-3450","1":"product","2":"type-product","3":"status-publish","4":"has-post-thumbnail","6":"product_cat-papeteria-papier-koperty","7":"product_tag-firma-biuro","8":"product_tag-hot-stamping","9":"product_tag-lakier-uv-selektywny","10":"product_tag-tloczenie-wypukle","12":"first","13":"instock","14":"taxable","15":"shipping-taxable","16":"purchasable","17":"product-type-simple"},"_links":{"self":[{"href":"https:\/\/printagram.com\/de\/wp-json\/wp\/v2\/product\/3450","targetHints":{"allow":["GET"]}}],"collection":[{"href":"https:\/\/printagram.com\/de\/wp-json\/wp\/v2\/product"}],"about":[{"href":"https:\/\/printagram.com\/de\/wp-json\/wp\/v2\/types\/product"}],"wp:featuredmedia":[{"embeddable":true,"href":"https:\/\/printagram.com\/de\/wp-json\/wp\/v2\/media\/20749"}],"wp:attachment":[{"href":"https:\/\/printagram.com\/de\/wp-json\/wp\/v2\/media?parent=3450"}],"wp:term":[{"taxonomy":"product_brand","embeddable":true,"href":"https:\/\/printagram.com\/de\/wp-json\/wp\/v2\/product_brand?post=3450"},{"taxonomy":"product_cat","embeddable":true,"href":"https:\/\/printagram.com\/de\/wp-json\/wp\/v2\/product_cat?post=3450"},{"taxonomy":"product_tag","embeddable":true,"href":"https:\/\/printagram.com\/de\/wp-json\/wp\/v2\/product_tag?post=3450"}],"curies":[{"name":"wp","href":"https:\/\/api.w.org\/{rel}","templated":true}]}}