{"id":33139,"date":"2024-01-12T12:23:26","date_gmt":"2024-01-12T11:23:26","guid":{"rendered":"https:\/\/printagram.com\/produkt\/wizytowki-wild-white-sitodruk-letterpress-1054-plotno-projektanta-copy\/"},"modified":"2025-02-13T14:53:10","modified_gmt":"2025-02-13T13:53:10","slug":"wizytowki-papier-cotton-white-sitodruk-letterpress-1055-bawelniane-blyskotki","status":"publish","type":"product","link":"https:\/\/printagram.com\/de\/produkt\/visitenkarten-cotton-papier-white-siebdruck-buchdruck-1055-baumwoll-schmuckstucke\/","title":{"rendered":"Visitenkarten mit letterpress \"Cotton Blossoms\" #1055"},"content":{"rendered":"<p><strong><i>Pr\u00e4gung<\/i><\/strong> ist die Hervorhebung eines beliebigen Elements mit einer individuell erstellten Matrix. Dies kann ein Logo, ein Text, ein Ornament usw. sein.<br \/>\n<p>Weitere Informationen finden Sie auf der Seite \u00fcber <a href=\"\/de\/category\/technologie\/\">Druck- und Veredelungstechniken<\/a>.<\/p>\n<p class=\"szukasz\"><strong>Suchen Sie etwas anderes?<\/strong> Wenn Sie m\u00f6chten, k\u00f6nnen Sie Ihre eigenen Visitenkarten mit allen m\u00f6glichen Optionen und beliebigen Papieren konfigurieren, indem Sie die <a href=\"https:\/\/printagram.com\/de\/produkt\/exklusive-visitenkarten-konfigurator\/\">exklusiver Visitenkarten-Konfigurator<\/a>.<\/p>\n<\/p>","protected":false},"excerpt":{"rendered":"<p>Visitenkarte aus dem dicksten verf\u00fcgbaren Papier Cotton Max 600g. Buchdruck (konkaves Relief)) auf der Vorderseite. Gedruckt mit 1 Tinte und holografischem hot-stamping auf der Vorderseite.<\/p>","protected":false},"featured_media":33005,"template":"","meta":{"_seopress_robots_primary_cat":"none","_seopress_titles_title":"","_seopress_titles_desc":"","_seopress_robots_index":""},"product_brand":[],"product_cat":[413,414],"product_tag":[444,448,441,446,443],"class_list":{"0":"post-33139","1":"product","2":"type-product","3":"status-publish","4":"has-post-thumbnail","6":"product_cat-wizytowki-hot-stamping","7":"product_cat-wizytowki-tloczone","8":"product_tag-firma-biuro","9":"product_tag-konferencje-kursy-szkolenia","10":"product_tag-letterpress","11":"product_tag-promowanie","12":"product_tag-sitodruk","14":"first","15":"instock","16":"taxable","17":"shipping-taxable","18":"purchasable","19":"product-type-simple"},"_links":{"self":[{"href":"https:\/\/printagram.com\/de\/wp-json\/wp\/v2\/product\/33139","targetHints":{"allow":["GET"]}}],"collection":[{"href":"https:\/\/printagram.com\/de\/wp-json\/wp\/v2\/product"}],"about":[{"href":"https:\/\/printagram.com\/de\/wp-json\/wp\/v2\/types\/product"}],"wp:featuredmedia":[{"embeddable":true,"href":"https:\/\/printagram.com\/de\/wp-json\/wp\/v2\/media\/33005"}],"wp:attachment":[{"href":"https:\/\/printagram.com\/de\/wp-json\/wp\/v2\/media?parent=33139"}],"wp:term":[{"taxonomy":"product_brand","embeddable":true,"href":"https:\/\/printagram.com\/de\/wp-json\/wp\/v2\/product_brand?post=33139"},{"taxonomy":"product_cat","embeddable":true,"href":"https:\/\/printagram.com\/de\/wp-json\/wp\/v2\/product_cat?post=33139"},{"taxonomy":"product_tag","embeddable":true,"href":"https:\/\/printagram.com\/de\/wp-json\/wp\/v2\/product_tag?post=33139"}],"curies":[{"name":"wp","href":"https:\/\/api.w.org\/{rel}","templated":true}]}}