{"id":30976,"date":"2023-10-12T15:43:03","date_gmt":"2023-10-12T13:43:03","guid":{"rendered":"https:\/\/printagram.com\/produkt\/probki-papieru-copy\/"},"modified":"2024-12-29T21:36:15","modified_gmt":"2024-12-29T20:36:15","slug":"probki-produktow-na-zyczenie","status":"publish","type":"product","link":"https:\/\/printagram.com\/de\/produkt\/produktmuster-auf-anfrage\/","title":{"rendered":"Produktmuster auf Anfrage"},"content":{"rendered":"<p>\u00dcberlegen Sie, f\u00fcr welche Art von Produkten Sie sich interessieren, um die n\u00fctzlichsten Muster zu erhalten. Damit es sich um wertvolle Muster handelt, sollten Sie die Farben, Papiersorten und Techniken angeben, die Sie sehen m\u00f6chten. So erhalten Sie Beispiele, die den Produkten, die Sie bestellen m\u00f6chten, am \u00e4hnlichsten sind. Dabei handelt es sich um Muster von Arbeiten, die wir bereits f\u00fcr andere Kunden angefertigt haben.<\/p>\n<p>Geben Sie in den Kommentaren zu Ihrer Bestellung an, welche Muster Sie gerne erhalten m\u00f6chten. Wir werden versuchen, bis zu 5 der repr\u00e4sentativsten Beispiele f\u00fcr das, was Sie interessiert, vorzubereiten und Ihnen zuzusenden.<\/p>","protected":false},"excerpt":{"rendered":"<p>Produktmuster zur Veranschaulichung der Rohstoffe und Techniken, an denen Sie interessiert sind. Beschreiben Sie diese in einem Kommentar, und wir werden bis zu 5 Suchanfragen nach solchen Beispielen vorbereiten und versenden.<\/p>","protected":false},"featured_media":34194,"template":"","meta":{"_seopress_robots_primary_cat":"none","_seopress_titles_title":"","_seopress_titles_desc":"","_seopress_robots_index":""},"product_brand":[],"product_cat":[436],"product_tag":[],"class_list":{"0":"post-30976","1":"product","2":"type-product","3":"status-publish","4":"has-post-thumbnail","6":"product_cat-probki","7":"product_shipping_class-probki-plaskie","9":"first","10":"instock","11":"taxable","12":"shipping-taxable","13":"purchasable","14":"product-type-simple"},"_links":{"self":[{"href":"https:\/\/printagram.com\/de\/wp-json\/wp\/v2\/product\/30976","targetHints":{"allow":["GET"]}}],"collection":[{"href":"https:\/\/printagram.com\/de\/wp-json\/wp\/v2\/product"}],"about":[{"href":"https:\/\/printagram.com\/de\/wp-json\/wp\/v2\/types\/product"}],"wp:featuredmedia":[{"embeddable":true,"href":"https:\/\/printagram.com\/de\/wp-json\/wp\/v2\/media\/34194"}],"wp:attachment":[{"href":"https:\/\/printagram.com\/de\/wp-json\/wp\/v2\/media?parent=30976"}],"wp:term":[{"taxonomy":"product_brand","embeddable":true,"href":"https:\/\/printagram.com\/de\/wp-json\/wp\/v2\/product_brand?post=30976"},{"taxonomy":"product_cat","embeddable":true,"href":"https:\/\/printagram.com\/de\/wp-json\/wp\/v2\/product_cat?post=30976"},{"taxonomy":"product_tag","embeddable":true,"href":"https:\/\/printagram.com\/de\/wp-json\/wp\/v2\/product_tag?post=30976"}],"curies":[{"name":"wp","href":"https:\/\/api.w.org\/{rel}","templated":true}]}}