{"id":30971,"date":"2023-10-12T15:18:02","date_gmt":"2023-10-12T13:18:02","guid":{"rendered":"https:\/\/printagram.com\/produkt\/probki-papieru-copy\/"},"modified":"2025-09-19T23:42:30","modified_gmt":"2025-09-19T21:42:30","slug":"probki-kilku-wybranych-papierow","status":"publish","type":"product","link":"https:\/\/printagram.com\/de\/produkt\/muster-einiger-ausgewahlter-papiere\/","title":{"rendered":"Muster einiger ausgew\u00e4hlter Dekorationspapiere"},"content":{"rendered":"<p>Sie sind sich nicht sicher, welches Papier Sie w\u00e4hlen sollen? Bestellen Sie Muster.<br \/>\nW\u00e4hlen Sie einige aus, die Sie sehen, anfassen und pr\u00fcfen m\u00f6chten, bevor Sie Ihre endg\u00fcltige Bestellung f\u00fcr ein exklusives Produkt aufgeben.<br \/>\nWenn Sie sich nicht sicher sind, welches Papier f\u00fcr Ihre Zwecke am besten geeignet ist, dann bestellen Sie Muster. Sie k\u00f6nnen angeben, welche Papiere Sie \"live\" testen m\u00f6chten und dies in den Kommentaren vermerken. W\u00e4hlen Sie bis zu 5 verschiedene Muster aus dem gesamten Sortiment aus, das bei uns erh\u00e4ltlich ist. Wir bereiten sie f\u00fcr Sie vor und schicken sie Ihnen zu.<\/p>","protected":false},"excerpt":{"rendered":"<ol>\n<li>Ein Satz von 5 dekorativen Papiermustern Ihrer Wahl.<\/li>\n<\/ol>","protected":false},"featured_media":34196,"template":"","meta":{"_seopress_robots_primary_cat":"none","_seopress_titles_title":"","_seopress_titles_desc":"","_seopress_robots_index":""},"product_brand":[],"product_cat":[436],"product_tag":[],"class_list":{"0":"post-30971","1":"product","2":"type-product","3":"status-publish","4":"has-post-thumbnail","6":"product_cat-probki","7":"product_shipping_class-probki-plaskie","9":"first","10":"instock","11":"taxable","12":"shipping-taxable","13":"purchasable","14":"product-type-simple"},"_links":{"self":[{"href":"https:\/\/printagram.com\/de\/wp-json\/wp\/v2\/product\/30971","targetHints":{"allow":["GET"]}}],"collection":[{"href":"https:\/\/printagram.com\/de\/wp-json\/wp\/v2\/product"}],"about":[{"href":"https:\/\/printagram.com\/de\/wp-json\/wp\/v2\/types\/product"}],"wp:featuredmedia":[{"embeddable":true,"href":"https:\/\/printagram.com\/de\/wp-json\/wp\/v2\/media\/34196"}],"wp:attachment":[{"href":"https:\/\/printagram.com\/de\/wp-json\/wp\/v2\/media?parent=30971"}],"wp:term":[{"taxonomy":"product_brand","embeddable":true,"href":"https:\/\/printagram.com\/de\/wp-json\/wp\/v2\/product_brand?post=30971"},{"taxonomy":"product_cat","embeddable":true,"href":"https:\/\/printagram.com\/de\/wp-json\/wp\/v2\/product_cat?post=30971"},{"taxonomy":"product_tag","embeddable":true,"href":"https:\/\/printagram.com\/de\/wp-json\/wp\/v2\/product_tag?post=30971"}],"curies":[{"name":"wp","href":"https:\/\/api.w.org\/{rel}","templated":true}]}}