{"id":30967,"date":"2023-10-12T14:49:49","date_gmt":"2023-10-12T12:49:49","guid":{"rendered":"https:\/\/printagram.com\/produkt\/projekt-graficzny-copy\/"},"modified":"2025-03-27T12:52:23","modified_gmt":"2025-03-27T11:52:23","slug":"probki-papieru","status":"publish","type":"product","link":"https:\/\/printagram.com\/de\/produkt\/deko-papier-musterbuch\/","title":{"rendered":"Dekoratives Papiermustertuch"},"content":{"rendered":"<p>Sie sind unschl\u00fcssig, welches Papier Sie w\u00e4hlen sollen? Bestellen Sie eine Reihe von Papiermustern!<\/p>\n<p>Ein kompletter Satz der von uns verwendeten Dekorationspapiere. Die Muster sind nach Typ gruppiert. Kombiniert in Stapeln. Die Muster tragen nicht unsere Kennzeichnung, so dass Sie sie Kunden und Subunternehmern frei pr\u00e4sentieren k\u00f6nnen. Ein unsch\u00e4tzbares Werkzeug f\u00fcr Wiederverk\u00e4ufer und Werbeagenturen.<\/p>","protected":false},"excerpt":{"rendered":"<p>Ein kompletter Satz von Dekorationspapieren, die nach Typen gruppiert und gestapelt sind.<\/p>","protected":false},"featured_media":34191,"template":"","meta":{"_seopress_robots_primary_cat":"none","_seopress_titles_title":"","_seopress_titles_desc":"","_seopress_robots_index":""},"product_brand":[],"product_cat":[436],"product_tag":[],"class_list":{"0":"post-30967","1":"product","2":"type-product","3":"status-publish","4":"has-post-thumbnail","6":"product_cat-probki","7":"product_shipping_class-lekkie","9":"first","10":"outofstock","11":"taxable","12":"shipping-taxable","13":"purchasable","14":"product-type-simple"},"_links":{"self":[{"href":"https:\/\/printagram.com\/de\/wp-json\/wp\/v2\/product\/30967","targetHints":{"allow":["GET"]}}],"collection":[{"href":"https:\/\/printagram.com\/de\/wp-json\/wp\/v2\/product"}],"about":[{"href":"https:\/\/printagram.com\/de\/wp-json\/wp\/v2\/types\/product"}],"wp:featuredmedia":[{"embeddable":true,"href":"https:\/\/printagram.com\/de\/wp-json\/wp\/v2\/media\/34191"}],"wp:attachment":[{"href":"https:\/\/printagram.com\/de\/wp-json\/wp\/v2\/media?parent=30967"}],"wp:term":[{"taxonomy":"product_brand","embeddable":true,"href":"https:\/\/printagram.com\/de\/wp-json\/wp\/v2\/product_brand?post=30967"},{"taxonomy":"product_cat","embeddable":true,"href":"https:\/\/printagram.com\/de\/wp-json\/wp\/v2\/product_cat?post=30967"},{"taxonomy":"product_tag","embeddable":true,"href":"https:\/\/printagram.com\/de\/wp-json\/wp\/v2\/product_tag?post=30967"}],"curies":[{"name":"wp","href":"https:\/\/api.w.org\/{rel}","templated":true}]}}