{"id":30564,"date":"2023-10-01T21:59:17","date_gmt":"2023-10-01T19:59:17","guid":{"rendered":"https:\/\/printagram.com\/produkt\/metki-zawieszki-ekskluzywne-konfigurator-copy\/"},"modified":"2026-01-10T19:08:47","modified_gmt":"2026-01-10T18:08:47","slug":"vouchery-ekskluzywne-konfigurator","status":"publish","type":"product","link":"https:\/\/printagram.com\/de\/produkt\/exklusiv-gutscheine-konfigurator\/","title":{"rendered":"Exklusive Gutscheine - Konfigurator"},"content":{"rendered":"<p><strong>Geschenkkarten, Geschenkgutscheine, Gutscheine<\/strong> sind manchmal ein unverzichtbares Element von Marketingstrategien und -kampagnen. Au\u00dfergew\u00f6hnliche Waren und wertvolle Dienstleistungen k\u00f6nnen den Kunden in Form einer Karte, eines Gutscheins oder eines Coupons angeboten werden. Der Kunde kann selbst entscheiden, zu welchem Zeitpunkt er das Geschenk, die Pr\u00e4mie oder die im Voraus gekaufte Dienstleistung einl\u00f6st. Die von uns angebotenen Produkte sind f\u00fcr anspruchsvolle Kunden konzipiert und werden meist f\u00fcr die Vermarktung von Premium-Produkten oder -Dienstleistungen eingesetzt. Exklusives Papier, hochwertiger Druck und beste Veredelungsmethoden bieten eine luxuri\u00f6se Alternative f\u00fcr Ihr Marketing- oder Treueprogramm.<\/p>\n<h5>Drucktechniken<\/h5>\n<p>Druck- und Veredelungstechniken wie Laminierung (Kombination von Papieren), Siebdruck, Digitaldruck, UV-Lackierung, Hei\u00dfpr\u00e4gung, Buchdruck (Tiefdruck) und Pr\u00e4gung k\u00f6nnen eingesetzt werden. Weitere Informationen finden Sie auf der Website <a href=\"https:\/\/printagram.com\/de\/druck-und-weiterverarbeitung-2\/\">Druck- und Veredelungstechniken<\/a>.<\/p>\n<h5>Papierarten<\/h5>\n<p>Sie k\u00f6nnen ein beliebiges Papier w\u00e4hlen, aus dem der Gutschein bestehen soll. Die Papierschichten werden mit handels\u00fcblichem Klebstoff zusammengef\u00fcgt (laminiert). Sie k\u00f6nnen nicht getrennt werden, ohne sie zu zerst\u00f6ren.<\/p>\n<p>Sie eignet sich gut, um neue Dienstleistungen bei bestehenden Kunden zu bewerben, die sich vielleicht nie dazu entschlossen h\u00e4tten, das zus\u00e4tzliche Geld auszugeben.<\/p>","protected":false},"excerpt":{"rendered":"<p>Geschenkgutscheine oder Geschenkgutscheine. Sie k\u00f6nnen alle verf\u00fcgbaren Druck- und Veredelungstechniken wie Laminieren, Relief- und Tiefdruckpr\u00e4gung, Hei\u00dfpr\u00e4gung, UV-Lackierung einsetzen.<\/p>","protected":false},"featured_media":22516,"template":"","meta":{"_seopress_robots_primary_cat":"none","_seopress_titles_title":"","_seopress_titles_desc":"","_seopress_robots_index":""},"product_brand":[],"product_cat":[280],"product_tag":[447,438,439,437,441,446,443,445,440],"class_list":{"0":"post-30564","1":"product","2":"type-product","3":"status-publish","4":"has-post-thumbnail","6":"product_cat-vouchery-bony","7":"product_tag-eventy","8":"product_tag-hot-stamping","9":"product_tag-kaszerowanie","10":"product_tag-lakier-uv-selektywny","11":"product_tag-letterpress","12":"product_tag-promowanie","13":"product_tag-sitodruk","14":"product_tag-sprzedaz-handel","15":"product_tag-tloczenie-wypukle","17":"first","18":"instock","19":"taxable","20":"shipping-taxable","21":"purchasable","22":"product-type-simple"},"_links":{"self":[{"href":"https:\/\/printagram.com\/de\/wp-json\/wp\/v2\/product\/30564","targetHints":{"allow":["GET"]}}],"collection":[{"href":"https:\/\/printagram.com\/de\/wp-json\/wp\/v2\/product"}],"about":[{"href":"https:\/\/printagram.com\/de\/wp-json\/wp\/v2\/types\/product"}],"wp:featuredmedia":[{"embeddable":true,"href":"https:\/\/printagram.com\/de\/wp-json\/wp\/v2\/media\/22516"}],"wp:attachment":[{"href":"https:\/\/printagram.com\/de\/wp-json\/wp\/v2\/media?parent=30564"}],"wp:term":[{"taxonomy":"product_brand","embeddable":true,"href":"https:\/\/printagram.com\/de\/wp-json\/wp\/v2\/product_brand?post=30564"},{"taxonomy":"product_cat","embeddable":true,"href":"https:\/\/printagram.com\/de\/wp-json\/wp\/v2\/product_cat?post=30564"},{"taxonomy":"product_tag","embeddable":true,"href":"https:\/\/printagram.com\/de\/wp-json\/wp\/v2\/product_tag?post=30564"}],"curies":[{"name":"wp","href":"https:\/\/api.w.org\/{rel}","templated":true}]}}