{"id":30546,"date":"2023-10-01T14:43:13","date_gmt":"2023-10-01T12:43:13","guid":{"rendered":"https:\/\/printagram.com\/produkt\/teczki-firmowe-ekskluzywne-copy\/"},"modified":"2025-01-26T19:29:28","modified_gmt":"2025-01-26T18:29:28","slug":"metki-zawieszki-ekskluzywne-konfigurator","status":"publish","type":"product","link":"https:\/\/printagram.com\/de\/produkt\/exklusiv-hangeetiketten-konfigurator\/","title":{"rendered":"Exklusive Hangtags - Konfigurator"},"content":{"rendered":"<div class=\"row\">\n<div class=\"col-12 card description-text shadow-none bg-transparent\">\n<div class=\"card-body pt-0 pb-0\">\n<p><strong>Exklusive Anh\u00e4nger, Etiketten, H\u00e4ngeetiketten, Schilder.<\/strong> Au\u00dfergew\u00f6hnliche Produkte erfordern eine au\u00dfergew\u00f6hnliche Etikettierung. Bei der Herstellung wertvoller und teurer Artikel ist es wichtig, sie richtig zu kennzeichnen. Das Etikett muss einzigartig sein und den Wert des Produkts, auf dem es angebracht ist, unterstreichen. Die Anwendungen k\u00f6nnen sehr vielf\u00e4ltig sein: Etiketten f\u00fcr luxuri\u00f6se Kleidungsst\u00fccke, Etiketten f\u00fcr Textilien, die in kleinen oder einmaligen Auflagen entworfen und handgefertigt werden, Etiketten f\u00fcr hochwertige Produkte, usw. Die Etiketten k\u00f6nnen mit allen m\u00f6glichen Druck- und Veredelungsarten versehen werden. Die Etiketten selbst k\u00f6nnen laminiert sein, d. h. aus mehreren Schichten von Dekorationspapier bestehen. Das Etikett kann sehr dick sein. Es kann aus speziellem Baumwollpapier hergestellt werden. Das Etikett kann eine eigene Form haben, die speziell f\u00fcr es entworfen wurde. Das Loch des Etiketts kann klein oder gro\u00df sein, und es kann auch ge\u00f6st sein, d.h. mit einer Metall\u00f6se befestigt werden.<\/p>\n<h5>Drucktechniken<\/h5>\n<p>Druck- und Veredelungstechniken wie Siebdruck, Digitaldruck, UV-Lackierung, Hei\u00dfpr\u00e4gung, Buchdruck (Hohlpr\u00e4gung) und Reliefpr\u00e4gung, die auf der anderen Seite nicht zu sehen ist, k\u00f6nnen eingesetzt werden. F\u00fcr weitere Informationen besuchen Sie bitte die Seite \u00fcber <a href=\"https:\/\/printagram.com\/de\/druck-und-weiterverarbeitung-2\/\">Druck- und Veredelungstechniken<\/a>.<\/p>\n<h5>Papierarten<\/h5>\n<p>Sie k\u00f6nnen ein beliebiges Papier w\u00e4hlen, aus dem der Gutschein bestehen soll. Die Papierschichten werden mit handels\u00fcblichem Klebstoff zusammengef\u00fcgt (laminiert). Sie k\u00f6nnen nicht getrennt werden, ohne sie zu zerst\u00f6ren.<\/p>\n<\/div>\n<\/div>\n<\/div>","protected":false},"excerpt":{"rendered":"<p>Au\u00dfergew\u00f6hnliche Produkte erfordern eine au\u00dfergew\u00f6hnliche Etikettierung. Alle Druck- und Veredelungstechniken wie Laminierung, Relief- und Tiefdruckpr\u00e4gung, Hei\u00dfpr\u00e4gung, UV-Lackierung k\u00f6nnen auf Etiketten angewendet werden.<\/p>","protected":false},"featured_media":30553,"template":"","meta":{"_seopress_robots_primary_cat":"","_seopress_titles_title":"","_seopress_titles_desc":"","_seopress_robots_index":""},"product_brand":[],"product_cat":[289],"product_tag":[438,439,437,441,449,446,443,445,440,442],"class_list":{"0":"post-30546","1":"product","2":"type-product","3":"status-publish","4":"has-post-thumbnail","6":"product_cat-metki-zawieszki","7":"product_tag-hot-stamping","8":"product_tag-kaszerowanie","9":"product_tag-lakier-uv-selektywny","10":"product_tag-letterpress","11":"product_tag-produkcja","12":"product_tag-promowanie","13":"product_tag-sitodruk","14":"product_tag-sprzedaz-handel","15":"product_tag-tloczenie-wypukle","16":"product_tag-zlote-krawedzie","18":"first","19":"instock","20":"taxable","21":"shipping-taxable","22":"purchasable","23":"product-type-simple"},"_links":{"self":[{"href":"https:\/\/printagram.com\/de\/wp-json\/wp\/v2\/product\/30546","targetHints":{"allow":["GET"]}}],"collection":[{"href":"https:\/\/printagram.com\/de\/wp-json\/wp\/v2\/product"}],"about":[{"href":"https:\/\/printagram.com\/de\/wp-json\/wp\/v2\/types\/product"}],"wp:featuredmedia":[{"embeddable":true,"href":"https:\/\/printagram.com\/de\/wp-json\/wp\/v2\/media\/30553"}],"wp:attachment":[{"href":"https:\/\/printagram.com\/de\/wp-json\/wp\/v2\/media?parent=30546"}],"wp:term":[{"taxonomy":"product_brand","embeddable":true,"href":"https:\/\/printagram.com\/de\/wp-json\/wp\/v2\/product_brand?post=30546"},{"taxonomy":"product_cat","embeddable":true,"href":"https:\/\/printagram.com\/de\/wp-json\/wp\/v2\/product_cat?post=30546"},{"taxonomy":"product_tag","embeddable":true,"href":"https:\/\/printagram.com\/de\/wp-json\/wp\/v2\/product_tag?post=30546"}],"curies":[{"name":"wp","href":"https:\/\/api.w.org\/{rel}","templated":true}]}}