{"id":27957,"date":"2023-05-26T14:46:21","date_gmt":"2023-05-26T12:46:21","guid":{"rendered":"https:\/\/printagram.com\/produkt\/wizytowki-kreda-ho-stamping-srebrny-czarny-letterpress-1052-srebrny-szlak-copy\/"},"modified":"2025-02-13T18:15:16","modified_gmt":"2025-02-13T17:15:16","slug":"wizytowki-sirio-tela-foglia-stardream-fine-gold-hot-stamping-1053-zloty-magnat","status":"publish","type":"product","link":"https:\/\/printagram.com\/de\/produkt\/visitenkarten-sirio-tela-foglia-stardream-fein-gold-heispragung-1053-goldener-magnat\/","title":{"rendered":"Visitenkarten mit hot-stampingiem Gold Magnat #1053"},"content":{"rendered":"<p><strong><i>Mehrschichtige Visitenkarten<\/i><\/strong> bestehen aus mehr als einer Papierschicht. Ihr Hauptmerkmal ist, dass sie dicker sind als normale Visitenkarten.<br \/>\n<strong><i>Hei\u00dfpr\u00e4gen<\/i><\/strong> ist eine hei\u00dfgepr\u00e4gte Folie, die sich perfekt von der Oberfl\u00e4che der Visitenkarte abhebt und einen attraktiven visuellen Effekt erzeugt.<\/p>","protected":false},"excerpt":{"rendered":"<p>2-lagig laminierte Visitenkarten. Eine Schicht ist ein gef\u00e4rbtes Papier mit Canvas-Struktur und die andere ist Stardream Fine Gold 285g. Goldene Hei\u00dfpr\u00e4gung auf der Vorderseite. Optionaler Goldrand.<\/p>","protected":false},"featured_media":26925,"template":"","meta":{"_seopress_robots_primary_cat":"none","_seopress_titles_title":"","_seopress_titles_desc":"","_seopress_robots_index":""},"product_brand":[],"product_cat":[413,415],"product_tag":[444,438,439,448,446,442],"class_list":{"0":"post-27957","1":"product","2":"type-product","3":"status-publish","4":"has-post-thumbnail","6":"product_cat-wizytowki-hot-stamping","7":"product_cat-wizytowki-kaszerowane","8":"product_tag-firma-biuro","9":"product_tag-hot-stamping","10":"product_tag-kaszerowanie","11":"product_tag-konferencje-kursy-szkolenia","12":"product_tag-promowanie","13":"product_tag-zlote-krawedzie","15":"first","16":"instock","17":"taxable","18":"shipping-taxable","19":"purchasable","20":"product-type-simple"},"_links":{"self":[{"href":"https:\/\/printagram.com\/de\/wp-json\/wp\/v2\/product\/27957","targetHints":{"allow":["GET"]}}],"collection":[{"href":"https:\/\/printagram.com\/de\/wp-json\/wp\/v2\/product"}],"about":[{"href":"https:\/\/printagram.com\/de\/wp-json\/wp\/v2\/types\/product"}],"wp:featuredmedia":[{"embeddable":true,"href":"https:\/\/printagram.com\/de\/wp-json\/wp\/v2\/media\/26925"}],"wp:attachment":[{"href":"https:\/\/printagram.com\/de\/wp-json\/wp\/v2\/media?parent=27957"}],"wp:term":[{"taxonomy":"product_brand","embeddable":true,"href":"https:\/\/printagram.com\/de\/wp-json\/wp\/v2\/product_brand?post=27957"},{"taxonomy":"product_cat","embeddable":true,"href":"https:\/\/printagram.com\/de\/wp-json\/wp\/v2\/product_cat?post=27957"},{"taxonomy":"product_tag","embeddable":true,"href":"https:\/\/printagram.com\/de\/wp-json\/wp\/v2\/product_tag?post=27957"}],"curies":[{"name":"wp","href":"https:\/\/api.w.org\/{rel}","templated":true}]}}