{"id":27924,"date":"2023-05-26T13:19:55","date_gmt":"2023-05-26T11:19:55","guid":{"rendered":"https:\/\/printagram.com\/produkt\/voucher-kreda-zlocenie-soft-touch-cmyk-2019-cleopatras-secret-copy\/"},"modified":"2026-02-12T12:41:39","modified_gmt":"2026-02-12T11:41:39","slug":"voucher-kreda-srebrzenie-soft-touch-cmyk-2020-srebrna-szata-krolowej-urody","status":"publish","type":"product","link":"https:\/\/printagram.com\/de\/produkt\/gutschein-silber-soft-touch-cmyk-2020-silbernes-gewand-der-schonheitskonigin\/","title":{"rendered":"Versilberte DL-Gutscheine \"Silbernes Gewand der Sch\u00f6nheitsk\u00f6nigin\" #2020"},"content":{"rendered":"<p>Gutscheine mit metallischem Relief-Effekt. Das Ber\u00fchren dieses Produkts vermittelt den Eindruck von erstarrtem fl\u00fcssigem Metall. Die leuchtenden Metallfarben reflektieren das Licht deutlich und vermitteln schon aus der Ferne den Eindruck von Ausstrahlung und Einzigartigkeit.<\/p>\n<p class=\"szukasz\"><strong>Suchen Sie nach anderen Optionen?<\/strong> Wenn Sie m\u00f6chten, k\u00f6nnen Sie Gutscheine dieses Typs mit allen m\u00f6glichen Optionen konfigurieren, indem Sie den <a href=\"https:\/\/printagram.com\/de\/produkt\/konfigurator-gutscheine-erhabene-metallic-folie-und-uv-relieflack\/\">Vergoldeter und UV-gepr\u00e4gter Gutscheinkonfigurator<\/a><\/p>\n<h5>Konvexe Vergoldung<\/h5>\n<p><em>Metallische konvexe Folie<\/em>. Bei dieser Technik handelt es sich um das matrixfreie Aufbringen von metallisierten Folien. Mit sehr starken Druckwalzen wird sie auf der gesamten Oberfl\u00e4che angebracht. Die metallisierte Folie haftet nur auf dem konvexen Spezialmaterial, wodurch der sch\u00f6ne Effekt einer dicken konvexen Schicht aus Gold, Silber oder einer anderen Farbe entsteht. Mehr \u00fcber diese Technik erfahren Sie in <a href=\"https:\/\/printagram.com\/de\/konvexe-vergoldung\/\">Artikel \u00fcber Reliefvergoldung<\/a>.<\/p>","protected":false},"excerpt":{"rendered":"<p>Gutscheine im DL-Format mit einem Gewicht von 350, vollfarbig, Soft-Touch (angenehm zu ber\u00fchren), beidseitig laminiert. Metallische Relieffolie auf der Vorderseite in Farbe <em><strong>Silber<\/strong><\/em>.<\/p>","protected":false},"featured_media":25940,"template":"","meta":{"_seopress_robots_primary_cat":"","_seopress_titles_title":"","_seopress_titles_desc":"","_seopress_robots_index":""},"product_brand":[],"product_cat":[280,536],"product_tag":[447,434,446,445],"class_list":{"0":"post-27924","1":"product","2":"type-product","3":"status-publish","4":"has-post-thumbnail","6":"product_cat-vouchery-bony","7":"product_cat-vouchery-zlocone","8":"product_tag-eventy","9":"product_tag-metallic-3d-zlocenie","10":"product_tag-promowanie","11":"product_tag-sprzedaz-handel","13":"first","14":"instock","15":"taxable","16":"shipping-taxable","17":"purchasable","18":"product-type-simple"},"_links":{"self":[{"href":"https:\/\/printagram.com\/de\/wp-json\/wp\/v2\/product\/27924","targetHints":{"allow":["GET"]}}],"collection":[{"href":"https:\/\/printagram.com\/de\/wp-json\/wp\/v2\/product"}],"about":[{"href":"https:\/\/printagram.com\/de\/wp-json\/wp\/v2\/types\/product"}],"wp:featuredmedia":[{"embeddable":true,"href":"https:\/\/printagram.com\/de\/wp-json\/wp\/v2\/media\/25940"}],"wp:attachment":[{"href":"https:\/\/printagram.com\/de\/wp-json\/wp\/v2\/media?parent=27924"}],"wp:term":[{"taxonomy":"product_brand","embeddable":true,"href":"https:\/\/printagram.com\/de\/wp-json\/wp\/v2\/product_brand?post=27924"},{"taxonomy":"product_cat","embeddable":true,"href":"https:\/\/printagram.com\/de\/wp-json\/wp\/v2\/product_cat?post=27924"},{"taxonomy":"product_tag","embeddable":true,"href":"https:\/\/printagram.com\/de\/wp-json\/wp\/v2\/product_tag?post=27924"}],"curies":[{"name":"wp","href":"https:\/\/api.w.org\/{rel}","templated":true}]}}