{"id":27868,"date":"2023-05-26T10:56:40","date_gmt":"2023-05-26T08:56:40","guid":{"rendered":"https:\/\/printagram.com\/produkt\/voucher-wypukle-zlocenie-folia-soft-touch-2014-niebieska-nieskonczonosc-copy-copy\/"},"modified":"2026-02-12T12:48:47","modified_gmt":"2026-02-12T11:48:47","slug":"voucher-dwie-warstwy-malmero-cedre-sitodruk-tloczenie-2016-voucher-jaki-jest-kazdy-widzi","status":"publish","type":"product","link":"https:\/\/printagram.com\/de\/produkt\/zweischichtiger-gutschein-malmero-cedre-siebdruck-embossing-2016-gutschein-wie-es-ist-jeder-kann-es-sehen\/","title":{"rendered":"Gepr\u00e4gte Gutscheine \"Gutschein wie er ist, jeder kann es sehen\" #2016"},"content":{"rendered":"<p>Geschenkgutscheine sind ein hervorragendes Instrument, um Kunden auf einfache Weise zur Inanspruchnahme der Dienstleistungen eines Unternehmens zu bewegen.<br \/>\n<strong><i>Schichten Gutscheine<\/i><\/strong> bestehen aus mehr als einer Papierschicht. Ihr Hauptmerkmal ist, dass sie dicker sind als Standardgutscheine.<br \/>\n<strong><i>Pr\u00e4gung<\/i><\/strong> ist die Hervorhebung eines beliebigen Elements mit einer individuell erstellten Matrix. Dies kann ein Logo, ein Text, ein Ornament usw. sein.<br \/>\n<p>Weitere Informationen finden Sie auf der Seite \u00fcber <a href=\"https:\/\/printagram.com\/de\/druck-und-weiterverarbeitung-2\/\">Druck- und Veredelungstechniken<\/a>.<\/p>\n<p class=\"szukasz\"><strong>Suchen Sie etwas anderes?<\/strong> Wenn Sie m\u00f6chten, k\u00f6nnen Sie Ihre eigenen exklusiven Gutscheine mit allen m\u00f6glichen Optionen und beliebigen Papieren konfigurieren, indem Sie die <a href=\"https:\/\/printagram.com\/de\/produkt\/exklusiv-gutscheine-konfigurator\/\">exklusiver Gutschein-Konfigurator<\/a>.<\/p>\n<\/p>","protected":false},"excerpt":{"rendered":"<p>2-lagig laminierter Gutschein. Mattes Naturpapier auf der Vorder- und R\u00fcckseite. Druck mit Tinte in jeder Farbe auf Vorder- und R\u00fcckseite. Pr\u00e4gung optional.<\/p>","protected":false},"featured_media":26695,"template":"","meta":{"_seopress_robots_primary_cat":"","_seopress_titles_title":"","_seopress_titles_desc":"","_seopress_robots_index":""},"product_brand":[],"product_cat":[538],"product_tag":[447,441,446,443,445,440],"class_list":{"0":"post-27868","1":"product","2":"type-product","3":"status-publish","4":"has-post-thumbnail","6":"product_cat-vouchery-ekskluzywne","7":"product_tag-eventy","8":"product_tag-letterpress","9":"product_tag-promowanie","10":"product_tag-sitodruk","11":"product_tag-sprzedaz-handel","12":"product_tag-tloczenie-wypukle","14":"first","15":"instock","16":"taxable","17":"shipping-taxable","18":"purchasable","19":"product-type-simple"},"_links":{"self":[{"href":"https:\/\/printagram.com\/de\/wp-json\/wp\/v2\/product\/27868","targetHints":{"allow":["GET"]}}],"collection":[{"href":"https:\/\/printagram.com\/de\/wp-json\/wp\/v2\/product"}],"about":[{"href":"https:\/\/printagram.com\/de\/wp-json\/wp\/v2\/types\/product"}],"wp:featuredmedia":[{"embeddable":true,"href":"https:\/\/printagram.com\/de\/wp-json\/wp\/v2\/media\/26695"}],"wp:attachment":[{"href":"https:\/\/printagram.com\/de\/wp-json\/wp\/v2\/media?parent=27868"}],"wp:term":[{"taxonomy":"product_brand","embeddable":true,"href":"https:\/\/printagram.com\/de\/wp-json\/wp\/v2\/product_brand?post=27868"},{"taxonomy":"product_cat","embeddable":true,"href":"https:\/\/printagram.com\/de\/wp-json\/wp\/v2\/product_cat?post=27868"},{"taxonomy":"product_tag","embeddable":true,"href":"https:\/\/printagram.com\/de\/wp-json\/wp\/v2\/product_tag?post=27868"}],"curies":[{"name":"wp","href":"https:\/\/api.w.org\/{rel}","templated":true}]}}