{"id":27421,"date":"2023-05-23T15:38:53","date_gmt":"2023-05-23T13:38:53","guid":{"rendered":"https:\/\/printagram.com\/produkt\/wizytowki-creative-board-sapphire-hotstamping-holograficzny-1050-witruwianski-hologram-copy\/"},"modified":"2025-01-26T20:18:00","modified_gmt":"2025-01-26T19:18:00","slug":"wizytowki-dali-verde-pino-hot-stamping-zloty-dwustronny-1051-zielone-marzenie","status":"publish","type":"product","link":"https:\/\/printagram.com\/de\/produkt\/visitenkarten-dali-verde-pino-heispragung-gold-doppelseitig-1051-grune-traume\/","title":{"rendered":"Visitenkarten mit hot-stamping Green Dream - 1051"},"content":{"rendered":"<p><strong><i>Hei\u00dfpr\u00e4gen<\/i><\/strong> ist eine hei\u00dfgepr\u00e4gte Folie, die sich perfekt von der Oberfl\u00e4che der Visitenkarte abhebt und einen attraktiven visuellen Effekt erzeugt.<\/p>","protected":false},"excerpt":{"rendered":"<p>Visitenkarten auf geripptem, strukturiertem Papier. Hei\u00dfpr\u00e4gung in einer beliebigen Farbe auf der Vorder- und R\u00fcckseite.<\/p>","protected":false},"featured_media":26914,"template":"","meta":{"_seopress_robots_primary_cat":"none","_seopress_titles_title":"","_seopress_titles_desc":"","_seopress_robots_index":""},"product_brand":[],"product_cat":[413],"product_tag":[444,438,448,446],"class_list":{"0":"post-27421","1":"product","2":"type-product","3":"status-publish","4":"has-post-thumbnail","6":"product_cat-wizytowki-hot-stamping","7":"product_tag-firma-biuro","8":"product_tag-hot-stamping","9":"product_tag-konferencje-kursy-szkolenia","10":"product_tag-promowanie","12":"first","13":"instock","14":"taxable","15":"shipping-taxable","16":"purchasable","17":"product-type-simple"},"_links":{"self":[{"href":"https:\/\/printagram.com\/de\/wp-json\/wp\/v2\/product\/27421","targetHints":{"allow":["GET"]}}],"collection":[{"href":"https:\/\/printagram.com\/de\/wp-json\/wp\/v2\/product"}],"about":[{"href":"https:\/\/printagram.com\/de\/wp-json\/wp\/v2\/types\/product"}],"wp:featuredmedia":[{"embeddable":true,"href":"https:\/\/printagram.com\/de\/wp-json\/wp\/v2\/media\/26914"}],"wp:attachment":[{"href":"https:\/\/printagram.com\/de\/wp-json\/wp\/v2\/media?parent=27421"}],"wp:term":[{"taxonomy":"product_brand","embeddable":true,"href":"https:\/\/printagram.com\/de\/wp-json\/wp\/v2\/product_brand?post=27421"},{"taxonomy":"product_cat","embeddable":true,"href":"https:\/\/printagram.com\/de\/wp-json\/wp\/v2\/product_cat?post=27421"},{"taxonomy":"product_tag","embeddable":true,"href":"https:\/\/printagram.com\/de\/wp-json\/wp\/v2\/product_tag?post=27421"}],"curies":[{"name":"wp","href":"https:\/\/api.w.org\/{rel}","templated":true}]}}