{"id":26949,"date":"2023-05-18T13:38:38","date_gmt":"2023-05-18T11:38:38","guid":{"rendered":"https:\/\/printagram.com\/produkt\/wizytowki-sirio-ultra-black-dwustronny-zloty-hot-stamping-zlote-krawedzie-1042-zloty-klucz-goscinnosci-copy\/"},"modified":"2026-01-29T16:03:43","modified_gmt":"2026-01-29T15:03:43","slug":"wizytowki-dwie-warstwy-zloty-hot-stamping-letterpress-cmyk-folia-blysk-1043-zlota-dama-estetyki","status":"publish","type":"product","link":"https:\/\/printagram.com\/de\/produkt\/visitenkarten-doppelschichtig-heispragung-letterpress-cmyk-folie-glanz-1043-die-goldene-dame-der-asthetik\/","title":{"rendered":"Visitenkarten mit Hei\u00dfpr\u00e4gung \"Die goldene Dame der \u00c4sthetik\" #1043"},"content":{"rendered":"<p><strong><i>Mehrschichtige Visitenkarten<\/i><\/strong> bestehen aus mehr als einer Papierschicht. Ihr Hauptmerkmal ist, dass sie dicker sind als normale Visitenkarten.<br \/>\n<strong><i>Hei\u00dfpr\u00e4gen<\/i><\/strong> ist eine hei\u00dfgepr\u00e4gte Folie, die sich perfekt von der Oberfl\u00e4che der Visitenkarte abhebt und einen attraktiven visuellen Effekt erzeugt.<br \/>\n<strong><i>Pr\u00e4gung<\/i><\/strong> ist die Hervorhebung eines beliebigen Elements mit einer individuell erstellten Matrix. Dies kann ein Logo, ein Text, ein Ornament usw. sein.<br \/>\n<p>Weitere Informationen finden Sie auf der Seite \u00fcber <a href=\"\/de\/category\/technologie\/\">Druck- und Veredelungstechniken<\/a>.<\/p>\n<p class=\"szukasz\"><strong>Suchen Sie etwas anderes?<\/strong> Wenn Sie m\u00f6chten, k\u00f6nnen Sie Ihre eigenen Visitenkarten mit allen m\u00f6glichen Optionen und beliebigen Papieren konfigurieren, indem Sie die <a href=\"https:\/\/printagram.com\/de\/produkt\/exklusive-visitenkarten-konfigurator\/\">exklusiver Visitenkarten-Konfigurator<\/a>.<\/p>\n<\/p>","protected":false},"excerpt":{"rendered":"<p>Laminierte 2-lagige Visitenkarten. Beidseitiger CMYK-Vollfarbdruck, gl\u00e4nzende Laminierung auf der Vorderseite, goldene Hei\u00dfpr\u00e4gung auf der Vorderseite und zus\u00e4tzlich schwarz auf der Vorderseite. Pr\u00e4gung konkav auf der Vorderseite. Vergoldete Kanten.<\/p>","protected":false},"featured_media":26878,"template":"","meta":{"_seopress_robots_primary_cat":"","_seopress_titles_title":"","_seopress_titles_desc":"","_seopress_robots_index":""},"product_brand":[],"product_cat":[413,415,414],"product_tag":[444,438,439,448,441,446,442],"class_list":{"0":"post-26949","1":"product","2":"type-product","3":"status-publish","4":"has-post-thumbnail","6":"product_cat-wizytowki-hot-stamping","7":"product_cat-wizytowki-kaszerowane","8":"product_cat-wizytowki-tloczone","9":"product_tag-firma-biuro","10":"product_tag-hot-stamping","11":"product_tag-kaszerowanie","12":"product_tag-konferencje-kursy-szkolenia","13":"product_tag-letterpress","14":"product_tag-promowanie","15":"product_tag-zlote-krawedzie","17":"first","18":"instock","19":"taxable","20":"shipping-taxable","21":"purchasable","22":"product-type-simple"},"_links":{"self":[{"href":"https:\/\/printagram.com\/de\/wp-json\/wp\/v2\/product\/26949","targetHints":{"allow":["GET"]}}],"collection":[{"href":"https:\/\/printagram.com\/de\/wp-json\/wp\/v2\/product"}],"about":[{"href":"https:\/\/printagram.com\/de\/wp-json\/wp\/v2\/types\/product"}],"wp:featuredmedia":[{"embeddable":true,"href":"https:\/\/printagram.com\/de\/wp-json\/wp\/v2\/media\/26878"}],"wp:attachment":[{"href":"https:\/\/printagram.com\/de\/wp-json\/wp\/v2\/media?parent=26949"}],"wp:term":[{"taxonomy":"product_brand","embeddable":true,"href":"https:\/\/printagram.com\/de\/wp-json\/wp\/v2\/product_brand?post=26949"},{"taxonomy":"product_cat","embeddable":true,"href":"https:\/\/printagram.com\/de\/wp-json\/wp\/v2\/product_cat?post=26949"},{"taxonomy":"product_tag","embeddable":true,"href":"https:\/\/printagram.com\/de\/wp-json\/wp\/v2\/product_tag?post=26949"}],"curies":[{"name":"wp","href":"https:\/\/api.w.org\/{rel}","templated":true}]}}