{"id":26801,"date":"2023-05-17T12:15:26","date_gmt":"2023-05-17T10:15:26","guid":{"rendered":"https:\/\/printagram.com\/produkt\/wizytowki-zlocenie-wypukle-folia-soft-touch-vege-1036-wizytowki-wyzszej-wartosci-copy\/"},"modified":"2026-01-29T16:07:33","modified_gmt":"2026-01-29T15:07:33","slug":"wizytowki-dwie-warstwy-papieru-hot-stamping-zloty-1040-gwiezdna-mapa-kontaktow","status":"publish","type":"product","link":"https:\/\/printagram.com\/de\/produkt\/visitenkarten-zwei-papierschichten-heispragung-gold-1040-sternkontaktkarte\/","title":{"rendered":"Visitenkarten mit Hei\u00dfpr\u00e4gung \"Karte der Sternkontakte\" #1040"},"content":{"rendered":"<p><strong><i>Mehrschichtige Visitenkarten<\/i><\/strong> bestehen aus mehr als einer Papierschicht. Ihr Hauptmerkmal ist, dass sie dicker sind als normale Visitenkarten.<br \/>\n<strong><i>Hei\u00dfpr\u00e4gen<\/i><\/strong> ist eine hei\u00dfgepr\u00e4gte Folie, die sich perfekt von der Oberfl\u00e4che der Visitenkarte abhebt und einen attraktiven visuellen Effekt erzeugt.<br \/>\n<p>Weitere Informationen finden Sie auf der Seite \u00fcber <a href=\"\/de\/category\/technologie\/\">Druck- und Veredelungstechniken<\/a>.<\/p>\n<p class=\"szukasz\"><strong>Suchen Sie etwas anderes?<\/strong> Wenn Sie m\u00f6chten, k\u00f6nnen Sie Ihre eigenen Visitenkarten mit allen m\u00f6glichen Optionen und beliebigen Papieren konfigurieren, indem Sie die <a href=\"https:\/\/printagram.com\/de\/produkt\/exklusive-visitenkarten-konfigurator\/\">exklusiver Visitenkarten-Konfigurator<\/a>.<\/p>\n<\/p>","protected":false},"excerpt":{"rendered":"<p>Laminierte 2-lagige Visitenkarte auf glattem Papier (insgesamt 680 g\/m2). Vollfarbiger CMYK-Druck. Soft-Touch-Laminierung. Hei\u00dfpr\u00e4gung in jeder Farbe auf Vorder- und R\u00fcckseite. Vergoldete Kanten.<\/p>","protected":false},"featured_media":26706,"template":"","meta":{"_seopress_robots_primary_cat":"","_seopress_titles_title":"","_seopress_titles_desc":"","_seopress_robots_index":""},"product_brand":[],"product_cat":[413,415],"product_tag":[444,438,439,448,446,442],"class_list":{"0":"post-26801","1":"product","2":"type-product","3":"status-publish","4":"has-post-thumbnail","6":"product_cat-wizytowki-hot-stamping","7":"product_cat-wizytowki-kaszerowane","8":"product_tag-firma-biuro","9":"product_tag-hot-stamping","10":"product_tag-kaszerowanie","11":"product_tag-konferencje-kursy-szkolenia","12":"product_tag-promowanie","13":"product_tag-zlote-krawedzie","15":"first","16":"instock","17":"taxable","18":"shipping-taxable","19":"purchasable","20":"product-type-simple"},"_links":{"self":[{"href":"https:\/\/printagram.com\/de\/wp-json\/wp\/v2\/product\/26801","targetHints":{"allow":["GET"]}}],"collection":[{"href":"https:\/\/printagram.com\/de\/wp-json\/wp\/v2\/product"}],"about":[{"href":"https:\/\/printagram.com\/de\/wp-json\/wp\/v2\/types\/product"}],"wp:featuredmedia":[{"embeddable":true,"href":"https:\/\/printagram.com\/de\/wp-json\/wp\/v2\/media\/26706"}],"wp:attachment":[{"href":"https:\/\/printagram.com\/de\/wp-json\/wp\/v2\/media?parent=26801"}],"wp:term":[{"taxonomy":"product_brand","embeddable":true,"href":"https:\/\/printagram.com\/de\/wp-json\/wp\/v2\/product_brand?post=26801"},{"taxonomy":"product_cat","embeddable":true,"href":"https:\/\/printagram.com\/de\/wp-json\/wp\/v2\/product_cat?post=26801"},{"taxonomy":"product_tag","embeddable":true,"href":"https:\/\/printagram.com\/de\/wp-json\/wp\/v2\/product_tag?post=26801"}],"curies":[{"name":"wp","href":"https:\/\/api.w.org\/{rel}","templated":true}]}}