{"id":26788,"date":"2023-05-17T11:46:30","date_gmt":"2023-05-17T09:46:30","guid":{"rendered":"https:\/\/printagram.com\/produkt\/metki-wild-white-sitodruk-zloty-hot-stamping-5006-szczegol-sukcesu-copy\/"},"modified":"2025-02-13T18:03:58","modified_gmt":"2025-02-13T17:03:58","slug":"metki-wild-white-sitodruk-tloczenie-wypukle-5007-wypukle-wariacje","status":"publish","type":"product","link":"https:\/\/printagram.com\/de\/produkt\/etiketten-wild-white-siebdruck-hochrelief-5007-variationen-konvexe\/","title":{"rendered":"Gepr\u00e4gte Etikettenanh\u00e4nger \"Konvexe Variationen\" #5007"},"content":{"rendered":"<p><strong><i>Pr\u00e4gung<\/i><\/strong> ist die Hervorhebung eines beliebigen Elements mit einer individuell erstellten Matrix. Dies kann ein Logo, ein Text, ein Ornament usw. sein.<br \/>\n<p>Weitere Informationen finden Sie auf der Seite \u00fcber <a href=\"https:\/\/printagram.com\/de\/druck-und-weiterverarbeitung-2\/\">Druck- und Veredelungstechniken<\/a>.<\/p>\n<p class=\"szukasz\"><strong>Suchen Sie etwas anderes?<\/strong> Wenn Sie m\u00f6chten, k\u00f6nnen Sie Ihre eigenen Tags mit allen m\u00f6glichen Optionen und beliebigen Papieren konfigurieren, indem Sie die <a href=\"https:\/\/printagram.com\/de\/produkt\/exklusiv-hangeetiketten-konfigurator\/\">exklusiver Tag-Konfigurator<\/a>.<\/p>\n<\/p>","protected":false},"excerpt":{"rendered":"<p>Etikett auf wildwei\u00dfem 450g-Baumwollpapier. Einfarbiger Druck auf der Vorderseite und optionale Pr\u00e4gung. Optionaler Druck auf der R\u00fcckseite.<\/p>","protected":false},"featured_media":26705,"template":"","meta":{"_seopress_robots_primary_cat":"none","_seopress_titles_title":"","_seopress_titles_desc":"","_seopress_robots_index":""},"product_brand":[],"product_cat":[289],"product_tag":[441,449,446,443,445,440],"class_list":{"0":"post-26788","1":"product","2":"type-product","3":"status-publish","4":"has-post-thumbnail","6":"product_cat-metki-zawieszki","7":"product_tag-letterpress","8":"product_tag-produkcja","9":"product_tag-promowanie","10":"product_tag-sitodruk","11":"product_tag-sprzedaz-handel","12":"product_tag-tloczenie-wypukle","14":"first","15":"instock","16":"taxable","17":"shipping-taxable","18":"purchasable","19":"product-type-simple"},"_links":{"self":[{"href":"https:\/\/printagram.com\/de\/wp-json\/wp\/v2\/product\/26788","targetHints":{"allow":["GET"]}}],"collection":[{"href":"https:\/\/printagram.com\/de\/wp-json\/wp\/v2\/product"}],"about":[{"href":"https:\/\/printagram.com\/de\/wp-json\/wp\/v2\/types\/product"}],"wp:featuredmedia":[{"embeddable":true,"href":"https:\/\/printagram.com\/de\/wp-json\/wp\/v2\/media\/26705"}],"wp:attachment":[{"href":"https:\/\/printagram.com\/de\/wp-json\/wp\/v2\/media?parent=26788"}],"wp:term":[{"taxonomy":"product_brand","embeddable":true,"href":"https:\/\/printagram.com\/de\/wp-json\/wp\/v2\/product_brand?post=26788"},{"taxonomy":"product_cat","embeddable":true,"href":"https:\/\/printagram.com\/de\/wp-json\/wp\/v2\/product_cat?post=26788"},{"taxonomy":"product_tag","embeddable":true,"href":"https:\/\/printagram.com\/de\/wp-json\/wp\/v2\/product_tag?post=26788"}],"curies":[{"name":"wp","href":"https:\/\/api.w.org\/{rel}","templated":true}]}}