{"id":26774,"date":"2023-05-17T11:09:25","date_gmt":"2023-05-17T09:09:25","guid":{"rendered":"https:\/\/printagram.com\/produkt\/metki-sirio-pearl-oyster-shell-zloty-hot-stamping-5005-szafiarski-luksus-copy\/"},"modified":"2025-01-26T19:44:16","modified_gmt":"2025-01-26T18:44:16","slug":"metki-wild-white-sitodruk-zloty-hot-stamping-5006-szczegol-sukcesu","status":"publish","type":"product","link":"https:\/\/printagram.com\/de\/produkt\/etiketten-wild-white-siebdruck-hotstamping-5006-detail-des-erfolgs\/","title":{"rendered":"Anh\u00e4nger mit goldener Hei\u00dfpr\u00e4gung \"Detail of Success\" #5006"},"content":{"rendered":"<p><strong><i>Hei\u00dfpr\u00e4gen<\/i><\/strong> ist eine hei\u00dfgepr\u00e4gte Folie, die sich perfekt von der Oberfl\u00e4che des Etiketts abhebt und einen attraktiven optischen Effekt erzeugt.<br \/>\n<strong><i>Pr\u00e4gung<\/i><\/strong> ist die Hervorhebung eines beliebigen Elements mit einer individuell erstellten Matrix. Dies kann ein Logo, ein Text, ein Ornament usw. sein.<br \/>\n<p>Weitere Informationen finden Sie auf der Seite \u00fcber <a href=\"https:\/\/printagram.com\/de\/druck-und-weiterverarbeitung-2\/\">Druck- und Veredelungstechniken<\/a>.<\/p>\n<p class=\"szukasz\"><strong>Suchen Sie etwas anderes?<\/strong> Wenn Sie m\u00f6chten, k\u00f6nnen Sie Ihre eigenen Tags mit allen m\u00f6glichen Optionen und beliebigen Papieren konfigurieren, indem Sie die <a href=\"https:\/\/printagram.com\/de\/produkt\/exklusiv-hangeetiketten-konfigurator\/\">exklusiver Tag-Konfigurator<\/a>.<\/p>\n<\/p>","protected":false},"excerpt":{"rendered":"<p>Etikett auf wildwei\u00dfem 450g-Baumwollpapier. Hei\u00dfpr\u00e4gung in einer beliebigen Farbe auf der Vorderseite. Einfarbiger Druck auf der Vorderseite. Optionaler Druck auf der R\u00fcckseite. Optionale Pr\u00e4gung auf der Vorderseite.<\/p>","protected":false},"featured_media":26700,"template":"","meta":{"_seopress_robots_primary_cat":"","_seopress_titles_title":"","_seopress_titles_desc":"","_seopress_robots_index":""},"product_brand":[],"product_cat":[289],"product_tag":[438,441,449,446,443,445,440],"class_list":{"0":"post-26774","1":"product","2":"type-product","3":"status-publish","4":"has-post-thumbnail","6":"product_cat-metki-zawieszki","7":"product_tag-hot-stamping","8":"product_tag-letterpress","9":"product_tag-produkcja","10":"product_tag-promowanie","11":"product_tag-sitodruk","12":"product_tag-sprzedaz-handel","13":"product_tag-tloczenie-wypukle","15":"first","16":"instock","17":"taxable","18":"shipping-taxable","19":"purchasable","20":"product-type-simple"},"_links":{"self":[{"href":"https:\/\/printagram.com\/de\/wp-json\/wp\/v2\/product\/26774","targetHints":{"allow":["GET"]}}],"collection":[{"href":"https:\/\/printagram.com\/de\/wp-json\/wp\/v2\/product"}],"about":[{"href":"https:\/\/printagram.com\/de\/wp-json\/wp\/v2\/types\/product"}],"wp:featuredmedia":[{"embeddable":true,"href":"https:\/\/printagram.com\/de\/wp-json\/wp\/v2\/media\/26700"}],"wp:attachment":[{"href":"https:\/\/printagram.com\/de\/wp-json\/wp\/v2\/media?parent=26774"}],"wp:term":[{"taxonomy":"product_brand","embeddable":true,"href":"https:\/\/printagram.com\/de\/wp-json\/wp\/v2\/product_brand?post=26774"},{"taxonomy":"product_cat","embeddable":true,"href":"https:\/\/printagram.com\/de\/wp-json\/wp\/v2\/product_cat?post=26774"},{"taxonomy":"product_tag","embeddable":true,"href":"https:\/\/printagram.com\/de\/wp-json\/wp\/v2\/product_tag?post=26774"}],"curies":[{"name":"wp","href":"https:\/\/api.w.org\/{rel}","templated":true}]}}