{"id":26721,"date":"2023-05-17T10:13:43","date_gmt":"2023-05-17T08:13:43","guid":{"rendered":"https:\/\/printagram.com\/produkt\/zawieszki-weselne-zlocenie-wypukle-folia-soft-touch-3011-zawieszone-w-procentach-copy\/"},"modified":"2025-01-26T19:45:33","modified_gmt":"2025-01-26T18:45:33","slug":"metki-sirio-pearl-oyster-shell-zloty-hot-stamping-5005-szafiarski-luksus","status":"publish","type":"product","link":"https:\/\/printagram.com\/de\/produkt\/etiketten-sirio-pearl-oyster-shell-hotstamping-gold-5005-kleiderschrank-luxus\/","title":{"rendered":"Anh\u00e4nger mit goldener Hei\u00dfpr\u00e4gung \"Sapphire Luxury\" #5005"},"content":{"rendered":"<p><strong><i>Hei\u00dfpr\u00e4gen<\/i><\/strong> ist eine hei\u00dfgepr\u00e4gte Folie, die sich perfekt von der Oberfl\u00e4che des Etiketts abhebt und einen attraktiven optischen Effekt erzeugt.<br \/>\n<p>Weitere Informationen finden Sie auf der Seite \u00fcber <a href=\"https:\/\/printagram.com\/de\/druck-und-weiterverarbeitung-2\/\">Druck- und Veredelungstechniken<\/a>.<\/p>\n<p class=\"szukasz\"><strong>Suchen Sie etwas anderes?<\/strong> Wenn Sie m\u00f6chten, k\u00f6nnen Sie Ihre eigenen Tags mit allen m\u00f6glichen Optionen und beliebigen Papieren konfigurieren, indem Sie die <a href=\"https:\/\/printagram.com\/de\/produkt\/exklusiv-hangeetiketten-konfigurator\/\">exklusiver Tag-Konfigurator<\/a>.<\/p>\n<\/p>","protected":false},"excerpt":{"rendered":"<p>Etikett auf gl\u00e4nzendem Dekorpapier. Hei\u00dfpr\u00e4gung in beliebiger Farbe auf der Vorderseite. Optionaler Aufdruck auf der R\u00fcckseite. Wahlweise Vergoldung oder Versilberung der R\u00e4nder.<\/p>","protected":false},"featured_media":26699,"template":"","meta":{"_seopress_robots_primary_cat":"","_seopress_titles_title":"","_seopress_titles_desc":"","_seopress_robots_index":""},"product_brand":[],"product_cat":[289],"product_tag":[438,449,446,443,445,442],"class_list":{"0":"post-26721","1":"product","2":"type-product","3":"status-publish","4":"has-post-thumbnail","6":"product_cat-metki-zawieszki","7":"product_tag-hot-stamping","8":"product_tag-produkcja","9":"product_tag-promowanie","10":"product_tag-sitodruk","11":"product_tag-sprzedaz-handel","12":"product_tag-zlote-krawedzie","14":"first","15":"instock","16":"taxable","17":"shipping-taxable","18":"purchasable","19":"product-type-simple"},"_links":{"self":[{"href":"https:\/\/printagram.com\/de\/wp-json\/wp\/v2\/product\/26721","targetHints":{"allow":["GET"]}}],"collection":[{"href":"https:\/\/printagram.com\/de\/wp-json\/wp\/v2\/product"}],"about":[{"href":"https:\/\/printagram.com\/de\/wp-json\/wp\/v2\/types\/product"}],"wp:featuredmedia":[{"embeddable":true,"href":"https:\/\/printagram.com\/de\/wp-json\/wp\/v2\/media\/26699"}],"wp:attachment":[{"href":"https:\/\/printagram.com\/de\/wp-json\/wp\/v2\/media?parent=26721"}],"wp:term":[{"taxonomy":"product_brand","embeddable":true,"href":"https:\/\/printagram.com\/de\/wp-json\/wp\/v2\/product_brand?post=26721"},{"taxonomy":"product_cat","embeddable":true,"href":"https:\/\/printagram.com\/de\/wp-json\/wp\/v2\/product_cat?post=26721"},{"taxonomy":"product_tag","embeddable":true,"href":"https:\/\/printagram.com\/de\/wp-json\/wp\/v2\/product_tag?post=26721"}],"curies":[{"name":"wp","href":"https:\/\/api.w.org\/{rel}","templated":true}]}}