{"id":26559,"date":"2023-05-16T15:49:40","date_gmt":"2023-05-16T13:49:40","guid":{"rendered":"https:\/\/printagram.com\/produkt\/wizytowki-zloto-wypukle-folia-soft-touch-beauty-artist-permanent-make-up-1039-trwala-pamiatka-urody-copy\/"},"modified":"2025-12-17T15:14:18","modified_gmt":"2025-12-17T14:14:18","slug":"wizytowki-zlocenie-wypukle-folia-soft-touch-bizuteria-1035-zlote-impresje","status":"publish","type":"product","link":"https:\/\/printagram.com\/de\/produkt\/visitenkarte-gold-konvexe-vergoldung-folien-soft-touch-schmuck-1035-gold-impressionen\/","title":{"rendered":"Visitenkarten mit Reliefvergoldung \"Golden Impressions\" #1035"},"content":{"rendered":"<p>Visitenkarten mit einem metallischen, konvexen Effekt. Die Ber\u00fchrung einer solchen Visitenkarte vermittelt den Eindruck von massivem, fl\u00fcssigem Metall. Die leuchtenden Metallic-Farben reflektieren das Licht deutlich und vermitteln schon aus der Ferne den Eindruck von Ausstrahlung und Einzigartigkeit.<\/p>\n<p class=\"szukasz\"><strong>Suchen Sie nach anderen Optionen?<\/strong> Wenn Sie m\u00f6chten, k\u00f6nnen Sie Ihre eigenen Visitenkarten dieses Typs mit allen m\u00f6glichen Optionen konfigurieren, indem Sie die <a href=\"https:\/\/printagram.com\/de\/produkt\/configurator-visitenkarten-gold-und-lack-uv\/\">Konfigurator f\u00fcr vergoldete und UV-Visitenkarten<\/a><\/p>\n<h5>Konvexe Vergoldung<\/h5>\n<p><em>Metallische konvexe Folie<\/em>. Bei dieser Technik handelt es sich um das matrixfreie Aufbringen von metallisierten Folien. Mit sehr starken Druckwalzen wird sie auf der gesamten Oberfl\u00e4che angebracht. Die metallisierte Folie haftet nur auf dem konvexen Spezialmaterial, wodurch der sch\u00f6ne Effekt einer dicken konvexen Schicht aus Gold, Silber oder einer anderen Farbe entsteht. Mehr \u00fcber diese Technik erfahren Sie in <a href=\"https:\/\/printagram.com\/de\/konvexe-vergoldung\/\">Artikel \u00fcber Reliefvergoldung<\/a>.<\/p>","protected":false},"excerpt":{"rendered":"<p>350 Visitenkarten, vollfarbig, mit Soft-Touch-Laminat (f\u00fchlt sich gut an). Metallisch gepr\u00e4gte Folie auf der Vorderseite in Farbe <em><strong>goldene<\/strong><\/em>.<\/p>","protected":false},"featured_media":26030,"template":"","meta":{"_seopress_robots_primary_cat":"","_seopress_titles_title":"","_seopress_titles_desc":"","_seopress_robots_index":""},"product_brand":[],"product_cat":[410],"product_tag":[444,448,434,446],"class_list":{"0":"post-26559","1":"product","2":"type-product","3":"status-publish","4":"has-post-thumbnail","6":"product_cat-wizytowki-zlocone","7":"product_tag-firma-biuro","8":"product_tag-konferencje-kursy-szkolenia","9":"product_tag-metallic-3d-zlocenie","10":"product_tag-promowanie","12":"first","13":"instock","14":"taxable","15":"shipping-taxable","16":"purchasable","17":"product-type-simple"},"_links":{"self":[{"href":"https:\/\/printagram.com\/de\/wp-json\/wp\/v2\/product\/26559","targetHints":{"allow":["GET"]}}],"collection":[{"href":"https:\/\/printagram.com\/de\/wp-json\/wp\/v2\/product"}],"about":[{"href":"https:\/\/printagram.com\/de\/wp-json\/wp\/v2\/types\/product"}],"wp:featuredmedia":[{"embeddable":true,"href":"https:\/\/printagram.com\/de\/wp-json\/wp\/v2\/media\/26030"}],"wp:attachment":[{"href":"https:\/\/printagram.com\/de\/wp-json\/wp\/v2\/media?parent=26559"}],"wp:term":[{"taxonomy":"product_brand","embeddable":true,"href":"https:\/\/printagram.com\/de\/wp-json\/wp\/v2\/product_brand?post=26559"},{"taxonomy":"product_cat","embeddable":true,"href":"https:\/\/printagram.com\/de\/wp-json\/wp\/v2\/product_cat?post=26559"},{"taxonomy":"product_tag","embeddable":true,"href":"https:\/\/printagram.com\/de\/wp-json\/wp\/v2\/product_tag?post=26559"}],"curies":[{"name":"wp","href":"https:\/\/api.w.org\/{rel}","templated":true}]}}