{"id":25731,"date":"2023-05-12T12:10:42","date_gmt":"2023-05-12T10:10:42","guid":{"rendered":"https:\/\/printagram.com\/produkt\/certyfikat-ukonczenia-szkolenia-zlocony-soft-touch-4015-znak-zasluzonego-zawodowca-copy\/"},"modified":"2025-03-10T14:30:08","modified_gmt":"2025-03-10T13:30:08","slug":"zaproszenia-slubne-wypukle-zloto-soft-touch-6001-zaproszenia-piekne-jak-panna-mloda","status":"publish","type":"product","link":"https:\/\/printagram.com\/de\/produkt\/hochzeitseinladungen-erhabenes-gold-soft-touch-6001-einladungen-schon-wie-eine-braut\/","title":{"rendered":"Vergoldete Hochzeitseinladungen \"Einladungen sch\u00f6n wie die Braut und der Br\u00e4utigam\" #6001"},"content":{"rendered":"<p>Einladungen mit metallischem Relief-Effekt. Wenn man ein solches Produkt ber\u00fchrt, hat man den Eindruck von erstarrtem, fl\u00fcssigem Metall. Die leuchtenden Metallic-Farben reflektieren das Licht deutlich und vermitteln schon aus der Ferne den Eindruck von W\u00f6lbung und Einzigartigkeit.<br \/>\n<h5>Konvexe Vergoldung<\/h5>\n<p><em>Metallische konvexe Folie<\/em>. Bei dieser Technik handelt es sich um das matrixfreie Aufbringen von metallisierten Folien. Mit sehr starken Druckwalzen wird sie auf der gesamten Oberfl\u00e4che angebracht. Die metallisierte Folie haftet nur auf dem konvexen Spezialmaterial, wodurch der sch\u00f6ne Effekt einer dicken konvexen Schicht aus Gold, Silber oder einer anderen Farbe entsteht. Mehr \u00fcber diese Technik erfahren Sie in <a href=\"https:\/\/printagram.com\/de\/konvexe-vergoldung\/\">Artikel \u00fcber Reliefvergoldung<\/a>.<\/p>\n<\/p>","protected":false},"excerpt":{"rendered":"<p>Einladungen im Format A6, Gewicht 350, vollfarbig, mit Soft-Touch-Laminat (angenehm anzufassen). Metallische Konvexfolie in einer beliebigen Farbe auf der Vorderseite. Optionale Folienpersonalisierung, d. h. Aufdruck der Namen der eingeladenen Personen. <i>(*Wir drucken die Namen nur mit der traditionellen Technik, nicht mit Metallic-Folie).<\/i><\/p>","protected":false},"featured_media":25945,"template":"","meta":{"_seopress_robots_primary_cat":"none","_seopress_titles_title":"","_seopress_titles_desc":"","_seopress_robots_index":""},"product_brand":[],"product_cat":[305],"product_tag":[447,434],"class_list":{"0":"post-25731","1":"product","2":"type-product","3":"status-publish","4":"has-post-thumbnail","6":"product_cat-zaproszenia","7":"product_tag-eventy","8":"product_tag-metallic-3d-zlocenie","10":"first","11":"instock","12":"taxable","13":"shipping-taxable","14":"purchasable","15":"product-type-simple"},"_links":{"self":[{"href":"https:\/\/printagram.com\/de\/wp-json\/wp\/v2\/product\/25731","targetHints":{"allow":["GET"]}}],"collection":[{"href":"https:\/\/printagram.com\/de\/wp-json\/wp\/v2\/product"}],"about":[{"href":"https:\/\/printagram.com\/de\/wp-json\/wp\/v2\/types\/product"}],"wp:featuredmedia":[{"embeddable":true,"href":"https:\/\/printagram.com\/de\/wp-json\/wp\/v2\/media\/25945"}],"wp:attachment":[{"href":"https:\/\/printagram.com\/de\/wp-json\/wp\/v2\/media?parent=25731"}],"wp:term":[{"taxonomy":"product_brand","embeddable":true,"href":"https:\/\/printagram.com\/de\/wp-json\/wp\/v2\/product_brand?post=25731"},{"taxonomy":"product_cat","embeddable":true,"href":"https:\/\/printagram.com\/de\/wp-json\/wp\/v2\/product_cat?post=25731"},{"taxonomy":"product_tag","embeddable":true,"href":"https:\/\/printagram.com\/de\/wp-json\/wp\/v2\/product_tag?post=25731"}],"curies":[{"name":"wp","href":"https:\/\/api.w.org\/{rel}","templated":true}]}}