{"id":25644,"date":"2023-05-12T09:53:36","date_gmt":"2023-05-12T07:53:36","guid":{"rendered":"https:\/\/printagram.com\/produkt\/voucher-miedzine-zlocenie-soft-touch-klinika-medycyny-estetycznej-4010-mlodosc-na-zadanie-copy-copy\/"},"modified":"2026-01-12T12:22:29","modified_gmt":"2026-01-12T11:22:29","slug":"certyfikat-wypukly-lakier-uv-soft-touch-makijaz-szkolenie-4011-mistrzowski-dyplom-upiekszania","status":"publish","type":"product","link":"https:\/\/printagram.com\/de\/produkt\/zertifikat-universen-soft-touch-schminkausbildung-4011-master-diplom-der-verschonerung-2\/","title":{"rendered":"Konvexe lackierte Zertifikate \"Meisterdiplom der Versch\u00f6nerung\" #4011"},"content":{"rendered":"<p>Urkunden mit Gestaltungselementen, die mit einem gepr\u00e4gten Klarlack \u00fcberzogen sind. Der UV-Lack verleiht den hervorgehobenen Elementen (z. B. dem Logo) einen besonderen Glanz. Die beschichteten Objekte wirken wie mit dicker, plastischer, gl\u00e4nzender Farbe \"gemalt\". Durch die Reflexion der Lichtstrahlen wird das Relief hervorgehoben, das leicht zu ertasten ist. Bei Ber\u00fchrung kontrastiert die Gl\u00e4tte und Gl\u00e4tte des UV-Lacks mit der samtig-weichen\" Oberfl\u00e4che des mit Softtouch-Folie \u00fcberzogenen Papiers.<\/p>\n<p class=\"szukasz\"><strong>Suchen Sie nach anderen Optionen?<\/strong> Wenn Sie m\u00f6chten, k\u00f6nnen Sie Zertifikate dieses Typs mit allen m\u00f6glichen Optionen konfigurieren, indem Sie die Option <a href=\"https:\/\/printagram.com\/de\/produkt\/konfigurator-zertifikate-diplome-golderhabener-spot-uv-lack\/\">Konfigurator f\u00fcr vergoldete und UV-lackierte Zertifikate und Diplome<\/a><\/p>\n<h5>UV-selektive Lackierung<\/h5>\n<p>Lack, der auf eine matte Oberfl\u00e4che aufgetragen wird, bringt ausgew\u00e4hlte Elemente wie Logos, Grafiken, Namen usw. zum Gl\u00e4nzen und hebt sie sch\u00f6n hervor. Es ist auch m\u00f6glich, neue grafische Elemente zu erstellen, die aus dem richtigen Winkel sichtbar sind und das Design bereichern. So k\u00f6nnen lackierte Hintergr\u00fcnde, \"Wasserzeichen\", Muster, Texturen usw. verwendet werden. Mehr \u00fcber die Technik selbst erfahren Sie in <a href=\"https:\/\/printagram.com\/de\/punktueller-uv-lack\/\">Artikel \u00fcber UV-Lackierung<\/a>.<\/p>","protected":false},"excerpt":{"rendered":"<p>Diplomzeugnisse A4, Gewicht 350, vollfarbig, soft-touch-laminiert (angenehm zu ber\u00fchren). Konvexer UV-Lack auf der Vorderseite.<\/p>","protected":false},"featured_media":25927,"template":"","meta":{"_seopress_robots_primary_cat":"","_seopress_titles_title":"","_seopress_titles_desc":"","_seopress_robots_index":""},"product_brand":[],"product_cat":[425],"product_tag":[447,448,437],"class_list":{"0":"post-25644","1":"product","2":"type-product","3":"status-publish","4":"has-post-thumbnail","6":"product_cat-certyfikaty-dyplomy","7":"product_tag-eventy","8":"product_tag-konferencje-kursy-szkolenia","9":"product_tag-lakier-uv-selektywny","11":"first","12":"instock","13":"taxable","14":"shipping-taxable","15":"purchasable","16":"product-type-simple"},"_links":{"self":[{"href":"https:\/\/printagram.com\/de\/wp-json\/wp\/v2\/product\/25644","targetHints":{"allow":["GET"]}}],"collection":[{"href":"https:\/\/printagram.com\/de\/wp-json\/wp\/v2\/product"}],"about":[{"href":"https:\/\/printagram.com\/de\/wp-json\/wp\/v2\/types\/product"}],"wp:featuredmedia":[{"embeddable":true,"href":"https:\/\/printagram.com\/de\/wp-json\/wp\/v2\/media\/25927"}],"wp:attachment":[{"href":"https:\/\/printagram.com\/de\/wp-json\/wp\/v2\/media?parent=25644"}],"wp:term":[{"taxonomy":"product_brand","embeddable":true,"href":"https:\/\/printagram.com\/de\/wp-json\/wp\/v2\/product_brand?post=25644"},{"taxonomy":"product_cat","embeddable":true,"href":"https:\/\/printagram.com\/de\/wp-json\/wp\/v2\/product_cat?post=25644"},{"taxonomy":"product_tag","embeddable":true,"href":"https:\/\/printagram.com\/de\/wp-json\/wp\/v2\/product_tag?post=25644"}],"curies":[{"name":"wp","href":"https:\/\/api.w.org\/{rel}","templated":true}]}}