{"id":25643,"date":"2023-05-12T09:53:25","date_gmt":"2023-05-12T07:53:25","guid":{"rendered":"https:\/\/printagram.com\/produkt\/voucher-miedzine-zlocenie-soft-touch-klinika-medycyny-estetycznej-4010-mlodosc-na-zadanie-copy\/"},"modified":"2025-11-26T16:23:57","modified_gmt":"2025-11-26T15:23:57","slug":"kartka-swiateczna-zlocenie-wypukla-czerwona-folia-soft-touch-3013-swiateczny-wyslannik","status":"publish","type":"product","link":"https:\/\/printagram.com\/de\/produkt\/weihnachtskarte-rot-folie-vergoldung-soft-touch-3013-weihnachtsbotin\/","title":{"rendered":"Vergoldete Weihnachtskarten \"Weihnachtsbote\" #3013"},"content":{"rendered":"<p>Elegante Weihnachtskarten f\u00fcr Kunden, gedruckt auf stabilem 350g Kreidepapier. Dank des digitalen CMYK-Drucks sind die Farben leuchtend und satt, und die doppelseitige Soft-Touch-Folie sorgt f\u00fcr ein angenehmes Finish.<\/p>\n<p>Die erhabene Vergoldung und die gl\u00e4nzende rote Folie auf beiden Seiten unterstreichen die festliche Stimmung und verleihen den Karten einen luxuri\u00f6sen Touch. Die perfekte Art, Ihre W\u00fcnsche in einer einzigartigen Form zu \u00fcbermitteln.<\/p>","protected":false},"excerpt":{"rendered":"<div class=\"woocommerce-product-details__short-description\">\n<p>Gefaltete Weihnachtskarte im Format A6, wenn gefaltet. Vollfarbig, Soft-Touch (angenehm zu ber\u00fchren), beidseitig laminiert. Metallic-Relieffolie in einer beliebigen Farbe auf der Vorderseite. Optional metallische Relieffolie auch auf der R\u00fcckseite. Optional auch UV-Konvexlack auf Vorder- und R\u00fcckseite.<\/p>\n<\/div>","protected":false},"featured_media":25934,"template":"","meta":{"_seopress_robots_primary_cat":"","_seopress_titles_title":"","_seopress_titles_desc":"","_seopress_robots_index":""},"product_brand":[],"product_cat":[308],"product_tag":[447,437,434,446],"class_list":{"0":"post-25643","1":"product","2":"type-product","3":"status-publish","4":"has-post-thumbnail","6":"product_cat-pocztowki-karnety","7":"product_tag-eventy","8":"product_tag-lakier-uv-selektywny","9":"product_tag-metallic-3d-zlocenie","10":"product_tag-promowanie","12":"first","13":"instock","14":"taxable","15":"shipping-taxable","16":"purchasable","17":"product-type-simple"},"_links":{"self":[{"href":"https:\/\/printagram.com\/de\/wp-json\/wp\/v2\/product\/25643","targetHints":{"allow":["GET"]}}],"collection":[{"href":"https:\/\/printagram.com\/de\/wp-json\/wp\/v2\/product"}],"about":[{"href":"https:\/\/printagram.com\/de\/wp-json\/wp\/v2\/types\/product"}],"wp:featuredmedia":[{"embeddable":true,"href":"https:\/\/printagram.com\/de\/wp-json\/wp\/v2\/media\/25934"}],"wp:attachment":[{"href":"https:\/\/printagram.com\/de\/wp-json\/wp\/v2\/media?parent=25643"}],"wp:term":[{"taxonomy":"product_brand","embeddable":true,"href":"https:\/\/printagram.com\/de\/wp-json\/wp\/v2\/product_brand?post=25643"},{"taxonomy":"product_cat","embeddable":true,"href":"https:\/\/printagram.com\/de\/wp-json\/wp\/v2\/product_cat?post=25643"},{"taxonomy":"product_tag","embeddable":true,"href":"https:\/\/printagram.com\/de\/wp-json\/wp\/v2\/product_tag?post=25643"}],"curies":[{"name":"wp","href":"https:\/\/api.w.org\/{rel}","templated":true}]}}