{"id":25511,"date":"2023-05-11T15:21:35","date_gmt":"2023-05-11T13:21:35","guid":{"rendered":"https:\/\/printagram.com\/produkt\/voucher-zloto-soft-touch-salon-beauty-czarno-zloty-4008-przepustka-do-piekna-copy-2\/"},"modified":"2026-02-12T12:41:51","modified_gmt":"2026-02-12T11:41:51","slug":"voucher-zloto-soft-touch-barber-shop-czerno-zloty-2007-brzytwa-bon","status":"publish","type":"product","link":"https:\/\/printagram.com\/de\/produkt\/gutschein-gold-soft-touch-barber-shop-schwarz-gold-2007-barber-kupon\/","title":{"rendered":"DL \"Razor Bon\" vergoldete Gutscheine #2007"},"content":{"rendered":"<p>Gutscheine mit metallischem Relief-Effekt. Wenn man eine solche Visitenkarte anfasst, hat man den Eindruck von erstarrtem, fl\u00fcssigem Metall. Die leuchtenden Metallic-Farben reflektieren das Licht deutlich und vermitteln schon aus der Ferne den Eindruck von Ausstrahlung und Einzigartigkeit.<\/p>\n<p class=\"szukasz\"><strong>Suchen Sie nach anderen Optionen?<\/strong> Wenn Sie m\u00f6chten, k\u00f6nnen Sie Gutscheine dieses Typs mit allen m\u00f6glichen Optionen konfigurieren, indem Sie den <a href=\"https:\/\/printagram.com\/de\/produkt\/konfigurator-gutscheine-erhabene-metallic-folie-und-uv-relieflack\/\">Vergoldeter und UV-gepr\u00e4gter Gutscheinkonfigurator<\/a><\/p>\n<h5>Konvexe Vergoldung<\/h5>\n<p><em>Metallische konvexe Folie<\/em>. Bei dieser Technik handelt es sich um das matrixfreie Aufbringen von metallisierten Folien. Mit sehr starken Druckwalzen wird sie auf der gesamten Oberfl\u00e4che angebracht. Die metallisierte Folie haftet nur auf dem konvexen Spezialmaterial, wodurch der sch\u00f6ne Effekt einer dicken konvexen Schicht aus Gold, Silber oder einer anderen Farbe entsteht. Mehr \u00fcber diese Technik erfahren Sie in <a href=\"https:\/\/printagram.com\/de\/konvexe-vergoldung\/\">Artikel \u00fcber Reliefvergoldung<\/a>.<\/p>","protected":false},"excerpt":{"rendered":"<p>Gutscheine im Format DL, Gewicht 350, vollfarbig, Soft-Touch-laminiert (angenehm zu ber\u00fchren). Metallische Relieffolie auf der Vorderseite in der von Ihnen gew\u00e4hlten Farbe.<\/p>","protected":false},"featured_media":25981,"template":"","meta":{"_seopress_robots_primary_cat":"none","_seopress_titles_title":"","_seopress_titles_desc":"","_seopress_robots_index":""},"product_brand":[],"product_cat":[280,536],"product_tag":[447,434,446,445],"class_list":{"0":"post-25511","1":"product","2":"type-product","3":"status-publish","4":"has-post-thumbnail","6":"product_cat-vouchery-bony","7":"product_cat-vouchery-zlocone","8":"product_tag-eventy","9":"product_tag-metallic-3d-zlocenie","10":"product_tag-promowanie","11":"product_tag-sprzedaz-handel","13":"first","14":"instock","15":"taxable","16":"shipping-taxable","17":"purchasable","18":"product-type-simple"},"_links":{"self":[{"href":"https:\/\/printagram.com\/de\/wp-json\/wp\/v2\/product\/25511","targetHints":{"allow":["GET"]}}],"collection":[{"href":"https:\/\/printagram.com\/de\/wp-json\/wp\/v2\/product"}],"about":[{"href":"https:\/\/printagram.com\/de\/wp-json\/wp\/v2\/types\/product"}],"wp:featuredmedia":[{"embeddable":true,"href":"https:\/\/printagram.com\/de\/wp-json\/wp\/v2\/media\/25981"}],"wp:attachment":[{"href":"https:\/\/printagram.com\/de\/wp-json\/wp\/v2\/media?parent=25511"}],"wp:term":[{"taxonomy":"product_brand","embeddable":true,"href":"https:\/\/printagram.com\/de\/wp-json\/wp\/v2\/product_brand?post=25511"},{"taxonomy":"product_cat","embeddable":true,"href":"https:\/\/printagram.com\/de\/wp-json\/wp\/v2\/product_cat?post=25511"},{"taxonomy":"product_tag","embeddable":true,"href":"https:\/\/printagram.com\/de\/wp-json\/wp\/v2\/product_tag?post=25511"}],"curies":[{"name":"wp","href":"https:\/\/api.w.org\/{rel}","templated":true}]}}