{"id":25467,"date":"2023-05-11T14:59:26","date_gmt":"2023-05-11T12:59:26","guid":{"rendered":"https:\/\/printagram.com\/produkt\/zawieszka-blackgold-czarny-hot-stamping-letterpress-3010-czarny-urok-szafy-copy\/"},"modified":"2025-02-13T18:02:22","modified_gmt":"2025-02-13T17:02:22","slug":"zawieszki-weselne-zlocenie-wypukle-folia-soft-touch-5004-zawieszone-w-procentach","status":"publish","type":"product","link":"https:\/\/printagram.com\/de\/produkt\/etichete-hochzeitsfeier-soft-touch-bogen-5004-streuung-in-prozent\/","title":{"rendered":"Vergoldete Anh\u00e4nger \"In Prozenten aufgeh\u00e4ngt\" #5004"},"content":{"rendered":"<p>Visitenkarten mit einem metallischen, konvexen Effekt. Die Ber\u00fchrung einer solchen Visitenkarte vermittelt den Eindruck von massivem, fl\u00fcssigem Metall. Die leuchtenden Metallic-Farben reflektieren das Licht deutlich und vermitteln schon aus der Ferne den Eindruck von Ausstrahlung und Einzigartigkeit.<\/p>","protected":false},"excerpt":{"rendered":"<p>Anh\u00e4nger im Format 8\u00d78 cm auf 350 g Standardpapier, vollfarbig, soft-touch laminiert (angenehm zu ber\u00fchren). Metallic-Relieffolie auf der Vorderseite in der von Ihnen gew\u00e4hlten Farbe. Optional metallische Relieffolie auch auf der R\u00fcckseite. Locher mit beliebigem Durchmesser.<\/p>","protected":false},"featured_media":25963,"template":"","meta":{"_seopress_robots_primary_cat":"none","_seopress_titles_title":"","_seopress_titles_desc":"","_seopress_robots_index":""},"product_brand":[],"product_cat":[289],"product_tag":[434,449,446,445],"class_list":{"0":"post-25467","1":"product","2":"type-product","3":"status-publish","4":"has-post-thumbnail","6":"product_cat-metki-zawieszki","7":"product_tag-metallic-3d-zlocenie","8":"product_tag-produkcja","9":"product_tag-promowanie","10":"product_tag-sprzedaz-handel","12":"first","13":"instock","14":"taxable","15":"shipping-taxable","16":"purchasable","17":"product-type-simple"},"_links":{"self":[{"href":"https:\/\/printagram.com\/de\/wp-json\/wp\/v2\/product\/25467","targetHints":{"allow":["GET"]}}],"collection":[{"href":"https:\/\/printagram.com\/de\/wp-json\/wp\/v2\/product"}],"about":[{"href":"https:\/\/printagram.com\/de\/wp-json\/wp\/v2\/types\/product"}],"wp:featuredmedia":[{"embeddable":true,"href":"https:\/\/printagram.com\/de\/wp-json\/wp\/v2\/media\/25963"}],"wp:attachment":[{"href":"https:\/\/printagram.com\/de\/wp-json\/wp\/v2\/media?parent=25467"}],"wp:term":[{"taxonomy":"product_brand","embeddable":true,"href":"https:\/\/printagram.com\/de\/wp-json\/wp\/v2\/product_brand?post=25467"},{"taxonomy":"product_cat","embeddable":true,"href":"https:\/\/printagram.com\/de\/wp-json\/wp\/v2\/product_cat?post=25467"},{"taxonomy":"product_tag","embeddable":true,"href":"https:\/\/printagram.com\/de\/wp-json\/wp\/v2\/product_tag?post=25467"}],"curies":[{"name":"wp","href":"https:\/\/api.w.org\/{rel}","templated":true}]}}