{"id":25020,"date":"2023-05-08T11:45:13","date_gmt":"2023-05-08T09:45:13","guid":{"rendered":"https:\/\/printagram.com\/?post_type=product&#038;p=25020"},"modified":"2025-01-26T19:39:31","modified_gmt":"2025-01-26T18:39:31","slug":"konfigurator-certyfikaty-dyplomy-zlocone-lakier-uv","status":"publish","type":"product","link":"https:\/\/printagram.com\/de\/produkt\/konfigurator-zertifikate-diplome-golderhabener-spot-uv-lack\/","title":{"rendered":"Configurator - Vergoldete Zertifikate + UV-Lack"},"content":{"rendered":"<p>Diplomurkunden mit Metallrelief-Effekt und UV-Lackierung. Wenn man dieses Produkt ber\u00fchrt, hat man den Eindruck von erstarrtem Fl\u00fcssigmetall. Die leuchtenden Metallic-Farben reflektieren das Licht deutlich und vermitteln schon aus der Ferne den Eindruck von Vorspr\u00fcngen und Einzigartigkeit.<br \/>\nUV-Lack verleiht den hervorgehobenen Elementen Glanz. Mit ihm \u00fcberzogene Objekte wirken wie mit dicker, plastischer, gl\u00e4nzender Farbe \"gemalt\". Reflektierende Lichtstrahlen betonen die W\u00f6lbung, die leicht zu sp\u00fcren ist. Bei Ber\u00fchrung kontrastiert die Gl\u00e4tte und Gl\u00e4tte des UV-Lacks mit der samtig weichen\" Oberfl\u00e4che des mit Softtouch-Folie \u00fcberzogenen Papiers.<\n\n<h5>Konvexe Vergoldung<\/h5>\n<p><em>Metallische konvexe Folie<\/em>. Bei dieser Technik handelt es sich um das matrixfreie Aufbringen von metallisierten Folien. Mit sehr starken Druckwalzen wird sie auf der gesamten Oberfl\u00e4che angebracht. Die metallisierte Folie haftet nur auf dem konvexen Spezialmaterial, wodurch der sch\u00f6ne Effekt einer dicken konvexen Schicht aus Gold, Silber oder einer anderen Farbe entsteht. Mehr \u00fcber diese Technik erfahren Sie in <a href=\"https:\/\/printagram.com\/de\/konvexe-vergoldung\/\">Artikel \u00fcber Reliefvergoldung<\/a>.<\/p>\n\n<h5>UV-selektive Lackierung<\/h5>\n<p>Lack, der auf eine matte Oberfl\u00e4che aufgetragen wird, bringt ausgew\u00e4hlte Elemente wie Logos, Grafiken, Namen usw. zum Gl\u00e4nzen und hebt sie sch\u00f6n hervor. Es ist auch m\u00f6glich, neue grafische Elemente zu erstellen, die aus dem richtigen Winkel sichtbar sind und das Design bereichern. So k\u00f6nnen lackierte Hintergr\u00fcnde, \"Wasserzeichen\", Muster, Texturen usw. verwendet werden. Mehr \u00fcber die Technik selbst erfahren Sie in <a href=\"https:\/\/printagram.com\/de\/punktueller-uv-lack\/\">Artikel \u00fcber UV-Lackierung<\/a>.<\/p>\n\n\n<\/p>","protected":false},"excerpt":{"rendered":"<p>Urkunden und Diplome mit Goldpr\u00e4gung und UV-Lackierung - alle Optionen.<\/p>","protected":false},"featured_media":34095,"template":"","meta":{"_seopress_robots_primary_cat":"none","_seopress_titles_title":"","_seopress_titles_desc":"","_seopress_robots_index":""},"product_brand":[],"product_cat":[425],"product_tag":[447,448,437,434],"class_list":{"0":"post-25020","1":"product","2":"type-product","3":"status-publish","4":"has-post-thumbnail","6":"product_cat-certyfikaty-dyplomy","7":"product_tag-eventy","8":"product_tag-konferencje-kursy-szkolenia","9":"product_tag-lakier-uv-selektywny","10":"product_tag-metallic-3d-zlocenie","12":"first","13":"instock","14":"taxable","15":"shipping-taxable","16":"purchasable","17":"product-type-simple"},"_links":{"self":[{"href":"https:\/\/printagram.com\/de\/wp-json\/wp\/v2\/product\/25020","targetHints":{"allow":["GET"]}}],"collection":[{"href":"https:\/\/printagram.com\/de\/wp-json\/wp\/v2\/product"}],"about":[{"href":"https:\/\/printagram.com\/de\/wp-json\/wp\/v2\/types\/product"}],"wp:featuredmedia":[{"embeddable":true,"href":"https:\/\/printagram.com\/de\/wp-json\/wp\/v2\/media\/34095"}],"wp:attachment":[{"href":"https:\/\/printagram.com\/de\/wp-json\/wp\/v2\/media?parent=25020"}],"wp:term":[{"taxonomy":"product_brand","embeddable":true,"href":"https:\/\/printagram.com\/de\/wp-json\/wp\/v2\/product_brand?post=25020"},{"taxonomy":"product_cat","embeddable":true,"href":"https:\/\/printagram.com\/de\/wp-json\/wp\/v2\/product_cat?post=25020"},{"taxonomy":"product_tag","embeddable":true,"href":"https:\/\/printagram.com\/de\/wp-json\/wp\/v2\/product_tag?post=25020"}],"curies":[{"name":"wp","href":"https:\/\/api.w.org\/{rel}","templated":true}]}}