{"id":24994,"date":"2023-05-08T09:52:12","date_gmt":"2023-05-08T07:52:12","guid":{"rendered":"https:\/\/printagram.com\/?post_type=product&#038;p=24994"},"modified":"2026-01-12T13:07:45","modified_gmt":"2026-01-12T12:07:45","slug":"certyfikaty-zlote-wypukle-zlociste-dowody-wiedzy-kosmetycznej-4003","status":"publish","type":"product","link":"https:\/\/printagram.com\/de\/produkt\/zertifikate-diplome-golderhabener-goldener-beweis-der-schonheit-wissen-4003\/","title":{"rendered":"Goldkonvexe Zertifikate \"Goldener Beweis f\u00fcr kosmetisches Wissen\" #4003"},"content":{"rendered":"<p>Diplomurkunden mit Metallrelief-Effekt und UV-Lackierung. Wenn man dieses Produkt ber\u00fchrt, hat man den Eindruck von erstarrtem Fl\u00fcssigmetall. Die leuchtenden Metallic-Farben reflektieren das Licht deutlich und vermitteln schon aus der Ferne den Eindruck von Vorspr\u00fcngen und Einzigartigkeit.<\/p>\n<p class=\"szukasz\"><strong>Suchen Sie nach anderen Optionen?<\/strong> Wenn Sie m\u00f6chten, k\u00f6nnen Sie Zertifikate oder Diplome dieses Typs mit allen m\u00f6glichen Optionen konfigurieren, indem Sie die <a href=\"https:\/\/printagram.com\/de\/produkt\/konfigurator-zertifikate-diplome-golderhabener-spot-uv-lack\/\">Konfigurator f\u00fcr vergoldete und UV-lackierte Zertifikate und Diplome<\/a><\/p>\n<h5>Konvexe Vergoldung<\/h5>\n<p><em>Metallische konvexe Folie<\/em>. Bei dieser Technik handelt es sich um das matrixfreie Aufbringen von metallisierten Folien. Mit sehr starken Druckwalzen wird sie auf der gesamten Oberfl\u00e4che angebracht. Die metallisierte Folie haftet nur auf dem konvexen Spezialmaterial, wodurch der sch\u00f6ne Effekt einer dicken konvexen Schicht aus Gold, Silber oder einer anderen Farbe entsteht. Mehr \u00fcber diese Technik erfahren Sie in <a href=\"https:\/\/printagram.com\/de\/konvexe-vergoldung\/\">Artikel \u00fcber Reliefvergoldung<\/a>.<\/p>","protected":false},"excerpt":{"rendered":"<p>Diplomurkunden A4, Gewicht 350, vollfarbig, Soft-Touch-laminiert (f\u00fchlt sich gut an). Metallische Relieffolie auf der Vorderseite in der von Ihnen gew\u00e4hlten Farbe.<\/p>","protected":false},"featured_media":34089,"template":"","meta":{"_seopress_robots_primary_cat":"none","_seopress_titles_title":"","_seopress_titles_desc":"","_seopress_robots_index":""},"product_brand":[],"product_cat":[425],"product_tag":[447,448,434],"class_list":{"0":"post-24994","1":"product","2":"type-product","3":"status-publish","4":"has-post-thumbnail","6":"product_cat-certyfikaty-dyplomy","7":"product_tag-eventy","8":"product_tag-konferencje-kursy-szkolenia","9":"product_tag-metallic-3d-zlocenie","11":"first","12":"instock","13":"taxable","14":"shipping-taxable","15":"purchasable","16":"product-type-simple"},"_links":{"self":[{"href":"https:\/\/printagram.com\/de\/wp-json\/wp\/v2\/product\/24994","targetHints":{"allow":["GET"]}}],"collection":[{"href":"https:\/\/printagram.com\/de\/wp-json\/wp\/v2\/product"}],"about":[{"href":"https:\/\/printagram.com\/de\/wp-json\/wp\/v2\/types\/product"}],"wp:featuredmedia":[{"embeddable":true,"href":"https:\/\/printagram.com\/de\/wp-json\/wp\/v2\/media\/34089"}],"wp:attachment":[{"href":"https:\/\/printagram.com\/de\/wp-json\/wp\/v2\/media?parent=24994"}],"wp:term":[{"taxonomy":"product_brand","embeddable":true,"href":"https:\/\/printagram.com\/de\/wp-json\/wp\/v2\/product_brand?post=24994"},{"taxonomy":"product_cat","embeddable":true,"href":"https:\/\/printagram.com\/de\/wp-json\/wp\/v2\/product_cat?post=24994"},{"taxonomy":"product_tag","embeddable":true,"href":"https:\/\/printagram.com\/de\/wp-json\/wp\/v2\/product_tag?post=24994"}],"curies":[{"name":"wp","href":"https:\/\/api.w.org\/{rel}","templated":true}]}}