{"id":24921,"date":"2023-05-06T22:21:57","date_gmt":"2023-05-06T20:21:57","guid":{"rendered":"https:\/\/printagram.com\/?post_type=product&#038;p=24921"},"modified":"2026-01-29T16:18:29","modified_gmt":"2026-01-29T15:18:29","slug":"wizytowki-lakier-uv-wypukly-kreatywna-pszczola-1018","status":"publish","type":"product","link":"https:\/\/printagram.com\/de\/produkt\/visitenkarte-lackiert-uv-konvex-kreativ-biene-1018\/","title":{"rendered":"Visitenkarten UV-Konvex-Lack \"Kreative Biene\" #1018"},"content":{"rendered":"<p>Vollfarbige Visitenkarten mit Designelementen, die mit einem gepr\u00e4gten transparenten Lack \u00fcberzogen sind. Der UV-Lack verleiht den hervorgehobenen Elementen auf der Visitenkarte (z. B. dem Logo) einen Glanz. Die beschichteten Objekte wirken wie mit dicker, plastischer, gl\u00e4nzender Farbe \"gemalt\". Die zur\u00fcckreflektierten Lichtstrahlen betonen das Relief, das leicht zu sp\u00fcren ist. Bei der Ber\u00fchrung kontrastiert die Gl\u00e4tte und Gl\u00e4tte des UV-Lacks mit der samtig-weichen\" Oberfl\u00e4che des mit Softtouch-Folie \u00fcberzogenen Papiers.<\/p>\n<p class=\"szukasz\"><strong>Suchen Sie nach anderen Optionen?<\/strong> Wenn Sie m\u00f6chten, k\u00f6nnen Sie Ihre eigenen Visitenkarten dieses Typs mit allen m\u00f6glichen Optionen konfigurieren, indem Sie die <a href=\"https:\/\/printagram.com\/de\/produkt\/konfigurator-visitenkarten-varnish-uv-konvex\/\">Konfigurator f\u00fcr UV-gepr\u00e4gte Visitenkarten<\/a><\/p>\n<h5>UV-selektive Lackierung<\/h5>\n<p>Lack, der auf eine matte Oberfl\u00e4che aufgetragen wird, bringt ausgew\u00e4hlte Elemente wie Logos, Grafiken, Namen usw. zum Gl\u00e4nzen und hebt sie sch\u00f6n hervor. Es ist auch m\u00f6glich, neue grafische Elemente zu erstellen, die aus dem richtigen Winkel sichtbar sind und das Design bereichern. So k\u00f6nnen lackierte Hintergr\u00fcnde, \"Wasserzeichen\", Muster, Texturen usw. verwendet werden. Mehr \u00fcber die Technik selbst erfahren Sie in <a href=\"https:\/\/printagram.com\/de\/punktueller-uv-lack\/\">Artikel \u00fcber UV-Lackierung<\/a>.<\/p>","protected":false},"excerpt":{"rendered":"<p>350 Visitenkarten, vollfarbig, mit Soft-Touch-Laminat (f\u00fchlt sich gut an). Auf der Vorderseite <em><strong>UV-Konvex-Lack<\/strong><\/em>.<\/p>","protected":false},"featured_media":24485,"template":"","meta":{"_seopress_robots_primary_cat":"","_seopress_titles_title":"","_seopress_titles_desc":"","_seopress_robots_index":""},"product_brand":[],"product_cat":[412],"product_tag":[444,448,437,446],"class_list":{"0":"post-24921","1":"product","2":"type-product","3":"status-publish","4":"has-post-thumbnail","6":"product_cat-wizytowki-lakier-uv","7":"product_tag-firma-biuro","8":"product_tag-konferencje-kursy-szkolenia","9":"product_tag-lakier-uv-selektywny","10":"product_tag-promowanie","12":"first","13":"instock","14":"taxable","15":"shipping-taxable","16":"purchasable","17":"product-type-simple"},"_links":{"self":[{"href":"https:\/\/printagram.com\/de\/wp-json\/wp\/v2\/product\/24921","targetHints":{"allow":["GET"]}}],"collection":[{"href":"https:\/\/printagram.com\/de\/wp-json\/wp\/v2\/product"}],"about":[{"href":"https:\/\/printagram.com\/de\/wp-json\/wp\/v2\/types\/product"}],"wp:featuredmedia":[{"embeddable":true,"href":"https:\/\/printagram.com\/de\/wp-json\/wp\/v2\/media\/24485"}],"wp:attachment":[{"href":"https:\/\/printagram.com\/de\/wp-json\/wp\/v2\/media?parent=24921"}],"wp:term":[{"taxonomy":"product_brand","embeddable":true,"href":"https:\/\/printagram.com\/de\/wp-json\/wp\/v2\/product_brand?post=24921"},{"taxonomy":"product_cat","embeddable":true,"href":"https:\/\/printagram.com\/de\/wp-json\/wp\/v2\/product_cat?post=24921"},{"taxonomy":"product_tag","embeddable":true,"href":"https:\/\/printagram.com\/de\/wp-json\/wp\/v2\/product_tag?post=24921"}],"curies":[{"name":"wp","href":"https:\/\/api.w.org\/{rel}","templated":true}]}}