{"id":24732,"date":"2023-04-28T12:19:41","date_gmt":"2023-04-28T10:19:41","guid":{"rendered":"https:\/\/printagram.com\/?post_type=product&#038;p=24732"},"modified":"2024-09-09T14:26:57","modified_gmt":"2024-09-09T12:26:57","slug":"wizytowki-plastikowe-grube-sztywne","status":"publish","type":"product","link":"https:\/\/printagram.com\/de\/produkt\/visitenkarten-plastik-dick-steif\/","title":{"rendered":"Visitenkarten Plastikkarten dick steif"},"content":{"rendered":"<p>Plastikkarten nach der Spezifikation ISO 7810 - eine Spezifikation, die die Parameter der g\u00e4ngigen Zahlungs- und Kreditkarten definiert. Offsetdruck - h\u00f6chste Druckqualit\u00e4t. Abmessungen nach ISO 7810 (85,72 x 54,03 x 0,76 mm), abgerundete Ecken, beidseitiger Vollfarbdruck. Laminiert mit einem speziellen Hartglanzlaminat. Ideal als Zahlungskarten, Bankkarten, Kundenkarten, Clubkarten, Rabattkarten, Geschenkkarten, Treuekarten usw. Sehr breite Palette von Veredelungs- und Personalisierungsm\u00f6glichkeiten:<\/p>\n<ul>\n<li>Nummerierung und Strichkodierung<\/li>\n<li>Magnetstreifen und Datenkodierung<\/li>\n<li>elektronische Chips + Datenkodierung<\/li>\n<li>Pr\u00e4gung von Zahlen und Buchstaben<\/li>\n<li>Unterschriftenstreifen<\/li>\n<li>Grundierung mit metallisierter Farbe,<\/li>\n<li>Hei\u00dfpr\u00e4gen, Hologramme<\/li>\n<\/ul>","protected":false},"excerpt":{"rendered":"<p>Visitenkarten - dicke Plastikkarten mit den Spezifikationen einer Kreditkarte. Offsetdruck - hervorragende Druckqualit\u00e4t und Haltbarkeit.<\/p>","protected":false},"featured_media":28651,"template":"","meta":{"_seopress_robots_primary_cat":"","_seopress_titles_title":"","_seopress_titles_desc":"","_seopress_robots_index":""},"product_brand":[],"product_cat":[416],"product_tag":[444,448,446],"class_list":{"0":"post-24732","1":"product","2":"type-product","3":"status-publish","4":"has-post-thumbnail","6":"product_cat-wizytowki-plastikowe","7":"product_tag-firma-biuro","8":"product_tag-konferencje-kursy-szkolenia","9":"product_tag-promowanie","11":"first","12":"instock","13":"taxable","14":"shipping-taxable","15":"purchasable","16":"product-type-simple"},"_links":{"self":[{"href":"https:\/\/printagram.com\/de\/wp-json\/wp\/v2\/product\/24732","targetHints":{"allow":["GET"]}}],"collection":[{"href":"https:\/\/printagram.com\/de\/wp-json\/wp\/v2\/product"}],"about":[{"href":"https:\/\/printagram.com\/de\/wp-json\/wp\/v2\/types\/product"}],"wp:featuredmedia":[{"embeddable":true,"href":"https:\/\/printagram.com\/de\/wp-json\/wp\/v2\/media\/28651"}],"wp:attachment":[{"href":"https:\/\/printagram.com\/de\/wp-json\/wp\/v2\/media?parent=24732"}],"wp:term":[{"taxonomy":"product_brand","embeddable":true,"href":"https:\/\/printagram.com\/de\/wp-json\/wp\/v2\/product_brand?post=24732"},{"taxonomy":"product_cat","embeddable":true,"href":"https:\/\/printagram.com\/de\/wp-json\/wp\/v2\/product_cat?post=24732"},{"taxonomy":"product_tag","embeddable":true,"href":"https:\/\/printagram.com\/de\/wp-json\/wp\/v2\/product_tag?post=24732"}],"curies":[{"name":"wp","href":"https:\/\/api.w.org\/{rel}","templated":true}]}}