{"id":24728,"date":"2023-04-28T12:14:10","date_gmt":"2023-04-28T10:14:10","guid":{"rendered":"https:\/\/printagram.com\/?post_type=product&#038;p=24728"},"modified":"2026-02-12T13:28:39","modified_gmt":"2026-02-12T12:28:39","slug":"wizytowki-plastikowe-przezroczyste","status":"publish","type":"product","link":"https:\/\/printagram.com\/de\/produkt\/visitenkarten-plastik-transparent\/","title":{"rendered":"Transparente Plastik-Visitenkarten"},"content":{"rendered":"<p>Wir drucken 0,8 mm dicke Plastikkarten auf PP-Kunststoff, durchscheinend mit Textur. Druck mit UV-h\u00e4rtenden Pigmenten, einseitiger Vollfarbdruck und optionaler Wei\u00dfdruck. Transparente Plastik-Visitenkarten zeichnen sich durch au\u00dfergew\u00f6hnliche Haltbarkeit und Steifigkeit aus, vergleichbar mit einer Kreditkarte. Abmessungen 85\u00d754 mm, abgerundete Ecken. Hervorragend geeignet f\u00fcr Visitenkarten, Treuekarten, Clubkarten, Rabattkarten, Kundenkarten usw.<\/p>\n<p class=\"woocommerce-error\">ACHTUNG: Wir raten davon ab, den Druck bis zum Rand zu gestalten, da der UV-Lack sehr hart ist und die Stanze ihn beim Abrunden der Ecken abschl\u00e4gt.<br \/>\naus der Karte \"herauskommen\". Wir empfehlen, einen Rand von 3 mm um die Kante einzuhalten. Aufgrund einer m\u00f6glichen Stanztoleranz von 1-2 mm empfehlen wir nicht, einen Rahmen zu entwerfen.<\/p>","protected":false},"excerpt":{"rendered":"<p>Halbtransparente 0,8 mm starke Plastikkarten auf PP (Polypropylen) ViPrint transparent. Raue Oberfl\u00e4che mit einer feinen Sandstruktur. Bescheinigungen: Spielzeugnorm EN 71\/3; 94\/62 Richtlinie: RoHS - DEEE Richtlinie, REACH, EU N\u00b010\/2011 Richtlinie.<\/p>","protected":false},"featured_media":28653,"template":"","meta":{"_seopress_robots_primary_cat":"none","_seopress_titles_title":"","_seopress_titles_desc":"","_seopress_robots_index":""},"product_brand":[],"product_cat":[416],"product_tag":[444,448,446],"class_list":{"0":"post-24728","1":"product","2":"type-product","3":"status-publish","4":"has-post-thumbnail","6":"product_cat-wizytowki-plastikowe","7":"product_tag-firma-biuro","8":"product_tag-konferencje-kursy-szkolenia","9":"product_tag-promowanie","11":"first","12":"instock","13":"taxable","14":"shipping-taxable","15":"purchasable","16":"product-type-simple"},"_links":{"self":[{"href":"https:\/\/printagram.com\/de\/wp-json\/wp\/v2\/product\/24728","targetHints":{"allow":["GET"]}}],"collection":[{"href":"https:\/\/printagram.com\/de\/wp-json\/wp\/v2\/product"}],"about":[{"href":"https:\/\/printagram.com\/de\/wp-json\/wp\/v2\/types\/product"}],"wp:featuredmedia":[{"embeddable":true,"href":"https:\/\/printagram.com\/de\/wp-json\/wp\/v2\/media\/28653"}],"wp:attachment":[{"href":"https:\/\/printagram.com\/de\/wp-json\/wp\/v2\/media?parent=24728"}],"wp:term":[{"taxonomy":"product_brand","embeddable":true,"href":"https:\/\/printagram.com\/de\/wp-json\/wp\/v2\/product_brand?post=24728"},{"taxonomy":"product_cat","embeddable":true,"href":"https:\/\/printagram.com\/de\/wp-json\/wp\/v2\/product_cat?post=24728"},{"taxonomy":"product_tag","embeddable":true,"href":"https:\/\/printagram.com\/de\/wp-json\/wp\/v2\/product_tag?post=24728"}],"curies":[{"name":"wp","href":"https:\/\/api.w.org\/{rel}","templated":true}]}}