{"id":24722,"date":"2023-04-28T12:01:55","date_gmt":"2023-04-28T10:01:55","guid":{"rendered":"https:\/\/printagram.com\/?post_type=product&#038;p=24722"},"modified":"2025-01-26T20:24:56","modified_gmt":"2025-01-26T19:24:56","slug":"wizytowki-tloczone-kaligraficzne-skarby-z-artystycznym-bazgrolem-1014","status":"publish","type":"product","link":"https:\/\/printagram.com\/de\/produkt\/visitenkarte-gepragt-kaligraphische-schatze-mit-kunstlerischem-aufdruck-1014\/","title":{"rendered":"Gepr\u00e4gte Visitenkarten \"Kalligraphische Sch\u00e4tze mit k\u00fcnstlerischem Gekritzel\" #1014"},"content":{"rendered":"<p><strong><i>Hei\u00dfpr\u00e4gen<\/i><\/strong> ist eine hei\u00dfgepr\u00e4gte Folie, die sich perfekt von der Oberfl\u00e4che der Visitenkarte abhebt und einen attraktiven visuellen Effekt erzeugt.<br \/>\n<strong><i>Pr\u00e4gung<\/i><\/strong> ist die Hervorhebung eines beliebigen Elements mit einer individuell erstellten Matrix. Dies kann ein Logo, ein Text, ein Ornament usw. sein.<br \/>\n<p>Weitere Informationen finden Sie auf der Seite \u00fcber <a href=\"\/de\/category\/technologie\/\">Druck- und Veredelungstechniken<\/a>.<\/p>\n<p class=\"szukasz\"><strong>Suchen Sie etwas anderes?<\/strong> Wenn Sie m\u00f6chten, k\u00f6nnen Sie Ihre eigenen Visitenkarten mit allen m\u00f6glichen Optionen und beliebigen Papieren konfigurieren, indem Sie die <a href=\"https:\/\/printagram.com\/de\/produkt\/exklusive-visitenkarten-konfigurator\/\">exklusiver Visitenkarten-Konfigurator<\/a>.<\/p>\n<\/p>","protected":false},"excerpt":{"rendered":"<p>Konvex gepr\u00e4gte Visitenkarten (W\u00f6lbung auf der R\u00fcckseite sichtbar) auf wei\u00dfem 300 g\/m2 Baumwollpapier. Hei\u00dfpr\u00e4gung auf einer Seite. Optionaler Aufdruck auf der R\u00fcckseite.<\/p>","protected":false},"featured_media":24056,"template":"","meta":{"_seopress_robots_primary_cat":"none","_seopress_titles_title":"","_seopress_titles_desc":"","_seopress_robots_index":""},"product_brand":[],"product_cat":[413,414],"product_tag":[444,438,448,446,443,440],"class_list":{"0":"post-24722","1":"product","2":"type-product","3":"status-publish","4":"has-post-thumbnail","6":"product_cat-wizytowki-hot-stamping","7":"product_cat-wizytowki-tloczone","8":"product_tag-firma-biuro","9":"product_tag-hot-stamping","10":"product_tag-konferencje-kursy-szkolenia","11":"product_tag-promowanie","12":"product_tag-sitodruk","13":"product_tag-tloczenie-wypukle","15":"first","16":"instock","17":"taxable","18":"shipping-taxable","19":"purchasable","20":"product-type-simple"},"_links":{"self":[{"href":"https:\/\/printagram.com\/de\/wp-json\/wp\/v2\/product\/24722","targetHints":{"allow":["GET"]}}],"collection":[{"href":"https:\/\/printagram.com\/de\/wp-json\/wp\/v2\/product"}],"about":[{"href":"https:\/\/printagram.com\/de\/wp-json\/wp\/v2\/types\/product"}],"wp:featuredmedia":[{"embeddable":true,"href":"https:\/\/printagram.com\/de\/wp-json\/wp\/v2\/media\/24056"}],"wp:attachment":[{"href":"https:\/\/printagram.com\/de\/wp-json\/wp\/v2\/media?parent=24722"}],"wp:term":[{"taxonomy":"product_brand","embeddable":true,"href":"https:\/\/printagram.com\/de\/wp-json\/wp\/v2\/product_brand?post=24722"},{"taxonomy":"product_cat","embeddable":true,"href":"https:\/\/printagram.com\/de\/wp-json\/wp\/v2\/product_cat?post=24722"},{"taxonomy":"product_tag","embeddable":true,"href":"https:\/\/printagram.com\/de\/wp-json\/wp\/v2\/product_tag?post=24722"}],"curies":[{"name":"wp","href":"https:\/\/api.w.org\/{rel}","templated":true}]}}