{"id":24705,"date":"2023-04-28T11:34:18","date_gmt":"2023-04-28T09:34:18","guid":{"rendered":"https:\/\/printagram.com\/?post_type=product&#038;p=24705"},"modified":"2025-11-26T17:56:02","modified_gmt":"2025-11-26T16:56:02","slug":"konfigurator-wizytowki-zlocone-i-lakier-uv","status":"publish","type":"product","link":"https:\/\/printagram.com\/de\/produkt\/configurator-visitenkarten-gold-und-lack-uv\/","title":{"rendered":"Konfigurator - Visitenkarten vergoldet + UV-Lackierung"},"content":{"rendered":"<p>Visitenkarten mit einem metallischen, konvexen Effekt. Die Ber\u00fchrung einer solchen Visitenkarte vermittelt den Eindruck von massivem, fl\u00fcssigem Metall. Die leuchtenden Metallic-Farben reflektieren das Licht deutlich und vermitteln schon aus der Ferne den Eindruck von Ausstrahlung und Einzigartigkeit.<br \/>\nVollfarbige Visitenkarten mit Designelementen, die mit einem gepr\u00e4gten transparenten Lack \u00fcberzogen sind. Der UV-Lack verleiht den hervorgehobenen Elementen auf der Visitenkarte (z. B. dem Logo) einen Glanz. Die beschichteten Objekte wirken wie mit dicker, plastischer, gl\u00e4nzender Farbe \"gemalt\". Die zur\u00fcckreflektierten Lichtstrahlen betonen das Relief, das leicht zu sp\u00fcren ist. Bei der Ber\u00fchrung kontrastiert die Gl\u00e4tte und Gl\u00e4tte des UV-Lacks mit der samtig-weichen\" Oberfl\u00e4che des mit Softtouch-Folie \u00fcberzogenen Papiers.<br \/>\n<h5>UV-selektive Lackierung<\/h5>\n<p>Lack, der auf eine matte Oberfl\u00e4che aufgetragen wird, bringt ausgew\u00e4hlte Elemente wie Logos, Grafiken, Namen usw. zum Gl\u00e4nzen und hebt sie sch\u00f6n hervor. Es ist auch m\u00f6glich, neue grafische Elemente zu erstellen, die aus dem richtigen Winkel sichtbar sind und das Design bereichern. So k\u00f6nnen lackierte Hintergr\u00fcnde, \"Wasserzeichen\", Muster, Texturen usw. verwendet werden. Mehr \u00fcber die Technik selbst erfahren Sie in <a href=\"https:\/\/printagram.com\/de\/punktueller-uv-lack\/\">Artikel \u00fcber UV-Lackierung<\/a>.<\/p>\n<br \/>\n<h5>Konvexe Vergoldung<\/h5>\n<p><em>Metallische konvexe Folie<\/em>. Bei dieser Technik handelt es sich um das matrixfreie Aufbringen von metallisierten Folien. Mit sehr starken Druckwalzen wird sie auf der gesamten Oberfl\u00e4che angebracht. Die metallisierte Folie haftet nur auf dem konvexen Spezialmaterial, wodurch der sch\u00f6ne Effekt einer dicken konvexen Schicht aus Gold, Silber oder einer anderen Farbe entsteht. Mehr \u00fcber diese Technik erfahren Sie in <a href=\"https:\/\/printagram.com\/de\/konvexe-vergoldung\/\">Artikel \u00fcber Reliefvergoldung<\/a>.<\/p>\n<\/p>","protected":false},"excerpt":{"rendered":"<p>Ein Konfigurator f\u00fcr vergoldete und UV-lackierte Visitenkarten, bei dem alle verf\u00fcgbaren Optionen eingestellt werden k\u00f6nnen.<br \/>\n1- oder 2-seitiger Druck mit Soft-Touch- (angenehm zu ber\u00fchren) oder Standard-Mattlaminierung. Metallische Relieffolie in ausgew\u00e4hlten Farben und UV-Lackierung auf ausgew\u00e4hlten Seiten. Personalisierung m\u00f6glich - z. B. Nummerierung oder Hinzuf\u00fcgen individueller Codes, Abrundung der Ecken und Stanzung. Papiergewicht 350 g\/m2<\/p>","protected":false},"featured_media":29032,"template":"","meta":{"_seopress_robots_primary_cat":"none","_seopress_titles_title":"","_seopress_titles_desc":"","_seopress_robots_index":""},"product_brand":[],"product_cat":[267],"product_tag":[444,448,437,434,446],"class_list":{"0":"post-24705","1":"product","2":"type-product","3":"status-publish","4":"has-post-thumbnail","6":"product_cat-wizytowki","7":"product_tag-firma-biuro","8":"product_tag-konferencje-kursy-szkolenia","9":"product_tag-lakier-uv-selektywny","10":"product_tag-metallic-3d-zlocenie","11":"product_tag-promowanie","12":"product_shipping_class-lekkie","14":"first","15":"instock","16":"taxable","17":"shipping-taxable","18":"purchasable","19":"product-type-simple"},"_links":{"self":[{"href":"https:\/\/printagram.com\/de\/wp-json\/wp\/v2\/product\/24705","targetHints":{"allow":["GET"]}}],"collection":[{"href":"https:\/\/printagram.com\/de\/wp-json\/wp\/v2\/product"}],"about":[{"href":"https:\/\/printagram.com\/de\/wp-json\/wp\/v2\/types\/product"}],"wp:featuredmedia":[{"embeddable":true,"href":"https:\/\/printagram.com\/de\/wp-json\/wp\/v2\/media\/29032"}],"wp:attachment":[{"href":"https:\/\/printagram.com\/de\/wp-json\/wp\/v2\/media?parent=24705"}],"wp:term":[{"taxonomy":"product_brand","embeddable":true,"href":"https:\/\/printagram.com\/de\/wp-json\/wp\/v2\/product_brand?post=24705"},{"taxonomy":"product_cat","embeddable":true,"href":"https:\/\/printagram.com\/de\/wp-json\/wp\/v2\/product_cat?post=24705"},{"taxonomy":"product_tag","embeddable":true,"href":"https:\/\/printagram.com\/de\/wp-json\/wp\/v2\/product_tag?post=24705"}],"curies":[{"name":"wp","href":"https:\/\/api.w.org\/{rel}","templated":true}]}}