{"id":24699,"date":"2023-04-28T11:23:31","date_gmt":"2023-04-28T09:23:31","guid":{"rendered":"https:\/\/printagram.com\/?post_type=product&#038;p=24699"},"modified":"2026-04-16T20:27:08","modified_gmt":"2026-04-16T18:27:08","slug":"konfigurator-wizytowki-lakier-uv-standard","status":"publish","type":"product","link":"https:\/\/printagram.com\/de\/produkt\/konfigurator-visitenkarten-lack-uv-standard\/","title":{"rendered":"Visitenkartenkonfigurator - UV-Lack Standard"},"content":{"rendered":"<p>Visitenkarten mit ausgew\u00e4hlten Elementen, \u00fcberzogen mit punktuell gl\u00e4nzendem Lack. Transparenter UV-Lack (Lack) wird mit UV-Strahlen (Ultraviolett) geh\u00e4rtet. Dank dieser Lackierung k\u00f6nnen einige Elemente des Designs akzentuiert und hervorgehoben werden \u2013 z. B. das gl\u00e4nzende Logo hervorgehoben \u2013 oder neue Elemente geschaffen werden, um das Aussehen Ihrer Visitenkarte zu erg\u00e4nzen und zu verbessern. Auf einer Standard- oder Soft-Touch-Mattfolie aufgetragener UV-Lack sticht hervor und kann zur Erstellung von Mustern, Texturen usw. verwendet werden.\nVisitenkarten mit Spot-UV-Lack reagieren aus verschiedenen Blickwinkeln und bei unterschiedlichen Lichtverh\u00e4ltnissen anders als eine flache, matte Oberfl\u00e4che und verleihen dem Kunstwerk \u201eLeben\u201c. Die mit Spot-UV-Lack bedeckten Fl\u00e4chen weisen eine haptisch sp\u00fcrbare Struktur auf.<\/p>\n<p>Aus verschiedenen Blickwinkeln und bei unterschiedlichen Lichtverh\u00e4ltnissen betrachtet, reagieren Visitenkarten mit konvexem UV-Lack anders als eine flache, matte Oberfl\u00e4che und bringen zus\u00e4tzliches \"Leben\" in das Design.<\/p>","protected":false},"excerpt":{"rendered":"<p>Visitenkartenkonfigurator mit Standard-UV-Lackierung - flach (nicht konvex). Druck auf 1 oder 2 Seiten, gew\u00e4hlte Art der Laminierung - soft-touch (angenehm zu ber\u00fchren) oder matt standard. Flache UV-Lackierung auf ausgew\u00e4hlten Seiten. Embossing, Eckenabrundung und Stanzung. Papiergewicht 350 g\/m2<\/p>","protected":false},"featured_media":29040,"template":"","meta":{"_seopress_robots_primary_cat":"none","_seopress_titles_title":"","_seopress_titles_desc":"","_seopress_robots_index":""},"product_brand":[],"product_cat":[412],"product_tag":[444,448,437,446],"class_list":{"0":"post-24699","1":"product","2":"type-product","3":"status-publish","4":"has-post-thumbnail","6":"product_cat-wizytowki-lakier-uv","7":"product_tag-firma-biuro","8":"product_tag-konferencje-kursy-szkolenia","9":"product_tag-lakier-uv-selektywny","10":"product_tag-promowanie","12":"first","13":"instock","14":"taxable","15":"shipping-taxable","16":"purchasable","17":"product-type-simple"},"_links":{"self":[{"href":"https:\/\/printagram.com\/de\/wp-json\/wp\/v2\/product\/24699","targetHints":{"allow":["GET"]}}],"collection":[{"href":"https:\/\/printagram.com\/de\/wp-json\/wp\/v2\/product"}],"about":[{"href":"https:\/\/printagram.com\/de\/wp-json\/wp\/v2\/types\/product"}],"wp:featuredmedia":[{"embeddable":true,"href":"https:\/\/printagram.com\/de\/wp-json\/wp\/v2\/media\/29040"}],"wp:attachment":[{"href":"https:\/\/printagram.com\/de\/wp-json\/wp\/v2\/media?parent=24699"}],"wp:term":[{"taxonomy":"product_brand","embeddable":true,"href":"https:\/\/printagram.com\/de\/wp-json\/wp\/v2\/product_brand?post=24699"},{"taxonomy":"product_cat","embeddable":true,"href":"https:\/\/printagram.com\/de\/wp-json\/wp\/v2\/product_cat?post=24699"},{"taxonomy":"product_tag","embeddable":true,"href":"https:\/\/printagram.com\/de\/wp-json\/wp\/v2\/product_tag?post=24699"}],"curies":[{"name":"wp","href":"https:\/\/api.w.org\/{rel}","templated":true}]}}