{"id":23811,"date":"2023-03-31T20:46:03","date_gmt":"2023-03-31T18:46:03","guid":{"rendered":"https:\/\/printagram.com\/produkt\/testowy-input-output-logic-copy-copy\/"},"modified":"2025-01-26T20:28:13","modified_gmt":"2025-01-26T19:28:13","slug":"wizytowka-hot-stamping-szybki-wsciekly-transport-1007","status":"publish","type":"product","link":"https:\/\/printagram.com\/de\/produkt\/visitenkarte-heispragen-schneller-transport-1007\/","title":{"rendered":"Visitenkarte mit Hei\u00dfpr\u00e4gung \"Fast and Furious Transport\" #1007"},"content":{"rendered":"<p><strong><i>Hei\u00dfpr\u00e4gen<\/i><\/strong> ist eine hei\u00dfgepr\u00e4gte Folie, die sich perfekt von der Oberfl\u00e4che der Visitenkarte abhebt und einen attraktiven visuellen Effekt erzeugt.<br \/>\n<p>Weitere Informationen finden Sie auf der Seite \u00fcber <a href=\"\/de\/category\/technologie\/\">Druck- und Veredelungstechniken<\/a>.<\/p>\n<p class=\"szukasz\"><strong>Suchen Sie etwas anderes?<\/strong> Wenn Sie m\u00f6chten, k\u00f6nnen Sie Ihre eigenen Visitenkarten mit allen m\u00f6glichen Optionen und beliebigen Papieren konfigurieren, indem Sie die <a href=\"https:\/\/printagram.com\/de\/produkt\/exklusive-visitenkarten-konfigurator\/\">exklusiver Visitenkarten-Konfigurator<\/a>.<\/p>\n<\/p>","protected":false},"excerpt":{"rendered":"<p>Visitenkarte 1-lagig auf beliebigem Papier. Hei\u00dfpr\u00e4gung in beliebiger Farbe auf der Vorderseite in ein oder zwei Farben. Optionaler Farbdruck in einer beliebigen Farbe auf der R\u00fcckseite.<\/p>","protected":false},"featured_media":21760,"template":"","meta":{"_seopress_robots_primary_cat":"","_seopress_titles_title":"","_seopress_titles_desc":"","_seopress_robots_index":""},"product_brand":[],"product_cat":[413],"product_tag":[444,438,448,446,443],"class_list":{"0":"post-23811","1":"product","2":"type-product","3":"status-publish","4":"has-post-thumbnail","6":"product_cat-wizytowki-hot-stamping","7":"product_tag-firma-biuro","8":"product_tag-hot-stamping","9":"product_tag-konferencje-kursy-szkolenia","10":"product_tag-promowanie","11":"product_tag-sitodruk","13":"first","14":"instock","15":"taxable","16":"shipping-taxable","17":"purchasable","18":"product-type-simple"},"_links":{"self":[{"href":"https:\/\/printagram.com\/de\/wp-json\/wp\/v2\/product\/23811","targetHints":{"allow":["GET"]}}],"collection":[{"href":"https:\/\/printagram.com\/de\/wp-json\/wp\/v2\/product"}],"about":[{"href":"https:\/\/printagram.com\/de\/wp-json\/wp\/v2\/types\/product"}],"wp:featuredmedia":[{"embeddable":true,"href":"https:\/\/printagram.com\/de\/wp-json\/wp\/v2\/media\/21760"}],"wp:attachment":[{"href":"https:\/\/printagram.com\/de\/wp-json\/wp\/v2\/media?parent=23811"}],"wp:term":[{"taxonomy":"product_brand","embeddable":true,"href":"https:\/\/printagram.com\/de\/wp-json\/wp\/v2\/product_brand?post=23811"},{"taxonomy":"product_cat","embeddable":true,"href":"https:\/\/printagram.com\/de\/wp-json\/wp\/v2\/product_cat?post=23811"},{"taxonomy":"product_tag","embeddable":true,"href":"https:\/\/printagram.com\/de\/wp-json\/wp\/v2\/product_tag?post=23811"}],"curies":[{"name":"wp","href":"https:\/\/api.w.org\/{rel}","templated":true}]}}